{"id":12802,"date":"2024-02-17T09:31:09","date_gmt":"2024-02-17T08:31:09","guid":{"rendered":"https:\/\/skrina.si\/?post_type=product&#038;p=12802"},"modified":"2024-09-19T18:39:00","modified_gmt":"2024-09-19T16:39:00","slug":"marjetica-eng","status":"publish","type":"product","link":"https:\/\/skrina.si\/en\/product\/marjetica-eng\/","title":{"rendered":"Daisy"},"content":{"rendered":"","protected":false},"excerpt":{"rendered":"<h5><strong><em>The daisy<\/em><\/strong> is one of the tiny meadow flowers whose loveliness earned it the early affection of poets and poetically inclined lovers. Many girls still secretly pick the white flowers and wonder: loves me, loves me not, loves me, loves me not&#8230; In antiquity, the daisy was a symbol of spring, of nature&#8217;s awakening in spring, and of the happiness that always captures people&#8217;s hearts again after a long winter. Daisies were the traditional floral decoration of Flora, the Roman goddess of spring and spring vegetation, and like many other flowers symbolizing love, they are also dedicated to the Greek Aphrodite and the Roman Venus.\u00a0 The shape of the flower, which resembles a ray of sunshine, is why the daisy was called <strong><em>&#8216;sponsa solis&#8217; &#8211; the bride of the sun<\/em><\/strong> &#8211; as early as the 13th century. It also earned this name because its flower opens only when the sun shines on it.<br \/>\nWhen the sun goes down, the flowers close again and await a new morning.<\/h5>\n<h6>Details:<\/h6>\n<ul>\n<li>\n<h6>Size: height 12\/13 cm, width 7\/8 cm<\/h6>\n<\/li>\n<li>\n<h6>Material: Ceramics<\/h6>\n<\/li>\n<li>\n<h6>In a gift bag with an attached certificate<\/h6>\n<\/li>\n<li>\n<h6>Designed with love for details<\/h6>\n<\/li>\n<li>\n<h6>An ideal gift for flower lovers and poppy fans<\/h6>\n<\/li>\n<\/ul>\n","protected":false},"featured_media":8122,"template":"","meta":{"_monsterinsights_skip_tracking":false,"_monsterinsights_sitenote_active":false,"_monsterinsights_sitenote_note":"","_monsterinsights_sitenote_category":0},"product_cat":[1623,1045],"product_tag":[1444],"aioseo_notices":[],"yoast_head":"<!-- This site is optimized with the Yoast SEO plugin v22.1 - https:\/\/yoast.com\/wordpress\/plugins\/seo\/ -->\n<title>Ro\u017ena vila Marjetica - Etnogalerija Skrina<\/title>\n<meta name=\"description\" content=\"Marjetica je bila v antiki simbol pomladi, pomladanskega prebujanja narave in sre\u010de, ki po dolgi zimi vedno znova prevzame \u010dlove\u0161ka srca.\" \/>\n<meta name=\"robots\" content=\"index, follow, max-snippet:-1, max-image-preview:large, max-video-preview:-1\" \/>\n<link rel=\"canonical\" href=\"https:\/\/skrina.si\/en\/product\/marjetica-eng\/\" \/>\n<meta property=\"og:locale\" content=\"en_GB\" \/>\n<meta property=\"og:locale:alternate\" content=\"sl_SI\" \/>\n<meta property=\"og:type\" content=\"article\" \/>\n<meta property=\"og:title\" content=\"Ro\u017ena vila Marjetica - Etnogalerija Skrina\" \/>\n<meta property=\"og:description\" content=\"Marjetica je bila v antiki simbol pomladi, pomladanskega prebujanja narave in sre\u010de, ki po dolgi zimi vedno znova prevzame \u010dlove\u0161ka srca.\" \/>\n<meta property=\"og:url\" content=\"https:\/\/skrina.si\/en\/product\/marjetica-eng\/\" \/>\n<meta property=\"og:site_name\" content=\"Etnogalerija Skrina\" \/>\n<meta property=\"article:modified_time\" content=\"2024-09-19T16:39:00+00:00\" \/>\n<meta property=\"og:image\" content=\"https:\/\/skrina.si\/wp-content\/uploads\/2022\/02\/Rozne-vile-marjetica-dekor-Slovenske-cvetlice-roze-Tradicija-s-posluhom-Etno-galerija-Skrina.jpg\" \/>\n\t<meta property=\"og:image:width\" content=\"1619\" \/>\n\t<meta property=\"og:image:height\" content=\"1213\" \/>\n\t<meta property=\"og:image:type\" content=\"image\/jpeg\" \/>\n<meta name=\"twitter:card\" content=\"summary_large_image\" \/>\n<meta name=\"twitter:label1\" content=\"Estimated reading time\" \/>\n\t<meta name=\"twitter:data1\" content=\"1 minute\" \/>\n<script type=\"application\/ld+json\" class=\"yoast-schema-graph\">{\"@context\":\"https:\/\/schema.org\",\"@graph\":[{\"@type\":\"WebPage\",\"@id\":\"https:\/\/skrina.si\/en\/product\/marjetica-eng\/\",\"url\":\"https:\/\/skrina.si\/en\/product\/marjetica-eng\/\",\"name\":\"Ro\u017ena vila Marjetica - Etnogalerija Skrina\",\"isPartOf\":{\"@id\":\"https:\/\/skrina.si\/en\/#website\"},\"datePublished\":\"2024-02-17T08:31:09+00:00\",\"dateModified\":\"2024-09-19T16:39:00+00:00\",\"description\":\"Marjetica je bila v antiki simbol pomladi, pomladanskega prebujanja narave in sre\u010de, ki po dolgi zimi vedno znova prevzame \u010dlove\u0161ka srca.\",\"breadcrumb\":{\"@id\":\"https:\/\/skrina.si\/en\/product\/marjetica-eng\/#breadcrumb\"},\"inLanguage\":\"en-GB\",\"potentialAction\":[{\"@type\":\"ReadAction\",\"target\":[\"https:\/\/skrina.si\/en\/product\/marjetica-eng\/\"]}]},{\"@type\":\"BreadcrumbList\",\"@id\":\"https:\/\/skrina.si\/en\/product\/marjetica-eng\/#breadcrumb\",\"itemListElement\":[{\"@type\":\"ListItem\",\"position\":1,\"name\":\"Home\",\"item\":\"https:\/\/skrina.si\/en\/\"},{\"@type\":\"ListItem\",\"position\":2,\"name\":\"Shop\",\"item\":\"https:\/\/skrina.si\/shop\/\"},{\"@type\":\"ListItem\",\"position\":3,\"name\":\"Daisy\"}]},{\"@type\":\"WebSite\",\"@id\":\"https:\/\/skrina.si\/en\/#website\",\"url\":\"https:\/\/skrina.si\/en\/\",\"name\":\"Etnogalerija Skrina\",\"description\":\"Tradicija s posluhom\",\"potentialAction\":[{\"@type\":\"SearchAction\",\"target\":{\"@type\":\"EntryPoint\",\"urlTemplate\":\"https:\/\/skrina.si\/en\/?s={search_term_string}\"},\"query-input\":\"required name=search_term_string\"}],\"inLanguage\":\"en-GB\"}]}<\/script>\n<!-- \/ Yoast SEO plugin. -->","yoast_head_json":{"title":"Ro\u017ena vila Marjetica - Etnogalerija Skrina","description":"Marjetica je bila v antiki simbol pomladi, pomladanskega prebujanja narave in sre\u010de, ki po dolgi zimi vedno znova prevzame \u010dlove\u0161ka srca.","robots":{"index":"index","follow":"follow","max-snippet":"max-snippet:-1","max-image-preview":"max-image-preview:large","max-video-preview":"max-video-preview:-1"},"canonical":"https:\/\/skrina.si\/en\/product\/marjetica-eng\/","og_locale":"en_GB","og_type":"article","og_title":"Ro\u017ena vila Marjetica - Etnogalerija Skrina","og_description":"Marjetica je bila v antiki simbol pomladi, pomladanskega prebujanja narave in sre\u010de, ki po dolgi zimi vedno znova prevzame \u010dlove\u0161ka srca.","og_url":"https:\/\/skrina.si\/en\/product\/marjetica-eng\/","og_site_name":"Etnogalerija Skrina","article_modified_time":"2024-09-19T16:39:00+00:00","og_image":[{"width":1619,"height":1213,"url":"https:\/\/skrina.si\/wp-content\/uploads\/2022\/02\/Rozne-vile-marjetica-dekor-Slovenske-cvetlice-roze-Tradicija-s-posluhom-Etno-galerija-Skrina.jpg","type":"image\/jpeg"}],"twitter_card":"summary_large_image","twitter_misc":{"Estimated reading time":"1 minute"},"schema":{"@context":"https:\/\/schema.org","@graph":[{"@type":"WebPage","@id":"https:\/\/skrina.si\/en\/product\/marjetica-eng\/","url":"https:\/\/skrina.si\/en\/product\/marjetica-eng\/","name":"Ro\u017ena vila Marjetica - Etnogalerija Skrina","isPartOf":{"@id":"https:\/\/skrina.si\/en\/#website"},"datePublished":"2024-02-17T08:31:09+00:00","dateModified":"2024-09-19T16:39:00+00:00","description":"Marjetica je bila v antiki simbol pomladi, pomladanskega prebujanja narave in sre\u010de, ki po dolgi zimi vedno znova prevzame \u010dlove\u0161ka srca.","breadcrumb":{"@id":"https:\/\/skrina.si\/en\/product\/marjetica-eng\/#breadcrumb"},"inLanguage":"en-GB","potentialAction":[{"@type":"ReadAction","target":["https:\/\/skrina.si\/en\/product\/marjetica-eng\/"]}]},{"@type":"BreadcrumbList","@id":"https:\/\/skrina.si\/en\/product\/marjetica-eng\/#breadcrumb","itemListElement":[{"@type":"ListItem","position":1,"name":"Home","item":"https:\/\/skrina.si\/en\/"},{"@type":"ListItem","position":2,"name":"Shop","item":"https:\/\/skrina.si\/shop\/"},{"@type":"ListItem","position":3,"name":"Daisy"}]},{"@type":"WebSite","@id":"https:\/\/skrina.si\/en\/#website","url":"https:\/\/skrina.si\/en\/","name":"Etnogalerija Skrina","description":"Tradicija s posluhom","potentialAction":[{"@type":"SearchAction","target":{"@type":"EntryPoint","urlTemplate":"https:\/\/skrina.si\/en\/?s={search_term_string}"},"query-input":"required name=search_term_string"}],"inLanguage":"en-GB"}]}},"_links":{"self":[{"href":"https:\/\/skrina.si\/en\/wp-json\/wp\/v2\/product\/12802"}],"collection":[{"href":"https:\/\/skrina.si\/en\/wp-json\/wp\/v2\/product"}],"about":[{"href":"https:\/\/skrina.si\/en\/wp-json\/wp\/v2\/types\/product"}],"wp:featuredmedia":[{"embeddable":true,"href":"https:\/\/skrina.si\/en\/wp-json\/wp\/v2\/media\/8122"}],"wp:attachment":[{"href":"https:\/\/skrina.si\/en\/wp-json\/wp\/v2\/media?parent=12802"}],"wp:term":[{"taxonomy":"product_cat","embeddable":true,"href":"https:\/\/skrina.si\/en\/wp-json\/wp\/v2\/product_cat?post=12802"},{"taxonomy":"product_tag","embeddable":true,"href":"https:\/\/skrina.si\/en\/wp-json\/wp\/v2\/product_tag?post=12802"}],"curies":[{"name":"wp","href":"https:\/\/api.w.org\/{rel}","templated":true}]}}