{"id":12792,"date":"2023-12-13T09:19:11","date_gmt":"2023-12-13T09:19:11","guid":{"rendered":"https:\/\/skrina.si\/?post_type=product&#038;p=12792"},"modified":"2024-04-11T12:28:48","modified_gmt":"2024-04-11T10:28:48","slug":"brkinski-skoromat-mask","status":"publish","type":"product","link":"https:\/\/skrina.si\/en\/product\/brkinski-skoromat-mask\/","title":{"rendered":"&#8220;Brkinski \u0161koromat&#8221; mask"},"content":{"rendered":"","protected":false},"excerpt":{"rendered":"<h5 style=\"text-align: justify;\">The <strong><em>Brkini region<\/em><\/strong> is a unique region, where the Shrovetide custom called \u2018\u0161koromatenje\u2019 lasts from Saint Stephen\u2019s Day (26th of December), when the boys gather in the village tavern and agree on which \u2018\u0161koromat\u2019 will be which, until Ash Wednesday.<strong><em> \u0160koromati <\/em><\/strong>is a common name for the Brkinje costumes, which are most active in Hru\u0161ica and Podgrad.<br \/>\nThe most important person in the procession is \u2018<strong><em>poberin\u2019 <\/em><\/strong>, who is not wearing a costume and collects offerings. He is accompanied by &#8216;poberini&#8217;, which are picturesquely dressed up, the most distinctive being the headdress, which is pointed and decorated with paper flowers and colourful ribbons. They are dressed in fur and wear white long underpants over their trousers, decorated at the sides with blue or red ribbons. Around their waists they wear cowbells, but only two or three of them have horse harness bells.\u00a0 In their hands they hold a so-called &#8216;krobalja&#8217;, a stick with a curled handle. The procession also includes a \u2018\u0161kopit&#8217;, &#8216;cunder&#8217;, two couples in white, a &#8216;pel\u00fchar&#8217;, a blackbird, a gypsy and a gypsy woman, a doctor, and others.<\/h5>\n<h6><em>Details:<\/em><\/h6>\n<ul>\n<li>\n<h6><em>Title of work: Brkinski \u0161koromat<\/em><\/h6>\n<\/li>\n<li>\n<h6><em>Technique: graphics<\/em><\/h6>\n<\/li>\n<li>\n<h6><em>External dimensions of the folder: 27 x 19 cm<\/em><\/h6>\n<\/li>\n<li>\n<h6><em>Limited edition 73\/100<\/em><\/h6>\n<\/li>\n<li>\n<h6><em>The outer dimension of the frame: 24 x 30 cm<\/em><\/h6>\n<\/li>\n<li>\n<h6><em>Limited edition 88\/100<\/em><\/h6>\n<\/li>\n<li>\n<h6><em>All works are signed, numbered and have a watermark of the author<\/em><\/h6>\n<\/li>\n<\/ul>\n","protected":false},"featured_media":11025,"template":"","meta":{"_monsterinsights_skip_tracking":false,"_monsterinsights_sitenote_active":false,"_monsterinsights_sitenote_note":"","_monsterinsights_sitenote_category":0},"product_cat":[1623,1029],"product_tag":[1356],"aioseo_notices":[],"yoast_head":"<!-- This site is optimized with the Yoast SEO plugin v22.1 - https:\/\/yoast.com\/wordpress\/plugins\/seo\/ -->\n<title>&quot;Brkinski \u0161koromat&quot; mask - Etnogalerija Skrina<\/title>\n<meta name=\"description\" content=\"Karel zelenko - Birkinski \u0160koromat (grafika). \u0160koromati so danes skupno ime za brkinske \u0161eme, ki so najbolj dejavne v Hru\u0161ici in Podgradu.\" \/>\n<meta name=\"robots\" content=\"index, follow, max-snippet:-1, max-image-preview:large, max-video-preview:-1\" \/>\n<link rel=\"canonical\" href=\"https:\/\/skrina.si\/en\/product\/brkinski-skoromat-mask\/\" \/>\n<meta property=\"og:locale\" content=\"en_GB\" \/>\n<meta property=\"og:locale:alternate\" content=\"sl_SI\" \/>\n<meta property=\"og:type\" content=\"article\" \/>\n<meta property=\"og:title\" content=\"&quot;Brkinski \u0161koromat&quot; mask\" \/>\n<meta property=\"og:description\" content=\"Karel zelenko - Birkinski \u0160koromat (grafika). \u0160koromati so danes skupno ime za brkinske \u0161eme, ki so najbolj dejavne v Hru\u0161ici in Podgradu.\" \/>\n<meta property=\"og:url\" content=\"https:\/\/skrina.si\/en\/product\/brkinski-skoromat-mask\/\" \/>\n<meta property=\"og:site_name\" content=\"Etnogalerija Skrina\" \/>\n<meta property=\"article:modified_time\" content=\"2024-04-11T10:28:48+00:00\" \/>\n<meta property=\"og:image\" content=\"https:\/\/skrina.si\/wp-content\/uploads\/2021\/08\/Karel-Zelenko-Brkinski-skoromat-tradicionalne-slovenske-maske-Slovenija-Etno-galerija-Skrina.jpg\" \/>\n\t<meta property=\"og:image:width\" content=\"1999\" \/>\n\t<meta property=\"og:image:height\" content=\"1500\" \/>\n\t<meta property=\"og:image:type\" content=\"image\/jpeg\" \/>\n<meta name=\"twitter:card\" content=\"summary_large_image\" \/>\n<meta name=\"twitter:label1\" content=\"Estimated reading time\" \/>\n\t<meta name=\"twitter:data1\" content=\"1 minute\" \/>\n<script type=\"application\/ld+json\" class=\"yoast-schema-graph\">{\"@context\":\"https:\/\/schema.org\",\"@graph\":[{\"@type\":\"WebPage\",\"@id\":\"https:\/\/skrina.si\/en\/product\/brkinski-skoromat-mask\/\",\"url\":\"https:\/\/skrina.si\/en\/product\/brkinski-skoromat-mask\/\",\"name\":\"[:sl]\\\"Brkinski \u0161koromat\\\" mask[:] - Etnogalerija Skrina\",\"isPartOf\":{\"@id\":\"https:\/\/skrina.si\/en\/#website\"},\"datePublished\":\"2023-12-13T09:19:11+00:00\",\"dateModified\":\"2024-04-11T10:28:48+00:00\",\"description\":\"Karel zelenko - Birkinski \u0160koromat (grafika). \u0160koromati so danes skupno ime za brkinske \u0161eme, ki so najbolj dejavne v Hru\u0161ici in Podgradu.\",\"breadcrumb\":{\"@id\":\"https:\/\/skrina.si\/en\/product\/brkinski-skoromat-mask\/#breadcrumb\"},\"inLanguage\":\"en-GB\",\"potentialAction\":[{\"@type\":\"ReadAction\",\"target\":[\"https:\/\/skrina.si\/en\/product\/brkinski-skoromat-mask\/\"]}]},{\"@type\":\"BreadcrumbList\",\"@id\":\"https:\/\/skrina.si\/en\/product\/brkinski-skoromat-mask\/#breadcrumb\",\"itemListElement\":[{\"@type\":\"ListItem\",\"position\":1,\"name\":\"Home\",\"item\":\"https:\/\/skrina.si\/en\/\"},{\"@type\":\"ListItem\",\"position\":2,\"name\":\"Shop\",\"item\":\"https:\/\/skrina.si\/shop\/\"},{\"@type\":\"ListItem\",\"position\":3,\"name\":\"&#8220;Brkinski \u0161koromat&#8221; mask\"}]},{\"@type\":\"WebSite\",\"@id\":\"https:\/\/skrina.si\/en\/#website\",\"url\":\"https:\/\/skrina.si\/en\/\",\"name\":\"Etnogalerija Skrina\",\"description\":\"Tradicija s posluhom\",\"potentialAction\":[{\"@type\":\"SearchAction\",\"target\":{\"@type\":\"EntryPoint\",\"urlTemplate\":\"https:\/\/skrina.si\/en\/?s={search_term_string}\"},\"query-input\":\"required name=search_term_string\"}],\"inLanguage\":\"en-GB\"}]}<\/script>\n<!-- \/ Yoast SEO plugin. -->","yoast_head_json":{"title":"\"Brkinski \u0161koromat\" mask - Etnogalerija Skrina","description":"Karel zelenko - Birkinski \u0160koromat (grafika). \u0160koromati so danes skupno ime za brkinske \u0161eme, ki so najbolj dejavne v Hru\u0161ici in Podgradu.","robots":{"index":"index","follow":"follow","max-snippet":"max-snippet:-1","max-image-preview":"max-image-preview:large","max-video-preview":"max-video-preview:-1"},"canonical":"https:\/\/skrina.si\/en\/product\/brkinski-skoromat-mask\/","og_locale":"en_GB","og_type":"article","og_title":"[:sl]\"Brkinski \u0161koromat\" mask[:] - Etnogalerija Skrina","og_description":"Karel zelenko - Birkinski \u0160koromat (grafika). \u0160koromati so danes skupno ime za brkinske \u0161eme, ki so najbolj dejavne v Hru\u0161ici in Podgradu.","og_url":"https:\/\/skrina.si\/en\/product\/brkinski-skoromat-mask\/","og_site_name":"Etnogalerija Skrina","article_modified_time":"2024-04-11T10:28:48+00:00","og_image":[{"width":1999,"height":1500,"url":"https:\/\/skrina.si\/wp-content\/uploads\/2021\/08\/Karel-Zelenko-Brkinski-skoromat-tradicionalne-slovenske-maske-Slovenija-Etno-galerija-Skrina.jpg","type":"image\/jpeg"}],"twitter_card":"summary_large_image","twitter_misc":{"Estimated reading time":"1 minute"},"schema":{"@context":"https:\/\/schema.org","@graph":[{"@type":"WebPage","@id":"https:\/\/skrina.si\/en\/product\/brkinski-skoromat-mask\/","url":"https:\/\/skrina.si\/en\/product\/brkinski-skoromat-mask\/","name":"[:sl]\"Brkinski \u0161koromat\" mask[:] - Etnogalerija Skrina","isPartOf":{"@id":"https:\/\/skrina.si\/en\/#website"},"datePublished":"2023-12-13T09:19:11+00:00","dateModified":"2024-04-11T10:28:48+00:00","description":"Karel zelenko - Birkinski \u0160koromat (grafika). \u0160koromati so danes skupno ime za brkinske \u0161eme, ki so najbolj dejavne v Hru\u0161ici in Podgradu.","breadcrumb":{"@id":"https:\/\/skrina.si\/en\/product\/brkinski-skoromat-mask\/#breadcrumb"},"inLanguage":"en-GB","potentialAction":[{"@type":"ReadAction","target":["https:\/\/skrina.si\/en\/product\/brkinski-skoromat-mask\/"]}]},{"@type":"BreadcrumbList","@id":"https:\/\/skrina.si\/en\/product\/brkinski-skoromat-mask\/#breadcrumb","itemListElement":[{"@type":"ListItem","position":1,"name":"Home","item":"https:\/\/skrina.si\/en\/"},{"@type":"ListItem","position":2,"name":"Shop","item":"https:\/\/skrina.si\/shop\/"},{"@type":"ListItem","position":3,"name":"&#8220;Brkinski \u0161koromat&#8221; mask"}]},{"@type":"WebSite","@id":"https:\/\/skrina.si\/en\/#website","url":"https:\/\/skrina.si\/en\/","name":"Etnogalerija Skrina","description":"Tradicija s posluhom","potentialAction":[{"@type":"SearchAction","target":{"@type":"EntryPoint","urlTemplate":"https:\/\/skrina.si\/en\/?s={search_term_string}"},"query-input":"required name=search_term_string"}],"inLanguage":"en-GB"}]}},"_links":{"self":[{"href":"https:\/\/skrina.si\/en\/wp-json\/wp\/v2\/product\/12792"}],"collection":[{"href":"https:\/\/skrina.si\/en\/wp-json\/wp\/v2\/product"}],"about":[{"href":"https:\/\/skrina.si\/en\/wp-json\/wp\/v2\/types\/product"}],"wp:featuredmedia":[{"embeddable":true,"href":"https:\/\/skrina.si\/en\/wp-json\/wp\/v2\/media\/11025"}],"wp:attachment":[{"href":"https:\/\/skrina.si\/en\/wp-json\/wp\/v2\/media?parent=12792"}],"wp:term":[{"taxonomy":"product_cat","embeddable":true,"href":"https:\/\/skrina.si\/en\/wp-json\/wp\/v2\/product_cat?post=12792"},{"taxonomy":"product_tag","embeddable":true,"href":"https:\/\/skrina.si\/en\/wp-json\/wp\/v2\/product_tag?post=12792"}],"curies":[{"name":"wp","href":"https:\/\/api.w.org\/{rel}","templated":true}]}}