{"id":12791,"date":"2023-12-13T09:15:24","date_gmt":"2023-12-13T09:15:24","guid":{"rendered":"https:\/\/skrina.si\/?post_type=product&#038;p=12791"},"modified":"2024-04-11T12:31:09","modified_gmt":"2024-04-11T10:31:09","slug":"bohinjski-otepovci-mask","status":"publish","type":"product","link":"https:\/\/skrina.si\/en\/product\/bohinjski-otepovci-mask\/","title":{"rendered":"&#8220;Bohinjski otepovci&#8221; mask"},"content":{"rendered":"","protected":false},"excerpt":{"rendered":"<h5 style=\"text-align: justify;\">The only <strong><em>manistic masks<\/em><\/strong> that Slovenians have preserved are the so-called <strong><em>&#8216;Bohinjski otepovci\u00a0&#8216;<\/em><\/strong>. On Saint Stephen\u2019s day (26th of December), they are carolled in Stara Fu\u017eina and Studor, and on 31st of December in Srednja vas, \u010ce\u0161njica, and Jereka.\u00a0 The composition of the group varies from village to village. In Stara Fu\u017eina, a &#8216;<strong><em>trogar<\/em><\/strong>&#8216; and a&#8217;<strong><em>metlar<\/em><\/strong>&#8216; go to the front.<br \/>\nThey are dressed in a fur coat with a chain. A large cap is tied over their head, with holes cut in it for their eyes and mouth. The \u2018metlar\u2019 is everywhere and keeps the others from staying in one place too long. The group also consists of the \u2018uo\u010da&#8217; (father), \u2018mat\u2019 (mother) and children.<\/h5>\n<h6><em>Details:<\/em><\/h6>\n<ul>\n<li>\n<h6><em>Title of work: \u2018Bohinjski otepovci\u2019<\/em><\/h6>\n<\/li>\n<li>\n<h6><em>Technique: graphics<\/em><\/h6>\n<\/li>\n<li>\n<h6><em>External dimensions of the folder: 27 x 19 cm<\/em><\/h6>\n<\/li>\n<li>\n<h6><em>Limited edition 73\/100<\/em><\/h6>\n<\/li>\n<li>\n<h6><em>The outer dimension of the frame: 24 x 30 cm<\/em><\/h6>\n<\/li>\n<li>\n<h6><em>Limited edition 88\/100<\/em><\/h6>\n<\/li>\n<li>\n<h6><em>All works are signed, numbered and have a watermark of the author<\/em><\/h6>\n<\/li>\n<\/ul>\n","protected":false},"featured_media":4349,"template":"","meta":{"_monsterinsights_skip_tracking":false,"_monsterinsights_sitenote_active":false,"_monsterinsights_sitenote_note":"","_monsterinsights_sitenote_category":0},"product_cat":[1623,1029],"product_tag":[730,1356],"aioseo_notices":[],"yoast_head":"<!-- This site is optimized with the Yoast SEO plugin v22.1 - https:\/\/yoast.com\/wordpress\/plugins\/seo\/ -->\n<title>&quot;Bohinjski otepovci&quot; mask - Etnogalerija Skrina<\/title>\n<meta name=\"description\" content=\"Karel Zelenko - maske Bohinjski otepovci (grafika v okvirju). Sestava oseb je do vasi do vasi razli\u010dna. V Strari fu\u017eini gresta spredaj \u201ctrogar\u201d in \u201cmetlar\u201d.\" \/>\n<meta name=\"robots\" content=\"index, follow, max-snippet:-1, max-image-preview:large, max-video-preview:-1\" \/>\n<link rel=\"canonical\" href=\"https:\/\/skrina.si\/en\/product\/bohinjski-otepovci-mask\/\" \/>\n<meta property=\"og:locale\" content=\"en_GB\" \/>\n<meta property=\"og:locale:alternate\" content=\"sl_SI\" \/>\n<meta property=\"og:type\" content=\"article\" \/>\n<meta property=\"og:title\" content=\"&quot;Bohinjski otepovci&quot; mask\" \/>\n<meta property=\"og:description\" content=\"Karel Zelenko - maske Bohinjski otepovci (grafika v okvirju). Sestava oseb je do vasi do vasi razli\u010dna. V Strari fu\u017eini gresta spredaj \u201ctrogar\u201d in \u201cmetlar\u201d.\" \/>\n<meta property=\"og:url\" content=\"https:\/\/skrina.si\/en\/product\/bohinjski-otepovci-mask\/\" \/>\n<meta property=\"og:site_name\" content=\"Etnogalerija Skrina\" \/>\n<meta property=\"article:modified_time\" content=\"2024-04-11T10:31:09+00:00\" \/>\n<meta property=\"og:image\" content=\"https:\/\/skrina.si\/wp-content\/uploads\/2021\/08\/Karel-Zelenko_Maske_Bohinjski-otepovci-2.jpg\" \/>\n\t<meta property=\"og:image:width\" content=\"2000\" \/>\n\t<meta property=\"og:image:height\" content=\"1500\" \/>\n\t<meta property=\"og:image:type\" content=\"image\/jpeg\" \/>\n<meta name=\"twitter:card\" content=\"summary_large_image\" \/>\n<meta name=\"twitter:label1\" content=\"Estimated reading time\" \/>\n\t<meta name=\"twitter:data1\" content=\"1 minute\" \/>\n<script type=\"application\/ld+json\" class=\"yoast-schema-graph\">{\"@context\":\"https:\/\/schema.org\",\"@graph\":[{\"@type\":\"WebPage\",\"@id\":\"https:\/\/skrina.si\/en\/product\/bohinjski-otepovci-mask\/\",\"url\":\"https:\/\/skrina.si\/en\/product\/bohinjski-otepovci-mask\/\",\"name\":\"[:sl]\\\"Bohinjski otepovci\\\" mask[:] - Etnogalerija Skrina\",\"isPartOf\":{\"@id\":\"https:\/\/skrina.si\/en\/#website\"},\"datePublished\":\"2023-12-13T09:15:24+00:00\",\"dateModified\":\"2024-04-11T10:31:09+00:00\",\"description\":\"Karel Zelenko - maske Bohinjski otepovci (grafika v okvirju). Sestava oseb je do vasi do vasi razli\u010dna. V Strari fu\u017eini gresta spredaj \u201ctrogar\u201d in \u201cmetlar\u201d.\",\"breadcrumb\":{\"@id\":\"https:\/\/skrina.si\/en\/product\/bohinjski-otepovci-mask\/#breadcrumb\"},\"inLanguage\":\"en-GB\",\"potentialAction\":[{\"@type\":\"ReadAction\",\"target\":[\"https:\/\/skrina.si\/en\/product\/bohinjski-otepovci-mask\/\"]}]},{\"@type\":\"BreadcrumbList\",\"@id\":\"https:\/\/skrina.si\/en\/product\/bohinjski-otepovci-mask\/#breadcrumb\",\"itemListElement\":[{\"@type\":\"ListItem\",\"position\":1,\"name\":\"Home\",\"item\":\"https:\/\/skrina.si\/en\/\"},{\"@type\":\"ListItem\",\"position\":2,\"name\":\"Shop\",\"item\":\"https:\/\/skrina.si\/shop\/\"},{\"@type\":\"ListItem\",\"position\":3,\"name\":\"&#8220;Bohinjski otepovci&#8221; mask\"}]},{\"@type\":\"WebSite\",\"@id\":\"https:\/\/skrina.si\/en\/#website\",\"url\":\"https:\/\/skrina.si\/en\/\",\"name\":\"Etnogalerija Skrina\",\"description\":\"Tradicija s posluhom\",\"potentialAction\":[{\"@type\":\"SearchAction\",\"target\":{\"@type\":\"EntryPoint\",\"urlTemplate\":\"https:\/\/skrina.si\/en\/?s={search_term_string}\"},\"query-input\":\"required name=search_term_string\"}],\"inLanguage\":\"en-GB\"}]}<\/script>\n<!-- \/ Yoast SEO plugin. -->","yoast_head_json":{"title":"\"Bohinjski otepovci\" mask - Etnogalerija Skrina","description":"Karel Zelenko - maske Bohinjski otepovci (grafika v okvirju). Sestava oseb je do vasi do vasi razli\u010dna. V Strari fu\u017eini gresta spredaj \u201ctrogar\u201d in \u201cmetlar\u201d.","robots":{"index":"index","follow":"follow","max-snippet":"max-snippet:-1","max-image-preview":"max-image-preview:large","max-video-preview":"max-video-preview:-1"},"canonical":"https:\/\/skrina.si\/en\/product\/bohinjski-otepovci-mask\/","og_locale":"en_GB","og_type":"article","og_title":"[:sl]\"Bohinjski otepovci\" mask[:] - Etnogalerija Skrina","og_description":"Karel Zelenko - maske Bohinjski otepovci (grafika v okvirju). Sestava oseb je do vasi do vasi razli\u010dna. V Strari fu\u017eini gresta spredaj \u201ctrogar\u201d in \u201cmetlar\u201d.","og_url":"https:\/\/skrina.si\/en\/product\/bohinjski-otepovci-mask\/","og_site_name":"Etnogalerija Skrina","article_modified_time":"2024-04-11T10:31:09+00:00","og_image":[{"width":2000,"height":1500,"url":"https:\/\/skrina.si\/wp-content\/uploads\/2021\/08\/Karel-Zelenko_Maske_Bohinjski-otepovci-2.jpg","type":"image\/jpeg"}],"twitter_card":"summary_large_image","twitter_misc":{"Estimated reading time":"1 minute"},"schema":{"@context":"https:\/\/schema.org","@graph":[{"@type":"WebPage","@id":"https:\/\/skrina.si\/en\/product\/bohinjski-otepovci-mask\/","url":"https:\/\/skrina.si\/en\/product\/bohinjski-otepovci-mask\/","name":"[:sl]\"Bohinjski otepovci\" mask[:] - Etnogalerija Skrina","isPartOf":{"@id":"https:\/\/skrina.si\/en\/#website"},"datePublished":"2023-12-13T09:15:24+00:00","dateModified":"2024-04-11T10:31:09+00:00","description":"Karel Zelenko - maske Bohinjski otepovci (grafika v okvirju). Sestava oseb je do vasi do vasi razli\u010dna. V Strari fu\u017eini gresta spredaj \u201ctrogar\u201d in \u201cmetlar\u201d.","breadcrumb":{"@id":"https:\/\/skrina.si\/en\/product\/bohinjski-otepovci-mask\/#breadcrumb"},"inLanguage":"en-GB","potentialAction":[{"@type":"ReadAction","target":["https:\/\/skrina.si\/en\/product\/bohinjski-otepovci-mask\/"]}]},{"@type":"BreadcrumbList","@id":"https:\/\/skrina.si\/en\/product\/bohinjski-otepovci-mask\/#breadcrumb","itemListElement":[{"@type":"ListItem","position":1,"name":"Home","item":"https:\/\/skrina.si\/en\/"},{"@type":"ListItem","position":2,"name":"Shop","item":"https:\/\/skrina.si\/shop\/"},{"@type":"ListItem","position":3,"name":"&#8220;Bohinjski otepovci&#8221; mask"}]},{"@type":"WebSite","@id":"https:\/\/skrina.si\/en\/#website","url":"https:\/\/skrina.si\/en\/","name":"Etnogalerija Skrina","description":"Tradicija s posluhom","potentialAction":[{"@type":"SearchAction","target":{"@type":"EntryPoint","urlTemplate":"https:\/\/skrina.si\/en\/?s={search_term_string}"},"query-input":"required name=search_term_string"}],"inLanguage":"en-GB"}]}},"_links":{"self":[{"href":"https:\/\/skrina.si\/en\/wp-json\/wp\/v2\/product\/12791"}],"collection":[{"href":"https:\/\/skrina.si\/en\/wp-json\/wp\/v2\/product"}],"about":[{"href":"https:\/\/skrina.si\/en\/wp-json\/wp\/v2\/types\/product"}],"wp:featuredmedia":[{"embeddable":true,"href":"https:\/\/skrina.si\/en\/wp-json\/wp\/v2\/media\/4349"}],"wp:attachment":[{"href":"https:\/\/skrina.si\/en\/wp-json\/wp\/v2\/media?parent=12791"}],"wp:term":[{"taxonomy":"product_cat","embeddable":true,"href":"https:\/\/skrina.si\/en\/wp-json\/wp\/v2\/product_cat?post=12791"},{"taxonomy":"product_tag","embeddable":true,"href":"https:\/\/skrina.si\/en\/wp-json\/wp\/v2\/product_tag?post=12791"}],"curies":[{"name":"wp","href":"https:\/\/api.w.org\/{rel}","templated":true}]}}