{"id":11650,"date":"2022-08-10T15:16:55","date_gmt":"2022-08-10T15:16:55","guid":{"rendered":"https:\/\/skrina.si\/?post_type=product&#038;p=11650"},"modified":"2024-02-19T14:25:48","modified_gmt":"2024-02-19T14:25:48","slug":"kemicni-svincniki","status":"publish","type":"product","link":"https:\/\/skrina.si\/en\/product\/kemicni-svincniki\/","title":{"rendered":"Kemi\u010dni svin\u010dniki"},"content":{"rendered":"","protected":false},"excerpt":{"rendered":"<h5>V Etnogaleriji SKRINA se radi oziramo nazaj v preteklost. Predani smo raziskovanju <strong><em>tradicionalnih slovenskih vzorcev<\/em><\/strong>, do katerih \u010dutimo veliko spo\u0161tovanje in jih znamo uporabimo v vsakdanjem \u017eivljenju.<br \/>\nMotivi iz zakladnice slovenskega ljudskega izro\u010dila predstavljajo neusahljiv vir inspiracij.<br \/>\nV SKRINI smo za vas oblikovali uporabne izdelke za vsakdanjo uporabo.<br \/>\nNe glede na to, ali gre za darilo za valentinovo, rojstnodnevno darilo, bo\u017ei\u010dno darilo ali samo kak\u0161no malenkost za lep\u0161i dan so izdelki s tradicionalnimi slovenskimi vzorci \u00a0vedno <em><strong>prava izbira.<\/strong><\/em><\/h5>\n<h6><em>Podrobnosti:<\/em><\/h6>\n<ul>\n<li>\n<h6>Kemi\u010dni svin\u010dnik<\/h6>\n<\/li>\n<li>\n<h6>Mere \u0161katle: 4,5 x 2,5 x 17,5 cm<\/h6>\n<\/li>\n<li>\n<h6>Barva: razli\u010dne barve, za razli\u010dne okuse<\/h6>\n<\/li>\n<li>\n<h6>Motiv: tradicionalni slovenski vzorci<\/h6>\n<\/li>\n<li>\n<h6>Material: kovina<\/h6>\n<\/li>\n<\/ul>\n","protected":false},"featured_media":13449,"template":"","meta":{"_monsterinsights_skip_tracking":false,"_monsterinsights_sitenote_active":false,"_monsterinsights_sitenote_note":"","_monsterinsights_sitenote_category":0},"product_cat":[103,277],"product_tag":[1272],"aioseo_notices":[],"yoast_head":"<!-- This site is optimized with the Yoast SEO plugin v22.1 - https:\/\/yoast.com\/wordpress\/plugins\/seo\/ -->\n<title>Kemi\u010dni svin\u010dniki - Etnogalerija Skrina<\/title>\n<meta name=\"robots\" content=\"index, follow, max-snippet:-1, max-image-preview:large, max-video-preview:-1\" \/>\n<link rel=\"canonical\" href=\"https:\/\/skrina.si\/en\/product\/kemicni-svincniki\/\" \/>\n<meta property=\"og:locale\" content=\"en_GB\" \/>\n<meta property=\"og:locale:alternate\" content=\"sl_SI\" \/>\n<meta property=\"og:type\" content=\"article\" \/>\n<meta property=\"og:title\" content=\"Kemi\u010dni svin\u010dniki - Etnogalerija Skrina\" \/>\n<meta property=\"og:description\" content=\"V Etnogaleriji SKRINA se radi oziramo nazaj v preteklost. Predani smo raziskovanju tradicionalnih slovenskih vzorcev, do katerih \u010dutimo veliko spo\u0161tovanje in jih znamo uporabimo v vsakdanjem \u017eivljenju. Motivi iz zakladnice slovenskega ljudskega izro\u010dila predstavljajo neusahljiv vir inspiracij. V SKRINI smo za vas oblikovali uporabne izdelke za vsakdanjo uporabo. Ne glede na to, ali gre za darilo za valentinovo, rojstnodnevno darilo, bo\u017ei\u010dno darilo ali samo kak\u0161no malenkost za lep\u0161i dan so izdelki s tradicionalnimi slovenskimi vzorci \u00a0vedno prava izbira. Podrobnosti:    Kemi\u010dni svin\u010dnik    Mere \u0161katle: 4,5 x 2,5 x 17,5 cm    Barva: razli\u010dne barve, za razli\u010dne okuse    Motiv: tradicionalni slovenski vzorci    Material: kovina\" \/>\n<meta property=\"og:url\" content=\"https:\/\/skrina.si\/en\/product\/kemicni-svincniki\/\" \/>\n<meta property=\"og:site_name\" content=\"Etnogalerija Skrina\" \/>\n<meta property=\"article:modified_time\" content=\"2024-02-19T14:25:48+00:00\" \/>\n<meta property=\"og:image\" content=\"https:\/\/skrina.si\/wp-content\/uploads\/2022\/08\/Kemicni-svincnik-cipka-in-tkanicenje.jpg\" \/>\n\t<meta property=\"og:image:width\" content=\"2000\" \/>\n\t<meta property=\"og:image:height\" content=\"1500\" \/>\n\t<meta property=\"og:image:type\" content=\"image\/jpeg\" \/>\n<meta name=\"twitter:card\" content=\"summary_large_image\" \/>\n<meta name=\"twitter:label1\" content=\"Estimated reading time\" \/>\n\t<meta name=\"twitter:data1\" content=\"1 minute\" \/>\n<script type=\"application\/ld+json\" class=\"yoast-schema-graph\">{\"@context\":\"https:\/\/schema.org\",\"@graph\":[{\"@type\":\"WebPage\",\"@id\":\"https:\/\/skrina.si\/en\/product\/kemicni-svincniki\/\",\"url\":\"https:\/\/skrina.si\/en\/product\/kemicni-svincniki\/\",\"name\":\"Kemi\u010dni svin\u010dniki - Etnogalerija Skrina\",\"isPartOf\":{\"@id\":\"https:\/\/skrina.si\/en\/#website\"},\"datePublished\":\"2022-08-10T15:16:55+00:00\",\"dateModified\":\"2024-02-19T14:25:48+00:00\",\"breadcrumb\":{\"@id\":\"https:\/\/skrina.si\/en\/product\/kemicni-svincniki\/#breadcrumb\"},\"inLanguage\":\"en-GB\",\"potentialAction\":[{\"@type\":\"ReadAction\",\"target\":[\"https:\/\/skrina.si\/en\/product\/kemicni-svincniki\/\"]}]},{\"@type\":\"BreadcrumbList\",\"@id\":\"https:\/\/skrina.si\/en\/product\/kemicni-svincniki\/#breadcrumb\",\"itemListElement\":[{\"@type\":\"ListItem\",\"position\":1,\"name\":\"Home\",\"item\":\"https:\/\/skrina.si\/en\/\"},{\"@type\":\"ListItem\",\"position\":2,\"name\":\"Shop\",\"item\":\"https:\/\/skrina.si\/shop\/\"},{\"@type\":\"ListItem\",\"position\":3,\"name\":\"Kemi\u010dni svin\u010dniki\"}]},{\"@type\":\"WebSite\",\"@id\":\"https:\/\/skrina.si\/en\/#website\",\"url\":\"https:\/\/skrina.si\/en\/\",\"name\":\"Etnogalerija Skrina\",\"description\":\"Tradicija s posluhom\",\"potentialAction\":[{\"@type\":\"SearchAction\",\"target\":{\"@type\":\"EntryPoint\",\"urlTemplate\":\"https:\/\/skrina.si\/en\/?s={search_term_string}\"},\"query-input\":\"required name=search_term_string\"}],\"inLanguage\":\"en-GB\"}]}<\/script>\n<!-- \/ Yoast SEO plugin. -->","yoast_head_json":{"title":"Kemi\u010dni svin\u010dniki - Etnogalerija Skrina","robots":{"index":"index","follow":"follow","max-snippet":"max-snippet:-1","max-image-preview":"max-image-preview:large","max-video-preview":"max-video-preview:-1"},"canonical":"https:\/\/skrina.si\/en\/product\/kemicni-svincniki\/","og_locale":"en_GB","og_type":"article","og_title":"Kemi\u010dni svin\u010dniki - Etnogalerija Skrina","og_description":"V Etnogaleriji SKRINA se radi oziramo nazaj v preteklost. Predani smo raziskovanju tradicionalnih slovenskih vzorcev, do katerih \u010dutimo veliko spo\u0161tovanje in jih znamo uporabimo v vsakdanjem \u017eivljenju. Motivi iz zakladnice slovenskega ljudskega izro\u010dila predstavljajo neusahljiv vir inspiracij. V SKRINI smo za vas oblikovali uporabne izdelke za vsakdanjo uporabo. Ne glede na to, ali gre za darilo za valentinovo, rojstnodnevno darilo, bo\u017ei\u010dno darilo ali samo kak\u0161no malenkost za lep\u0161i dan so izdelki s tradicionalnimi slovenskimi vzorci \u00a0vedno prava izbira. Podrobnosti:    Kemi\u010dni svin\u010dnik    Mere \u0161katle: 4,5 x 2,5 x 17,5 cm    Barva: razli\u010dne barve, za razli\u010dne okuse    Motiv: tradicionalni slovenski vzorci    Material: kovina","og_url":"https:\/\/skrina.si\/en\/product\/kemicni-svincniki\/","og_site_name":"Etnogalerija Skrina","article_modified_time":"2024-02-19T14:25:48+00:00","og_image":[{"width":2000,"height":1500,"url":"https:\/\/skrina.si\/wp-content\/uploads\/2022\/08\/Kemicni-svincnik-cipka-in-tkanicenje.jpg","type":"image\/jpeg"}],"twitter_card":"summary_large_image","twitter_misc":{"Estimated reading time":"1 minute"},"schema":{"@context":"https:\/\/schema.org","@graph":[{"@type":"WebPage","@id":"https:\/\/skrina.si\/en\/product\/kemicni-svincniki\/","url":"https:\/\/skrina.si\/en\/product\/kemicni-svincniki\/","name":"Kemi\u010dni svin\u010dniki - Etnogalerija Skrina","isPartOf":{"@id":"https:\/\/skrina.si\/en\/#website"},"datePublished":"2022-08-10T15:16:55+00:00","dateModified":"2024-02-19T14:25:48+00:00","breadcrumb":{"@id":"https:\/\/skrina.si\/en\/product\/kemicni-svincniki\/#breadcrumb"},"inLanguage":"en-GB","potentialAction":[{"@type":"ReadAction","target":["https:\/\/skrina.si\/en\/product\/kemicni-svincniki\/"]}]},{"@type":"BreadcrumbList","@id":"https:\/\/skrina.si\/en\/product\/kemicni-svincniki\/#breadcrumb","itemListElement":[{"@type":"ListItem","position":1,"name":"Home","item":"https:\/\/skrina.si\/en\/"},{"@type":"ListItem","position":2,"name":"Shop","item":"https:\/\/skrina.si\/shop\/"},{"@type":"ListItem","position":3,"name":"Kemi\u010dni svin\u010dniki"}]},{"@type":"WebSite","@id":"https:\/\/skrina.si\/en\/#website","url":"https:\/\/skrina.si\/en\/","name":"Etnogalerija Skrina","description":"Tradicija s posluhom","potentialAction":[{"@type":"SearchAction","target":{"@type":"EntryPoint","urlTemplate":"https:\/\/skrina.si\/en\/?s={search_term_string}"},"query-input":"required name=search_term_string"}],"inLanguage":"en-GB"}]}},"_links":{"self":[{"href":"https:\/\/skrina.si\/en\/wp-json\/wp\/v2\/product\/11650"}],"collection":[{"href":"https:\/\/skrina.si\/en\/wp-json\/wp\/v2\/product"}],"about":[{"href":"https:\/\/skrina.si\/en\/wp-json\/wp\/v2\/types\/product"}],"wp:featuredmedia":[{"embeddable":true,"href":"https:\/\/skrina.si\/en\/wp-json\/wp\/v2\/media\/13449"}],"wp:attachment":[{"href":"https:\/\/skrina.si\/en\/wp-json\/wp\/v2\/media?parent=11650"}],"wp:term":[{"taxonomy":"product_cat","embeddable":true,"href":"https:\/\/skrina.si\/en\/wp-json\/wp\/v2\/product_cat?post=11650"},{"taxonomy":"product_tag","embeddable":true,"href":"https:\/\/skrina.si\/en\/wp-json\/wp\/v2\/product_tag?post=11650"}],"curies":[{"name":"wp","href":"https:\/\/api.w.org\/{rel}","templated":true}]}}