{"id":11407,"date":"2022-07-29T10:22:43","date_gmt":"2022-07-29T10:22:43","guid":{"rendered":"https:\/\/skrina.si\/?post_type=product&#038;p=11407"},"modified":"2024-04-12T23:57:48","modified_gmt":"2024-04-12T21:57:48","slug":"gustav-klimt-higieja-grafika","status":"publish","type":"product","link":"https:\/\/skrina.si\/en\/product\/gustav-klimt-higieja-grafika\/","title":{"rendered":"Higieja"},"content":{"rendered":"","protected":false},"excerpt":{"rendered":"<h5>Veli\u010dastna, zapovedujo\u010da figura<strong><em> Higieja<\/em><\/strong> je ena od treh spornih slik, ki jih je Klimt izdelal za strop <em>Velike dvorane Univerze na Dunaju<strong>,<\/strong><\/em> zato so poznane tudi kot Fakultetne slike. Delo je bilo sestavljeno iz treh tem: filozofije, medicine in sodstva, pri \u010demer je &#8220;Hygeia&#8221;, <strong><em>boginja zdravja v gr\u0161ki mitologiji<\/em><\/strong> upodobljena kot mlada \u017eenska, ki ka\u010di, simbolu medicine, ponuja \u010da\u0161o vode. Od tod izvira izraz higiena, ki je kot zdravstvena preventiva imela pri starih Grkih velik pomen. Z dvignjeno brado in oblastnim pogledom gleda \u017eenska neposredno v opazovalca slike, zato njena dr\u017ea povzro\u010da vpra\u0161anje: ali ponuja skledo ali jo posmehljivo dr\u017ei? Ocenjeno je bilo, da kompozicija ne ponazarja medicinskega napredka. \u0160e ve\u010d: kritiki so Klimta napadli zaradi &#8220;pornografije&#8221; in &#8220;perverzne ekscesnosti&#8221; na slikah, zato nobena od treh slik ni bila nikoli razstavljena na dunajski univerzi.<\/h5>\n<h6><em>Lastnosti:<\/em><\/h6>\n<ul>\n<li>\n<h6><em>Naslov dela:<\/em> <em>Higieja<\/em><\/h6>\n<\/li>\n<li>\n<h6><em>Tehnika: Umetni\u0161ka reprodukcija<\/em><\/h6>\n<\/li>\n<li>\n<h6><em>Zunanja dimenzija: 25 x 30 cm; 16 x 29 cm<\/em><\/h6>\n<\/li>\n<li>\n<h6><em>Omejena naklada <\/em><\/h6>\n<\/li>\n<li>\n<h6><em>Eleganten, brez\u010dasen dizajn<\/em><\/h6>\n<\/li>\n<li>\n<h6><em>Idealno darilo za ljubitelje Klimta in klasike<\/em><\/h6>\n<\/li>\n<\/ul>\n","protected":false},"featured_media":11372,"template":"","meta":{"_monsterinsights_skip_tracking":false,"_monsterinsights_sitenote_active":false,"_monsterinsights_sitenote_note":"","_monsterinsights_sitenote_category":0},"product_cat":[748],"product_tag":[328,752],"aioseo_notices":[],"yoast_head":"<!-- This site is optimized with the Yoast SEO plugin v22.1 - https:\/\/yoast.com\/wordpress\/plugins\/seo\/ -->\n<title>Higieja - Etnogalerija Skrina<\/title>\n<meta name=\"robots\" content=\"index, follow, max-snippet:-1, max-image-preview:large, max-video-preview:-1\" \/>\n<link rel=\"canonical\" href=\"https:\/\/skrina.si\/en\/product\/gustav-klimt-higieja-grafika\/\" \/>\n<meta property=\"og:locale\" content=\"en_GB\" \/>\n<meta property=\"og:locale:alternate\" content=\"sl_SI\" \/>\n<meta property=\"og:type\" content=\"article\" \/>\n<meta property=\"og:title\" content=\"Higieja\" \/>\n<meta property=\"og:description\" content=\"Veli\u010dastna, zapovedujo\u010da figura Higieja je ena od treh spornih slik, ki jih je Klimt izdelal za strop Velike dvorane Univerze na Dunaju, zato so poznane tudi kot Fakultetne slike. Delo je bilo sestavljeno iz treh tem: filozofije, medicine in sodstva, pri \u010demer je &quot;Hygeia&quot;, boginja zdravja v gr\u0161ki mitologiji upodobljena kot mlada \u017eenska, ki ka\u010di, simbolu medicine, ponuja \u010da\u0161o vode. Od tod izvira izraz higiena, ki je kot zdravstvena preventiva imela pri starih Grkih velik pomen. Z dvignjeno brado in oblastnim pogledom gleda \u017eenska neposredno v opazovalca slike, zato njena dr\u017ea povzro\u010da vpra\u0161anje: ali ponuja skledo ali jo posmehljivo dr\u017ei? Ocenjeno je bilo, da kompozicija ne ponazarja medicinskega napredka. \u0160e ve\u010d: kritiki so Klimta napadli zaradi &quot;pornografije&quot; in &quot;perverzne ekscesnosti&quot; na slikah, zato nobena od treh slik ni bila nikoli razstavljena na dunajski univerzi. Lastnosti:    Naslov dela: Higieja    Tehnika: Umetni\u0161ka reprodukcija    Zunanja dimenzija: 25 x 30 cm; 16 x 29 cm    Omejena naklada     Eleganten, brez\u010dasen dizajn    Idealno darilo za ljubitelje Klimta in klasike\" \/>\n<meta property=\"og:url\" content=\"https:\/\/skrina.si\/en\/product\/gustav-klimt-higieja-grafika\/\" \/>\n<meta property=\"og:site_name\" content=\"Etnogalerija Skrina\" \/>\n<meta property=\"article:modified_time\" content=\"2024-04-12T21:57:48+00:00\" \/>\n<meta property=\"og:image\" content=\"https:\/\/skrina.si\/wp-content\/uploads\/2022\/07\/Gustav-Klimt-slika-Medizine-Etno-galerija-Skrina.jpg\" \/>\n\t<meta property=\"og:image:width\" content=\"2000\" \/>\n\t<meta property=\"og:image:height\" content=\"1500\" \/>\n\t<meta property=\"og:image:type\" content=\"image\/jpeg\" \/>\n<meta name=\"twitter:card\" content=\"summary_large_image\" \/>\n<script type=\"application\/ld+json\" class=\"yoast-schema-graph\">{\"@context\":\"https:\/\/schema.org\",\"@graph\":[{\"@type\":\"WebPage\",\"@id\":\"https:\/\/skrina.si\/en\/product\/gustav-klimt-higieja-grafika\/\",\"url\":\"https:\/\/skrina.si\/en\/product\/gustav-klimt-higieja-grafika\/\",\"name\":\"[:sl]Higieja[:] - Etnogalerija Skrina\",\"isPartOf\":{\"@id\":\"https:\/\/skrina.si\/en\/#website\"},\"datePublished\":\"2022-07-29T10:22:43+00:00\",\"dateModified\":\"2024-04-12T21:57:48+00:00\",\"breadcrumb\":{\"@id\":\"https:\/\/skrina.si\/en\/product\/gustav-klimt-higieja-grafika\/#breadcrumb\"},\"inLanguage\":\"en-GB\",\"potentialAction\":[{\"@type\":\"ReadAction\",\"target\":[\"https:\/\/skrina.si\/en\/product\/gustav-klimt-higieja-grafika\/\"]}]},{\"@type\":\"BreadcrumbList\",\"@id\":\"https:\/\/skrina.si\/en\/product\/gustav-klimt-higieja-grafika\/#breadcrumb\",\"itemListElement\":[{\"@type\":\"ListItem\",\"position\":1,\"name\":\"Home\",\"item\":\"https:\/\/skrina.si\/en\/\"},{\"@type\":\"ListItem\",\"position\":2,\"name\":\"Shop\",\"item\":\"https:\/\/skrina.si\/shop\/\"},{\"@type\":\"ListItem\",\"position\":3,\"name\":\"Higieja\"}]},{\"@type\":\"WebSite\",\"@id\":\"https:\/\/skrina.si\/en\/#website\",\"url\":\"https:\/\/skrina.si\/en\/\",\"name\":\"Etnogalerija Skrina\",\"description\":\"Tradicija s posluhom\",\"potentialAction\":[{\"@type\":\"SearchAction\",\"target\":{\"@type\":\"EntryPoint\",\"urlTemplate\":\"https:\/\/skrina.si\/en\/?s={search_term_string}\"},\"query-input\":\"required name=search_term_string\"}],\"inLanguage\":\"en-GB\"}]}<\/script>\n<!-- \/ Yoast SEO plugin. -->","yoast_head_json":{"title":"Higieja - Etnogalerija Skrina","robots":{"index":"index","follow":"follow","max-snippet":"max-snippet:-1","max-image-preview":"max-image-preview:large","max-video-preview":"max-video-preview:-1"},"canonical":"https:\/\/skrina.si\/en\/product\/gustav-klimt-higieja-grafika\/","og_locale":"en_GB","og_type":"article","og_title":"[:sl]Higieja[:] - Etnogalerija Skrina","og_description":"[:sl]Veli\u010dastna, zapovedujo\u010da figura Higieja je ena od treh spornih slik, ki jih je Klimt izdelal za strop Velike dvorane Univerze na Dunaju, zato so poznane tudi kot Fakultetne slike. Delo je bilo sestavljeno iz treh tem: filozofije, medicine in sodstva, pri \u010demer je \"Hygeia\", boginja zdravja v gr\u0161ki mitologiji upodobljena kot mlada \u017eenska, ki ka\u010di, simbolu medicine, ponuja \u010da\u0161o vode. Od tod izvira izraz higiena, ki je kot zdravstvena preventiva imela pri starih Grkih velik pomen. Z dvignjeno brado in oblastnim pogledom gleda \u017eenska neposredno v opazovalca slike, zato njena dr\u017ea povzro\u010da vpra\u0161anje: ali ponuja skledo ali jo posmehljivo dr\u017ei? Ocenjeno je bilo, da kompozicija ne ponazarja medicinskega napredka. \u0160e ve\u010d: kritiki so Klimta napadli zaradi \"pornografije\" in \"perverzne ekscesnosti\" na slikah, zato nobena od treh slik ni bila nikoli razstavljena na dunajski univerzi. Lastnosti:    Naslov dela: Higieja    Tehnika: Umetni\u0161ka reprodukcija    Zunanja dimenzija: 25 x 30 cm; 16 x 29 cm    Omejena naklada     Eleganten, brez\u010dasen dizajn    Idealno darilo za ljubitelje Klimta in klasike  [:]","og_url":"https:\/\/skrina.si\/en\/product\/gustav-klimt-higieja-grafika\/","og_site_name":"Etnogalerija Skrina","article_modified_time":"2024-04-12T21:57:48+00:00","og_image":[{"width":2000,"height":1500,"url":"https:\/\/skrina.si\/wp-content\/uploads\/2022\/07\/Gustav-Klimt-slika-Medizine-Etno-galerija-Skrina.jpg","type":"image\/jpeg"}],"twitter_card":"summary_large_image","schema":{"@context":"https:\/\/schema.org","@graph":[{"@type":"WebPage","@id":"https:\/\/skrina.si\/en\/product\/gustav-klimt-higieja-grafika\/","url":"https:\/\/skrina.si\/en\/product\/gustav-klimt-higieja-grafika\/","name":"[:sl]Higieja[:] - Etnogalerija Skrina","isPartOf":{"@id":"https:\/\/skrina.si\/en\/#website"},"datePublished":"2022-07-29T10:22:43+00:00","dateModified":"2024-04-12T21:57:48+00:00","breadcrumb":{"@id":"https:\/\/skrina.si\/en\/product\/gustav-klimt-higieja-grafika\/#breadcrumb"},"inLanguage":"en-GB","potentialAction":[{"@type":"ReadAction","target":["https:\/\/skrina.si\/en\/product\/gustav-klimt-higieja-grafika\/"]}]},{"@type":"BreadcrumbList","@id":"https:\/\/skrina.si\/en\/product\/gustav-klimt-higieja-grafika\/#breadcrumb","itemListElement":[{"@type":"ListItem","position":1,"name":"Home","item":"https:\/\/skrina.si\/en\/"},{"@type":"ListItem","position":2,"name":"Shop","item":"https:\/\/skrina.si\/shop\/"},{"@type":"ListItem","position":3,"name":"Higieja"}]},{"@type":"WebSite","@id":"https:\/\/skrina.si\/en\/#website","url":"https:\/\/skrina.si\/en\/","name":"Etnogalerija Skrina","description":"Tradicija s posluhom","potentialAction":[{"@type":"SearchAction","target":{"@type":"EntryPoint","urlTemplate":"https:\/\/skrina.si\/en\/?s={search_term_string}"},"query-input":"required name=search_term_string"}],"inLanguage":"en-GB"}]}},"_links":{"self":[{"href":"https:\/\/skrina.si\/en\/wp-json\/wp\/v2\/product\/11407"}],"collection":[{"href":"https:\/\/skrina.si\/en\/wp-json\/wp\/v2\/product"}],"about":[{"href":"https:\/\/skrina.si\/en\/wp-json\/wp\/v2\/types\/product"}],"wp:featuredmedia":[{"embeddable":true,"href":"https:\/\/skrina.si\/en\/wp-json\/wp\/v2\/media\/11372"}],"wp:attachment":[{"href":"https:\/\/skrina.si\/en\/wp-json\/wp\/v2\/media?parent=11407"}],"wp:term":[{"taxonomy":"product_cat","embeddable":true,"href":"https:\/\/skrina.si\/en\/wp-json\/wp\/v2\/product_cat?post=11407"},{"taxonomy":"product_tag","embeddable":true,"href":"https:\/\/skrina.si\/en\/wp-json\/wp\/v2\/product_tag?post=11407"}],"curies":[{"name":"wp","href":"https:\/\/api.w.org\/{rel}","templated":true}]}}