{"id":11393,"date":"2022-07-29T09:40:46","date_gmt":"2022-07-29T09:40:46","guid":{"rendered":"https:\/\/skrina.si\/?post_type=product&#038;p=11393"},"modified":"2024-04-13T00:01:21","modified_gmt":"2024-04-12T22:01:21","slug":"stenski-krozniki-2","status":"publish","type":"product","link":"https:\/\/skrina.si\/en\/product\/stenski-krozniki-2\/","title":{"rendered":"Stenski kro\u017eniki"},"content":{"rendered":"","protected":false},"excerpt":{"rendered":"<h5 style=\"text-align: justify;\">Slikar <strong><em>Gustav Klimt<\/em><\/strong> (1862 &#8211; 1918)\u00a0 velja za vodilnega predstavnika dunajske secesije, njegovi portreti pa brez dvoma sodijo med najve\u010dje kulturne dose\u017eke tega obdobja.<br \/>\nVe\u010d kot sto let po nastanku, so njegove veli\u010dastne slike enako, ali pa \u0161e bolj, priljubljene kot neko\u010d. Zbiratelji so zanje pripravljeni pla\u010dati vrtoglave vsote &#8211;\u00a0 Adele Bloch-Bauer I so leta 2006 prodali za skoraj 107 milijonov evrov. Na sre\u010do, so Klimtove impresivne podobe upodobljene tudi <strong><em>visoko kakovostnih reprodukcijah,<\/em><\/strong><strong><em> dekorativnih stenskih <\/em><\/strong><strong><em>kro\u017enikih<\/em><\/strong> in tako dosegljive \u0161e ostalim ljubiteljem umetnosti.<br \/>\nIzbirate lahko med vedno aktualnim <strong><em>Poljubom,<\/em><\/strong> simbolnim <strong><em>Drevesom \u017eivljenja<\/em><\/strong>, morda pa vas bo navdu\u0161ila veli\u010dastna<strong><em> Izpolnitev. <\/em><\/strong>Ne glede na to, ali gre za darilo za valentinovo, rojstnodnevno darilo, bo\u017ei\u010dno darilo ali samo kak\u0161no malenkost za lep\u0161i dan so slike s Klimtovimi muzami <strong><em>vedno prava izbira.<\/em><\/strong><\/h5>\n<h6><em>Lastnosti:<\/em><\/h6>\n<ul>\n<li>\n<h6><em>Stenski kro\u017enik &#8211; velikost: 23 x 23 x 2 cm<\/em><\/h6>\n<\/li>\n<li>\n<h6><em>Material: Porcelan z razko\u0161no dekoracijo iz pravega zlata<\/em><\/h6>\n<\/li>\n<li>\n<h6><em>V darilni embala\u017ei<\/em><\/h6>\n<\/li>\n<li>\n<h6><em>Oblikovano z ljubeznijo do detajlov<\/em><\/h6>\n<\/li>\n<li>\n<h6><em>Eleganten, brez\u010dasen dizajn<\/em><\/h6>\n<\/li>\n<li>\n<h6><em>Idealno darilo za ljubitelje Klimta in klasike<\/em><\/h6>\n<\/li>\n<\/ul>\n","protected":false},"featured_media":11369,"template":"","meta":{"_monsterinsights_skip_tracking":false,"_monsterinsights_sitenote_active":false,"_monsterinsights_sitenote_note":"","_monsterinsights_sitenote_category":0},"product_cat":[748],"product_tag":[328,289],"aioseo_notices":[],"yoast_head":"<!-- This site is optimized with the Yoast SEO plugin v22.1 - https:\/\/yoast.com\/wordpress\/plugins\/seo\/ -->\n<title>Stenski kro\u017eniki - Etnogalerija Skrina<\/title>\n<meta name=\"robots\" content=\"index, follow, max-snippet:-1, max-image-preview:large, max-video-preview:-1\" \/>\n<link rel=\"canonical\" href=\"https:\/\/skrina.si\/en\/product\/stenski-krozniki-2\/\" \/>\n<meta property=\"og:locale\" content=\"en_GB\" \/>\n<meta property=\"og:locale:alternate\" content=\"sl_SI\" \/>\n<meta property=\"og:type\" content=\"article\" \/>\n<meta property=\"og:title\" content=\"Stenski kro\u017eniki\" \/>\n<meta property=\"og:description\" content=\"Slikar Gustav Klimt (1862 - 1918)\u00a0 velja za vodilnega predstavnika dunajske secesije, njegovi portreti pa brez dvoma sodijo med najve\u010dje kulturne dose\u017eke tega obdobja. Ve\u010d kot sto let po nastanku, so njegove veli\u010dastne slike enako, ali pa \u0161e bolj, priljubljene kot neko\u010d. Zbiratelji so zanje pripravljeni pla\u010dati vrtoglave vsote -\u00a0 Adele Bloch-Bauer I so leta 2006 prodali za skoraj 107 milijonov evrov. Na sre\u010do, so Klimtove impresivne podobe upodobljene tudi visoko kakovostnih reprodukcijah, dekorativnih stenskih kro\u017enikih in tako dosegljive \u0161e ostalim ljubiteljem umetnosti. Izbirate lahko med vedno aktualnim Poljubom, simbolnim Drevesom \u017eivljenja, morda pa vas bo navdu\u0161ila veli\u010dastna Izpolnitev. Ne glede na to, ali gre za darilo za valentinovo, rojstnodnevno darilo, bo\u017ei\u010dno darilo ali samo kak\u0161no malenkost za lep\u0161i dan so slike s Klimtovimi muzami vedno prava izbira. Lastnosti:    Stenski kro\u017enik - velikost: 23 x 23 x 2 cm    Material: Porcelan z razko\u0161no dekoracijo iz pravega zlata    V darilni embala\u017ei    Oblikovano z ljubeznijo do detajlov    Eleganten, brez\u010dasen dizajn    Idealno darilo za ljubitelje Klimta in klasike\" \/>\n<meta property=\"og:url\" content=\"https:\/\/skrina.si\/en\/product\/stenski-krozniki-2\/\" \/>\n<meta property=\"og:site_name\" content=\"Etnogalerija Skrina\" \/>\n<meta property=\"article:modified_time\" content=\"2024-04-12T22:01:21+00:00\" \/>\n<meta property=\"og:image\" content=\"https:\/\/skrina.si\/wp-content\/uploads\/2022\/07\/Gustav-Klimt-stenski-kroznik-Pricakovanje-Etno-galerija-Skrina.jpg\" \/>\n\t<meta property=\"og:image:width\" content=\"2000\" \/>\n\t<meta property=\"og:image:height\" content=\"1500\" \/>\n\t<meta property=\"og:image:type\" content=\"image\/jpeg\" \/>\n<meta name=\"twitter:card\" content=\"summary_large_image\" \/>\n<meta name=\"twitter:label1\" content=\"Estimated reading time\" \/>\n\t<meta name=\"twitter:data1\" content=\"1 minute\" \/>\n<script type=\"application\/ld+json\" class=\"yoast-schema-graph\">{\"@context\":\"https:\/\/schema.org\",\"@graph\":[{\"@type\":\"WebPage\",\"@id\":\"https:\/\/skrina.si\/en\/product\/stenski-krozniki-2\/\",\"url\":\"https:\/\/skrina.si\/en\/product\/stenski-krozniki-2\/\",\"name\":\"[:sl]Stenski kro\u017eniki[:] - Etnogalerija Skrina\",\"isPartOf\":{\"@id\":\"https:\/\/skrina.si\/en\/#website\"},\"datePublished\":\"2022-07-29T09:40:46+00:00\",\"dateModified\":\"2024-04-12T22:01:21+00:00\",\"breadcrumb\":{\"@id\":\"https:\/\/skrina.si\/en\/product\/stenski-krozniki-2\/#breadcrumb\"},\"inLanguage\":\"en-GB\",\"potentialAction\":[{\"@type\":\"ReadAction\",\"target\":[\"https:\/\/skrina.si\/en\/product\/stenski-krozniki-2\/\"]}]},{\"@type\":\"BreadcrumbList\",\"@id\":\"https:\/\/skrina.si\/en\/product\/stenski-krozniki-2\/#breadcrumb\",\"itemListElement\":[{\"@type\":\"ListItem\",\"position\":1,\"name\":\"Home\",\"item\":\"https:\/\/skrina.si\/en\/\"},{\"@type\":\"ListItem\",\"position\":2,\"name\":\"Shop\",\"item\":\"https:\/\/skrina.si\/shop\/\"},{\"@type\":\"ListItem\",\"position\":3,\"name\":\"Stenski kro\u017eniki\"}]},{\"@type\":\"WebSite\",\"@id\":\"https:\/\/skrina.si\/en\/#website\",\"url\":\"https:\/\/skrina.si\/en\/\",\"name\":\"Etnogalerija Skrina\",\"description\":\"Tradicija s posluhom\",\"potentialAction\":[{\"@type\":\"SearchAction\",\"target\":{\"@type\":\"EntryPoint\",\"urlTemplate\":\"https:\/\/skrina.si\/en\/?s={search_term_string}\"},\"query-input\":\"required name=search_term_string\"}],\"inLanguage\":\"en-GB\"}]}<\/script>\n<!-- \/ Yoast SEO plugin. -->","yoast_head_json":{"title":"Stenski kro\u017eniki - Etnogalerija Skrina","robots":{"index":"index","follow":"follow","max-snippet":"max-snippet:-1","max-image-preview":"max-image-preview:large","max-video-preview":"max-video-preview:-1"},"canonical":"https:\/\/skrina.si\/en\/product\/stenski-krozniki-2\/","og_locale":"en_GB","og_type":"article","og_title":"[:sl]Stenski kro\u017eniki[:] - Etnogalerija Skrina","og_description":"[:sl]Slikar Gustav Klimt (1862 - 1918)\u00a0 velja za vodilnega predstavnika dunajske secesije, njegovi portreti pa brez dvoma sodijo med najve\u010dje kulturne dose\u017eke tega obdobja. Ve\u010d kot sto let po nastanku, so njegove veli\u010dastne slike enako, ali pa \u0161e bolj, priljubljene kot neko\u010d. Zbiratelji so zanje pripravljeni pla\u010dati vrtoglave vsote -\u00a0 Adele Bloch-Bauer I so leta 2006 prodali za skoraj 107 milijonov evrov. Na sre\u010do, so Klimtove impresivne podobe upodobljene tudi visoko kakovostnih reprodukcijah, dekorativnih stenskih kro\u017enikih in tako dosegljive \u0161e ostalim ljubiteljem umetnosti. Izbirate lahko med vedno aktualnim Poljubom, simbolnim Drevesom \u017eivljenja, morda pa vas bo navdu\u0161ila veli\u010dastna Izpolnitev. Ne glede na to, ali gre za darilo za valentinovo, rojstnodnevno darilo, bo\u017ei\u010dno darilo ali samo kak\u0161no malenkost za lep\u0161i dan so slike s Klimtovimi muzami vedno prava izbira. Lastnosti:    Stenski kro\u017enik - velikost: 23 x 23 x 2 cm    Material: Porcelan z razko\u0161no dekoracijo iz pravega zlata    V darilni embala\u017ei    Oblikovano z ljubeznijo do detajlov    Eleganten, brez\u010dasen dizajn    Idealno darilo za ljubitelje Klimta in klasike  [:]","og_url":"https:\/\/skrina.si\/en\/product\/stenski-krozniki-2\/","og_site_name":"Etnogalerija Skrina","article_modified_time":"2024-04-12T22:01:21+00:00","og_image":[{"width":2000,"height":1500,"url":"https:\/\/skrina.si\/wp-content\/uploads\/2022\/07\/Gustav-Klimt-stenski-kroznik-Pricakovanje-Etno-galerija-Skrina.jpg","type":"image\/jpeg"}],"twitter_card":"summary_large_image","twitter_misc":{"Estimated reading time":"1 minute"},"schema":{"@context":"https:\/\/schema.org","@graph":[{"@type":"WebPage","@id":"https:\/\/skrina.si\/en\/product\/stenski-krozniki-2\/","url":"https:\/\/skrina.si\/en\/product\/stenski-krozniki-2\/","name":"[:sl]Stenski kro\u017eniki[:] - Etnogalerija Skrina","isPartOf":{"@id":"https:\/\/skrina.si\/en\/#website"},"datePublished":"2022-07-29T09:40:46+00:00","dateModified":"2024-04-12T22:01:21+00:00","breadcrumb":{"@id":"https:\/\/skrina.si\/en\/product\/stenski-krozniki-2\/#breadcrumb"},"inLanguage":"en-GB","potentialAction":[{"@type":"ReadAction","target":["https:\/\/skrina.si\/en\/product\/stenski-krozniki-2\/"]}]},{"@type":"BreadcrumbList","@id":"https:\/\/skrina.si\/en\/product\/stenski-krozniki-2\/#breadcrumb","itemListElement":[{"@type":"ListItem","position":1,"name":"Home","item":"https:\/\/skrina.si\/en\/"},{"@type":"ListItem","position":2,"name":"Shop","item":"https:\/\/skrina.si\/shop\/"},{"@type":"ListItem","position":3,"name":"Stenski kro\u017eniki"}]},{"@type":"WebSite","@id":"https:\/\/skrina.si\/en\/#website","url":"https:\/\/skrina.si\/en\/","name":"Etnogalerija Skrina","description":"Tradicija s posluhom","potentialAction":[{"@type":"SearchAction","target":{"@type":"EntryPoint","urlTemplate":"https:\/\/skrina.si\/en\/?s={search_term_string}"},"query-input":"required name=search_term_string"}],"inLanguage":"en-GB"}]}},"_links":{"self":[{"href":"https:\/\/skrina.si\/en\/wp-json\/wp\/v2\/product\/11393"}],"collection":[{"href":"https:\/\/skrina.si\/en\/wp-json\/wp\/v2\/product"}],"about":[{"href":"https:\/\/skrina.si\/en\/wp-json\/wp\/v2\/types\/product"}],"wp:featuredmedia":[{"embeddable":true,"href":"https:\/\/skrina.si\/en\/wp-json\/wp\/v2\/media\/11369"}],"wp:attachment":[{"href":"https:\/\/skrina.si\/en\/wp-json\/wp\/v2\/media?parent=11393"}],"wp:term":[{"taxonomy":"product_cat","embeddable":true,"href":"https:\/\/skrina.si\/en\/wp-json\/wp\/v2\/product_cat?post=11393"},{"taxonomy":"product_tag","embeddable":true,"href":"https:\/\/skrina.si\/en\/wp-json\/wp\/v2\/product_tag?post=11393"}],"curies":[{"name":"wp","href":"https:\/\/api.w.org\/{rel}","templated":true}]}}