{"id":11388,"date":"2022-07-29T10:49:45","date_gmt":"2022-07-29T10:49:45","guid":{"rendered":"https:\/\/skrina.si\/?post_type=product&#038;p=11388"},"modified":"2024-04-12T23:56:29","modified_gmt":"2024-04-12T21:56:29","slug":"gustav-klimt-slika-poljub","status":"publish","type":"product","link":"https:\/\/skrina.si\/en\/product\/gustav-klimt-slika-poljub\/","title":{"rendered":"Poljub"},"content":{"rendered":"","protected":false},"excerpt":{"rendered":"<h5><strong><em>Poljub<\/em><\/strong> je najbolj znana Klimtova slika in velja za vrhunec njegovega \u00bbzlatega obdobja\u00ab, kjer svetle\u010di geometri\u010dni ornament grozi, da bo pogoltnil ljubimca. Figuri objema obilje srebrnih, zlatih in platinastih listi\u010dev, par kle\u010di na \u010dudovitem cvetli\u010dnem nasipu. Mo\u0161ko ogrinjalo je sestavljeno iz \u010drnih in belih pravokotnikov, njihova oglatost je pravo nasprotje \u017eenskega obla\u010dila v ro\u017enatem vzorcu, ki je mehko in barvito. Ta pravlji\u010dna in za tiste \u010dase nenavadna dekoracija se na prefinjen na\u010din zliva s \u010dustvenostjo v dovr\u0161eno celoto.<br \/>\nKlimt je bil predan eksperimentiranju in v slikah se je rad ukvarjal z nejasno lo\u010dnico med psihi\u010dnim notranjim svetom in zunanjo resni\u010dnostjo.<\/h5>\n<h6><em>Lastnosti:<\/em><\/h6>\n<ul>\n<li>\n<h6><em>Naslov dela: Poljub<\/em><\/h6>\n<\/li>\n<li>\n<h6><em>Tehnika: Umetni\u0161ka reprodukcija<\/em><\/h6>\n<\/li>\n<li>\n<h6><em>Zunanja dimenzija: 25 x 30 cm; 16 x 29 cm<\/em><\/h6>\n<\/li>\n<li>\n<h6><em>Omejena naklada <\/em><\/h6>\n<\/li>\n<li>\n<h6><em>Eleganten, brez\u010dasen dizajn<\/em><\/h6>\n<\/li>\n<li>\n<h6><em>Idealno darilo za ljubitelje Klimta in klasike<\/em><\/h6>\n<\/li>\n<\/ul>\n","protected":false},"featured_media":11389,"template":"","meta":{"_monsterinsights_skip_tracking":false,"_monsterinsights_sitenote_active":false,"_monsterinsights_sitenote_note":"","_monsterinsights_sitenote_category":0},"product_cat":[748],"product_tag":[],"aioseo_notices":[],"yoast_head":"<!-- This site is optimized with the Yoast SEO plugin v22.1 - https:\/\/yoast.com\/wordpress\/plugins\/seo\/ -->\n<title>Poljub - Etnogalerija Skrina<\/title>\n<meta name=\"robots\" content=\"index, follow, max-snippet:-1, max-image-preview:large, max-video-preview:-1\" \/>\n<link rel=\"canonical\" href=\"https:\/\/skrina.si\/en\/product\/gustav-klimt-slika-poljub\/\" \/>\n<meta property=\"og:locale\" content=\"en_GB\" \/>\n<meta property=\"og:locale:alternate\" content=\"sl_SI\" \/>\n<meta property=\"og:type\" content=\"article\" \/>\n<meta property=\"og:title\" content=\"Poljub\" \/>\n<meta property=\"og:description\" content=\"Poljub je najbolj znana Klimtova slika in velja za vrhunec njegovega \u00bbzlatega obdobja\u00ab, kjer svetle\u010di geometri\u010dni ornament grozi, da bo pogoltnil ljubimca. Figuri objema obilje srebrnih, zlatih in platinastih listi\u010dev, par kle\u010di na \u010dudovitem cvetli\u010dnem nasipu. Mo\u0161ko ogrinjalo je sestavljeno iz \u010drnih in belih pravokotnikov, njihova oglatost je pravo nasprotje \u017eenskega obla\u010dila v ro\u017enatem vzorcu, ki je mehko in barvito. Ta pravlji\u010dna in za tiste \u010dase nenavadna dekoracija se na prefinjen na\u010din zliva s \u010dustvenostjo v dovr\u0161eno celoto. Klimt je bil predan eksperimentiranju in v slikah se je rad ukvarjal z nejasno lo\u010dnico med psihi\u010dnim notranjim svetom in zunanjo resni\u010dnostjo. Lastnosti:    Naslov dela: Poljub    Tehnika: Umetni\u0161ka reprodukcija    Zunanja dimenzija: 25 x 30 cm; 16 x 29 cm    Omejena naklada     Eleganten, brez\u010dasen dizajn    Idealno darilo za ljubitelje Klimta in klasike\" \/>\n<meta property=\"og:url\" content=\"https:\/\/skrina.si\/en\/product\/gustav-klimt-slika-poljub\/\" \/>\n<meta property=\"og:site_name\" content=\"Etnogalerija Skrina\" \/>\n<meta property=\"article:modified_time\" content=\"2024-04-12T21:56:29+00:00\" \/>\n<meta property=\"og:image\" content=\"https:\/\/skrina.si\/wp-content\/uploads\/2022\/07\/Gustav-Klimt-slika-Poljub-Etno-galerija-Skrina.jpg\" \/>\n\t<meta property=\"og:image:width\" content=\"2000\" \/>\n\t<meta property=\"og:image:height\" content=\"1500\" \/>\n\t<meta property=\"og:image:type\" content=\"image\/jpeg\" \/>\n<meta name=\"twitter:card\" content=\"summary_large_image\" \/>\n<script type=\"application\/ld+json\" class=\"yoast-schema-graph\">{\"@context\":\"https:\/\/schema.org\",\"@graph\":[{\"@type\":\"WebPage\",\"@id\":\"https:\/\/skrina.si\/en\/product\/gustav-klimt-slika-poljub\/\",\"url\":\"https:\/\/skrina.si\/en\/product\/gustav-klimt-slika-poljub\/\",\"name\":\"[:sl]Poljub[:] - Etnogalerija Skrina\",\"isPartOf\":{\"@id\":\"https:\/\/skrina.si\/en\/#website\"},\"datePublished\":\"2022-07-29T10:49:45+00:00\",\"dateModified\":\"2024-04-12T21:56:29+00:00\",\"breadcrumb\":{\"@id\":\"https:\/\/skrina.si\/en\/product\/gustav-klimt-slika-poljub\/#breadcrumb\"},\"inLanguage\":\"en-GB\",\"potentialAction\":[{\"@type\":\"ReadAction\",\"target\":[\"https:\/\/skrina.si\/en\/product\/gustav-klimt-slika-poljub\/\"]}]},{\"@type\":\"BreadcrumbList\",\"@id\":\"https:\/\/skrina.si\/en\/product\/gustav-klimt-slika-poljub\/#breadcrumb\",\"itemListElement\":[{\"@type\":\"ListItem\",\"position\":1,\"name\":\"Home\",\"item\":\"https:\/\/skrina.si\/en\/\"},{\"@type\":\"ListItem\",\"position\":2,\"name\":\"Shop\",\"item\":\"https:\/\/skrina.si\/shop\/\"},{\"@type\":\"ListItem\",\"position\":3,\"name\":\"Poljub\"}]},{\"@type\":\"WebSite\",\"@id\":\"https:\/\/skrina.si\/en\/#website\",\"url\":\"https:\/\/skrina.si\/en\/\",\"name\":\"Etnogalerija Skrina\",\"description\":\"Tradicija s posluhom\",\"potentialAction\":[{\"@type\":\"SearchAction\",\"target\":{\"@type\":\"EntryPoint\",\"urlTemplate\":\"https:\/\/skrina.si\/en\/?s={search_term_string}\"},\"query-input\":\"required name=search_term_string\"}],\"inLanguage\":\"en-GB\"}]}<\/script>\n<!-- \/ Yoast SEO plugin. -->","yoast_head_json":{"title":"Poljub - Etnogalerija Skrina","robots":{"index":"index","follow":"follow","max-snippet":"max-snippet:-1","max-image-preview":"max-image-preview:large","max-video-preview":"max-video-preview:-1"},"canonical":"https:\/\/skrina.si\/en\/product\/gustav-klimt-slika-poljub\/","og_locale":"en_GB","og_type":"article","og_title":"[:sl]Poljub[:] - Etnogalerija Skrina","og_description":"[:sl]Poljub je najbolj znana Klimtova slika in velja za vrhunec njegovega \u00bbzlatega obdobja\u00ab, kjer svetle\u010di geometri\u010dni ornament grozi, da bo pogoltnil ljubimca. Figuri objema obilje srebrnih, zlatih in platinastih listi\u010dev, par kle\u010di na \u010dudovitem cvetli\u010dnem nasipu. Mo\u0161ko ogrinjalo je sestavljeno iz \u010drnih in belih pravokotnikov, njihova oglatost je pravo nasprotje \u017eenskega obla\u010dila v ro\u017enatem vzorcu, ki je mehko in barvito. Ta pravlji\u010dna in za tiste \u010dase nenavadna dekoracija se na prefinjen na\u010din zliva s \u010dustvenostjo v dovr\u0161eno celoto. Klimt je bil predan eksperimentiranju in v slikah se je rad ukvarjal z nejasno lo\u010dnico med psihi\u010dnim notranjim svetom in zunanjo resni\u010dnostjo. Lastnosti:    Naslov dela: Poljub    Tehnika: Umetni\u0161ka reprodukcija    Zunanja dimenzija: 25 x 30 cm; 16 x 29 cm    Omejena naklada     Eleganten, brez\u010dasen dizajn    Idealno darilo za ljubitelje Klimta in klasike  [:]","og_url":"https:\/\/skrina.si\/en\/product\/gustav-klimt-slika-poljub\/","og_site_name":"Etnogalerija Skrina","article_modified_time":"2024-04-12T21:56:29+00:00","og_image":[{"width":2000,"height":1500,"url":"https:\/\/skrina.si\/wp-content\/uploads\/2022\/07\/Gustav-Klimt-slika-Poljub-Etno-galerija-Skrina.jpg","type":"image\/jpeg"}],"twitter_card":"summary_large_image","schema":{"@context":"https:\/\/schema.org","@graph":[{"@type":"WebPage","@id":"https:\/\/skrina.si\/en\/product\/gustav-klimt-slika-poljub\/","url":"https:\/\/skrina.si\/en\/product\/gustav-klimt-slika-poljub\/","name":"[:sl]Poljub[:] - Etnogalerija Skrina","isPartOf":{"@id":"https:\/\/skrina.si\/en\/#website"},"datePublished":"2022-07-29T10:49:45+00:00","dateModified":"2024-04-12T21:56:29+00:00","breadcrumb":{"@id":"https:\/\/skrina.si\/en\/product\/gustav-klimt-slika-poljub\/#breadcrumb"},"inLanguage":"en-GB","potentialAction":[{"@type":"ReadAction","target":["https:\/\/skrina.si\/en\/product\/gustav-klimt-slika-poljub\/"]}]},{"@type":"BreadcrumbList","@id":"https:\/\/skrina.si\/en\/product\/gustav-klimt-slika-poljub\/#breadcrumb","itemListElement":[{"@type":"ListItem","position":1,"name":"Home","item":"https:\/\/skrina.si\/en\/"},{"@type":"ListItem","position":2,"name":"Shop","item":"https:\/\/skrina.si\/shop\/"},{"@type":"ListItem","position":3,"name":"Poljub"}]},{"@type":"WebSite","@id":"https:\/\/skrina.si\/en\/#website","url":"https:\/\/skrina.si\/en\/","name":"Etnogalerija Skrina","description":"Tradicija s posluhom","potentialAction":[{"@type":"SearchAction","target":{"@type":"EntryPoint","urlTemplate":"https:\/\/skrina.si\/en\/?s={search_term_string}"},"query-input":"required name=search_term_string"}],"inLanguage":"en-GB"}]}},"_links":{"self":[{"href":"https:\/\/skrina.si\/en\/wp-json\/wp\/v2\/product\/11388"}],"collection":[{"href":"https:\/\/skrina.si\/en\/wp-json\/wp\/v2\/product"}],"about":[{"href":"https:\/\/skrina.si\/en\/wp-json\/wp\/v2\/types\/product"}],"wp:featuredmedia":[{"embeddable":true,"href":"https:\/\/skrina.si\/en\/wp-json\/wp\/v2\/media\/11389"}],"wp:attachment":[{"href":"https:\/\/skrina.si\/en\/wp-json\/wp\/v2\/media?parent=11388"}],"wp:term":[{"taxonomy":"product_cat","embeddable":true,"href":"https:\/\/skrina.si\/en\/wp-json\/wp\/v2\/product_cat?post=11388"},{"taxonomy":"product_tag","embeddable":true,"href":"https:\/\/skrina.si\/en\/wp-json\/wp\/v2\/product_tag?post=11388"}],"curies":[{"name":"wp","href":"https:\/\/api.w.org\/{rel}","templated":true}]}}