{"id":11309,"date":"2022-07-25T10:12:08","date_gmt":"2022-07-25T10:12:08","guid":{"rendered":"https:\/\/skrina.si\/?post_type=product&#038;p=11309"},"modified":"2024-03-11T10:19:44","modified_gmt":"2024-03-11T09:19:44","slug":"slovenska-narodna-nosa-stajerska","status":"publish","type":"product","link":"https:\/\/skrina.si\/en\/product\/slovenska-narodna-nosa-stajerska\/","title":{"rendered":"Slovenska narodna no\u0161a &#8211; \u0160tajerska"},"content":{"rendered":"","protected":false},"excerpt":{"rendered":"<h5 style=\"text-align: justify;\">Na <strong><em>\u0160tajerskem<\/em><\/strong> so se med ljudmi dokaj dolgo ohranile nekatere starej\u0161e krojne in obla\u010dilne prvine.<br \/>\nKrila \u017eenskih narodnih no\u0161 so bila <em><strong>razli\u010dnih barv<\/strong><\/em>; zelena z rde\u010dim trakom, modra z roza \u017eivotkom, rjava s \u010drnimi trakovi in belo &#8220;untaro&#8221;. Ne glede na barvo krila pa je bil predpasnik skoraj vedno modre barve.<br \/>\nNo\u0161o so sestavljale \u0161e bele, pri gle\u017enju <strong><em>nabrane nogavice<\/em><\/strong>. Bilo je za\u017eeleno, da so <em><strong>\u010dim bolj nabrane<\/strong> <\/em>\u2013 veljalo je, da bolj kot so nogavice\u00a0 nabrane, bolj je dekle premo\u017eno.<br \/>\n\u010crni \u010devlji so bili pogosto okra\u0161eni z zaponko.<br \/>\n<strong><em>Mo\u0161ki<\/em><\/strong> so ob delovnih dneh nosili temne hla\u010de, izdelane iz volnenega blaga in telovnik iz doma\u010dega platna.<br \/>\nZa pra\u017enje dni pa so \u010dez brezrokavnike iz industrijskega blaga oblekli \u0161e <em><strong>rekelc in si nadeli klobuk.<\/strong><\/em><br \/>\nAlternativa\u00a0 visokim \u0161kornjem \u010dez kolena so bili \u00bbpol \u0161kornji\u00ab, ki so segali do gle\u017enjev.<br \/>\n<em>Opisane so zgolj nekatere zna\u010dilnosti \u0161tajerske no\u0161e.<\/em><\/h5>\n<h6><em>Lastnosti:<\/em><\/h6>\n<ul>\n<li>\n<h6><em>Velikost: <\/em><em>27 x 7 cm; 22 x 5 cm<\/em><\/h6>\n<\/li>\n<li>\n<h6><em>Velikost lutke za sol &amp; poper: <\/em><em>13 x 4,5 cm<\/em><\/h6>\n<\/li>\n<li>\n<h6><em>Velikos lutke za jaj\u010dka: 9 x 3,5<\/em><em> cm<\/em><\/h6>\n<\/li>\n<li>\n<h6><em>Material: les<\/em><\/h6>\n<\/li>\n<li>\n<h6><em>V darilni embala\u017ei<\/em><\/h6>\n<\/li>\n<li>\n<h6><em>Oblikovano z ljubeznijo do detajlov<\/em><\/h6>\n<\/li>\n<li>\n<h6><em>Idealno darilo za ljubitelje folklore in ljudskega izro\u010dila<\/em><\/h6>\n<\/li>\n<li>\n<h6><strong><em>Ro\u010dno barvano<\/em><\/strong><\/h6>\n<\/li>\n<\/ul>\n<h6><strong><em>\u00a0<\/em><\/strong><\/h6>\n","protected":false},"featured_media":13882,"template":"","meta":{"_monsterinsights_skip_tracking":false,"_monsterinsights_sitenote_active":false,"_monsterinsights_sitenote_note":"","_monsterinsights_sitenote_category":0},"product_cat":[103,237],"product_tag":[298,734],"aioseo_notices":[],"yoast_head":"<!-- This site is optimized with the Yoast SEO plugin v22.1 - https:\/\/yoast.com\/wordpress\/plugins\/seo\/ -->\n<title>Slovenska narodna no\u0161a - \u0160tajerska - Etnogalerija Skrina<\/title>\n<meta name=\"robots\" content=\"index, follow, max-snippet:-1, max-image-preview:large, max-video-preview:-1\" \/>\n<link rel=\"canonical\" href=\"https:\/\/skrina.si\/en\/product\/slovenska-narodna-nosa-stajerska\/\" \/>\n<meta property=\"og:locale\" content=\"en_GB\" \/>\n<meta property=\"og:locale:alternate\" content=\"sl_SI\" \/>\n<meta property=\"og:type\" content=\"article\" \/>\n<meta property=\"og:title\" content=\"Slovenska narodna no\u0161a - \u0160tajerska - Etnogalerija Skrina\" \/>\n<meta property=\"og:description\" content=\"Na \u0160tajerskem so se med ljudmi dokaj dolgo ohranile nekatere starej\u0161e krojne in obla\u010dilne prvine. Krila \u017eenskih narodnih no\u0161 so bila razli\u010dnih barv; zelena z rde\u010dim trakom, modra z roza \u017eivotkom, rjava s \u010drnimi trakovi in belo &quot;untaro&quot;. Ne glede na barvo krila pa je bil predpasnik skoraj vedno modre barve. No\u0161o so sestavljale \u0161e bele, pri gle\u017enju nabrane nogavice. Bilo je za\u017eeleno, da so \u010dim bolj nabrane \u2013 veljalo je, da bolj kot so nogavice\u00a0 nabrane, bolj je dekle premo\u017eno. \u010crni \u010devlji so bili pogosto okra\u0161eni z zaponko. Mo\u0161ki so ob delovnih dneh nosili temne hla\u010de, izdelane iz volnenega blaga in telovnik iz doma\u010dega platna. Za pra\u017enje dni pa so \u010dez brezrokavnike iz industrijskega blaga oblekli \u0161e rekelc in si nadeli klobuk. Alternativa\u00a0 visokim \u0161kornjem \u010dez kolena so bili \u00bbpol \u0161kornji\u00ab, ki so segali do gle\u017enjev. Opisane so zgolj nekatere zna\u010dilnosti \u0161tajerske no\u0161e. Lastnosti:    Velikost: 27 x 7 cm; 22 x 5 cm    Velikost lutke za sol &amp; poper: 13 x 4,5 cm    Velikos lutke za jaj\u010dka: 9 x 3,5 cm    Material: les    V darilni embala\u017ei    Oblikovano z ljubeznijo do detajlov    Idealno darilo za ljubitelje folklore in ljudskega izro\u010dila    Ro\u010dno barvano   \u00a0\" \/>\n<meta property=\"og:url\" content=\"https:\/\/skrina.si\/en\/product\/slovenska-narodna-nosa-stajerska\/\" \/>\n<meta property=\"og:site_name\" content=\"Etnogalerija Skrina\" \/>\n<meta property=\"article:modified_time\" content=\"2024-03-11T09:19:44+00:00\" \/>\n<meta property=\"og:image\" content=\"https:\/\/skrina.si\/wp-content\/uploads\/2022\/07\/Stajerska-narodna-nosa-les-Etno-galerija-skrina-Tradicija-s-posluhom-spredaj-3.jpg\" \/>\n\t<meta property=\"og:image:width\" content=\"2000\" \/>\n\t<meta property=\"og:image:height\" content=\"1500\" \/>\n\t<meta property=\"og:image:type\" content=\"image\/jpeg\" \/>\n<meta name=\"twitter:card\" content=\"summary_large_image\" \/>\n<meta name=\"twitter:label1\" content=\"Estimated reading time\" \/>\n\t<meta name=\"twitter:data1\" content=\"1 minute\" \/>\n<script type=\"application\/ld+json\" class=\"yoast-schema-graph\">{\"@context\":\"https:\/\/schema.org\",\"@graph\":[{\"@type\":\"WebPage\",\"@id\":\"https:\/\/skrina.si\/en\/product\/slovenska-narodna-nosa-stajerska\/\",\"url\":\"https:\/\/skrina.si\/en\/product\/slovenska-narodna-nosa-stajerska\/\",\"name\":\"Slovenska narodna no\u0161a - \u0160tajerska - Etnogalerija Skrina\",\"isPartOf\":{\"@id\":\"https:\/\/skrina.si\/en\/#website\"},\"datePublished\":\"2022-07-25T10:12:08+00:00\",\"dateModified\":\"2024-03-11T09:19:44+00:00\",\"breadcrumb\":{\"@id\":\"https:\/\/skrina.si\/en\/product\/slovenska-narodna-nosa-stajerska\/#breadcrumb\"},\"inLanguage\":\"en-GB\",\"potentialAction\":[{\"@type\":\"ReadAction\",\"target\":[\"https:\/\/skrina.si\/en\/product\/slovenska-narodna-nosa-stajerska\/\"]}]},{\"@type\":\"BreadcrumbList\",\"@id\":\"https:\/\/skrina.si\/en\/product\/slovenska-narodna-nosa-stajerska\/#breadcrumb\",\"itemListElement\":[{\"@type\":\"ListItem\",\"position\":1,\"name\":\"Home\",\"item\":\"https:\/\/skrina.si\/en\/\"},{\"@type\":\"ListItem\",\"position\":2,\"name\":\"Shop\",\"item\":\"https:\/\/skrina.si\/shop\/\"},{\"@type\":\"ListItem\",\"position\":3,\"name\":\"Slovenska narodna no\u0161a &#8211; \u0160tajerska\"}]},{\"@type\":\"WebSite\",\"@id\":\"https:\/\/skrina.si\/en\/#website\",\"url\":\"https:\/\/skrina.si\/en\/\",\"name\":\"Etnogalerija Skrina\",\"description\":\"Tradicija s posluhom\",\"potentialAction\":[{\"@type\":\"SearchAction\",\"target\":{\"@type\":\"EntryPoint\",\"urlTemplate\":\"https:\/\/skrina.si\/en\/?s={search_term_string}\"},\"query-input\":\"required name=search_term_string\"}],\"inLanguage\":\"en-GB\"}]}<\/script>\n<!-- \/ Yoast SEO plugin. -->","yoast_head_json":{"title":"Slovenska narodna no\u0161a - \u0160tajerska - Etnogalerija Skrina","robots":{"index":"index","follow":"follow","max-snippet":"max-snippet:-1","max-image-preview":"max-image-preview:large","max-video-preview":"max-video-preview:-1"},"canonical":"https:\/\/skrina.si\/en\/product\/slovenska-narodna-nosa-stajerska\/","og_locale":"en_GB","og_type":"article","og_title":"Slovenska narodna no\u0161a - \u0160tajerska - Etnogalerija Skrina","og_description":"Na \u0160tajerskem so se med ljudmi dokaj dolgo ohranile nekatere starej\u0161e krojne in obla\u010dilne prvine. Krila \u017eenskih narodnih no\u0161 so bila razli\u010dnih barv; zelena z rde\u010dim trakom, modra z roza \u017eivotkom, rjava s \u010drnimi trakovi in belo \"untaro\". Ne glede na barvo krila pa je bil predpasnik skoraj vedno modre barve. No\u0161o so sestavljale \u0161e bele, pri gle\u017enju nabrane nogavice. Bilo je za\u017eeleno, da so \u010dim bolj nabrane \u2013 veljalo je, da bolj kot so nogavice\u00a0 nabrane, bolj je dekle premo\u017eno. \u010crni \u010devlji so bili pogosto okra\u0161eni z zaponko. Mo\u0161ki so ob delovnih dneh nosili temne hla\u010de, izdelane iz volnenega blaga in telovnik iz doma\u010dega platna. Za pra\u017enje dni pa so \u010dez brezrokavnike iz industrijskega blaga oblekli \u0161e rekelc in si nadeli klobuk. Alternativa\u00a0 visokim \u0161kornjem \u010dez kolena so bili \u00bbpol \u0161kornji\u00ab, ki so segali do gle\u017enjev. Opisane so zgolj nekatere zna\u010dilnosti \u0161tajerske no\u0161e. Lastnosti:    Velikost: 27 x 7 cm; 22 x 5 cm    Velikost lutke za sol &amp; poper: 13 x 4,5 cm    Velikos lutke za jaj\u010dka: 9 x 3,5 cm    Material: les    V darilni embala\u017ei    Oblikovano z ljubeznijo do detajlov    Idealno darilo za ljubitelje folklore in ljudskega izro\u010dila    Ro\u010dno barvano   \u00a0","og_url":"https:\/\/skrina.si\/en\/product\/slovenska-narodna-nosa-stajerska\/","og_site_name":"Etnogalerija Skrina","article_modified_time":"2024-03-11T09:19:44+00:00","og_image":[{"width":2000,"height":1500,"url":"https:\/\/skrina.si\/wp-content\/uploads\/2022\/07\/Stajerska-narodna-nosa-les-Etno-galerija-skrina-Tradicija-s-posluhom-spredaj-3.jpg","type":"image\/jpeg"}],"twitter_card":"summary_large_image","twitter_misc":{"Estimated reading time":"1 minute"},"schema":{"@context":"https:\/\/schema.org","@graph":[{"@type":"WebPage","@id":"https:\/\/skrina.si\/en\/product\/slovenska-narodna-nosa-stajerska\/","url":"https:\/\/skrina.si\/en\/product\/slovenska-narodna-nosa-stajerska\/","name":"Slovenska narodna no\u0161a - \u0160tajerska - Etnogalerija Skrina","isPartOf":{"@id":"https:\/\/skrina.si\/en\/#website"},"datePublished":"2022-07-25T10:12:08+00:00","dateModified":"2024-03-11T09:19:44+00:00","breadcrumb":{"@id":"https:\/\/skrina.si\/en\/product\/slovenska-narodna-nosa-stajerska\/#breadcrumb"},"inLanguage":"en-GB","potentialAction":[{"@type":"ReadAction","target":["https:\/\/skrina.si\/en\/product\/slovenska-narodna-nosa-stajerska\/"]}]},{"@type":"BreadcrumbList","@id":"https:\/\/skrina.si\/en\/product\/slovenska-narodna-nosa-stajerska\/#breadcrumb","itemListElement":[{"@type":"ListItem","position":1,"name":"Home","item":"https:\/\/skrina.si\/en\/"},{"@type":"ListItem","position":2,"name":"Shop","item":"https:\/\/skrina.si\/shop\/"},{"@type":"ListItem","position":3,"name":"Slovenska narodna no\u0161a &#8211; \u0160tajerska"}]},{"@type":"WebSite","@id":"https:\/\/skrina.si\/en\/#website","url":"https:\/\/skrina.si\/en\/","name":"Etnogalerija Skrina","description":"Tradicija s posluhom","potentialAction":[{"@type":"SearchAction","target":{"@type":"EntryPoint","urlTemplate":"https:\/\/skrina.si\/en\/?s={search_term_string}"},"query-input":"required name=search_term_string"}],"inLanguage":"en-GB"}]}},"_links":{"self":[{"href":"https:\/\/skrina.si\/en\/wp-json\/wp\/v2\/product\/11309"}],"collection":[{"href":"https:\/\/skrina.si\/en\/wp-json\/wp\/v2\/product"}],"about":[{"href":"https:\/\/skrina.si\/en\/wp-json\/wp\/v2\/types\/product"}],"wp:featuredmedia":[{"embeddable":true,"href":"https:\/\/skrina.si\/en\/wp-json\/wp\/v2\/media\/13882"}],"wp:attachment":[{"href":"https:\/\/skrina.si\/en\/wp-json\/wp\/v2\/media?parent=11309"}],"wp:term":[{"taxonomy":"product_cat","embeddable":true,"href":"https:\/\/skrina.si\/en\/wp-json\/wp\/v2\/product_cat?post=11309"},{"taxonomy":"product_tag","embeddable":true,"href":"https:\/\/skrina.si\/en\/wp-json\/wp\/v2\/product_tag?post=11309"}],"curies":[{"name":"wp","href":"https:\/\/api.w.org\/{rel}","templated":true}]}}