{"id":11307,"date":"2022-07-25T10:06:54","date_gmt":"2022-07-25T10:06:54","guid":{"rendered":"https:\/\/skrina.si\/?post_type=product&#038;p=11307"},"modified":"2024-03-26T18:05:17","modified_gmt":"2024-03-26T17:05:17","slug":"slovenska-narodna-nosa-ljubljana","status":"publish","type":"product","link":"https:\/\/skrina.si\/en\/product\/slovenska-narodna-nosa-ljubljana\/","title":{"rendered":"Slovenska narodna no\u0161a &#8211; Ljubljana"},"content":{"rendered":"","protected":false},"excerpt":{"rendered":"<h5 style=\"text-align: justify;\"><strong><em>Ljubljanska no\u0161a<\/em><\/strong> je imela precej notranjih razli\u010dic, velika razhajanja pa so bila tudi med prazni\u010dno in delovno no\u0161o. Delovne no\u0161e so bile krojene iz zelo poceni blaga, ob nedeljah in praznikih pa so si Ljubljan\u010dani radi nadeli obleke krojene iz bolj\u0161ega in dra\u017ejega materiala.<br \/>\n<strong><em>\u017denske <\/em><\/strong>so bile v veliki ve\u010dini pokrite s <strong><em>pe\u010dami<\/em>.<\/strong> Medtem, ko so bile preprostej\u0161e pe\u010de izdelane iz belega\u00a0 bomba\u017enega tila in samo zarobljene,\u00a0 so premo\u017enej\u0161e gospe nosile pe\u010de izdelane iz batista, muslina ali \u0161ifona in obrobljene s \u010dipko. Obleke razli\u010dnih barv (modra, zelena, vijoli\u010dasta, rde\u010da, siva) so bile prekrite s \u010drnim predpasnikom, ki je segal malo nad obleko in bil zaklju\u010den s \u010drno bomba\u017eno ali <strong><em>klekljano \u010dipko. <\/em><\/strong>Nekatera dekleta so si nadela \u0161e sklepanec in veri\u017eico.<br \/>\n<strong><em>Mo\u0161ki<\/em><\/strong> so ob delovnih dneh nosili temne hla\u010de in telovnik iz doma\u010dega platna, za pra\u017enje dni pa so \u010dez oblekli \u0161e <strong><em>rekelc<\/em><\/strong> iz industrijskega blaga in si nadeli \u0161e klobuk iz \u010drne klobu\u010devine. Pod ovratnik bele srajce so si radi pripeli <strong><em>nagelj <\/em><\/strong>ali rde\u010do rutico.<br \/>\n<em>Opisane so zgolj nekatere zna\u010dilnosti ljubljanske no\u0161e.<\/em><\/h5>\n<h6><em>Lastnosti:<\/em><\/h6>\n<ul>\n<li>\n<h6><em>Velikost: <\/em><em>27 x 7 cm; 22 x 5 cm<\/em><\/h6>\n<\/li>\n<li>\n<h6><em>Velikost lutke za sol &#038; poper: <\/em><em>13 x 4,5 cm<\/em><\/h6>\n<\/li>\n<li>\n<h6><em>Velikos lutke za jaj\u010dka: 9 x 3,5<\/em><em> cm<\/em><\/h6>\n<\/li>\n<li>\n<h6><em>Material: les<\/em><\/h6>\n<\/li>\n<li>\n<h6><em>V darilni embala\u017ei<\/em><\/h6>\n<\/li>\n<li>\n<h6><em>Oblikovano z ljubeznijo do detajlov<\/em><\/h6>\n<\/li>\n<li>\n<h6><em>Idealno darilo za ljubitelje folklore in ljudskega izro\u010dila<\/em><\/h6>\n<\/li>\n<\/ul>\n<h6><strong><em>Ro\u010dno barvano<\/em><\/strong><\/h6>\n","protected":false},"featured_media":11196,"template":"","meta":{"_monsterinsights_skip_tracking":false,"_monsterinsights_sitenote_active":false,"_monsterinsights_sitenote_note":"","_monsterinsights_sitenote_category":0},"product_cat":[103,237],"product_tag":[1394],"aioseo_notices":[],"yoast_head":"<!-- This site is optimized with the Yoast SEO plugin v22.1 - https:\/\/yoast.com\/wordpress\/plugins\/seo\/ -->\n<title>Slovenska narodna no\u0161a - Ljubljana[:] - Etnogalerija Skrina<\/title>\n<meta name=\"robots\" content=\"index, follow, max-snippet:-1, max-image-preview:large, max-video-preview:-1\" \/>\n<link rel=\"canonical\" href=\"https:\/\/skrina.si\/en\/product\/slovenska-narodna-nosa-ljubljana\/\" \/>\n<meta property=\"og:locale\" content=\"en_GB\" \/>\n<meta property=\"og:locale:alternate\" content=\"sl_SI\" \/>\n<meta property=\"og:type\" content=\"article\" \/>\n<meta property=\"og:title\" content=\"Slovenska narodna no\u0161a - Ljubljana\" \/>\n<meta property=\"og:description\" content=\"Ljubljanska no\u0161a je imela precej notranjih razli\u010dic, velika razhajanja pa so bila tudi med prazni\u010dno in delovno no\u0161o. Delovne no\u0161e so bile krojene iz zelo poceni blaga, ob nedeljah in praznikih pa so si Ljubljan\u010dani radi nadeli obleke krojene iz bolj\u0161ega in dra\u017ejega materiala. \u017denske so bile v veliki ve\u010dini pokrite s pe\u010dami. Medtem, ko so bile preprostej\u0161e pe\u010de izdelane iz belega\u00a0 bomba\u017enega tila in samo zarobljene,\u00a0 so premo\u017enej\u0161e gospe nosile pe\u010de izdelane iz batista, muslina ali \u0161ifona in obrobljene s \u010dipko. Obleke razli\u010dnih barv (modra, zelena, vijoli\u010dasta, rde\u010da, siva) so bile prekrite s \u010drnim predpasnikom, ki je segal malo nad obleko in bil zaklju\u010den s \u010drno bomba\u017eno ali klekljano \u010dipko. Nekatera dekleta so si nadela \u0161e sklepanec in veri\u017eico. Mo\u0161ki so ob delovnih dneh nosili temne hla\u010de in telovnik iz doma\u010dega platna, za pra\u017enje dni pa so \u010dez oblekli \u0161e rekelc iz industrijskega blaga in si nadeli \u0161e klobuk iz \u010drne klobu\u010devine. Pod ovratnik bele srajce so si radi pripeli nagelj ali rde\u010do rutico. Opisane so zgolj nekatere zna\u010dilnosti ljubljanske no\u0161e. Lastnosti:    Velikost: 27 x 7 cm; 22 x 5 cm    Velikost lutke za sol &amp; poper: 13 x 4,5 cm    Velikos lutke za jaj\u010dka: 9 x 3,5 cm    Material: les    V darilni embala\u017ei    Oblikovano z ljubeznijo do detajlov    Idealno darilo za ljubitelje folklore in ljudskega izro\u010dila   Ro\u010dno barvano\" \/>\n<meta property=\"og:url\" content=\"https:\/\/skrina.si\/en\/product\/slovenska-narodna-nosa-ljubljana\/\" \/>\n<meta property=\"og:site_name\" content=\"Etnogalerija Skrina\" \/>\n<meta property=\"article:modified_time\" content=\"2024-03-26T17:05:17+00:00\" \/>\n<meta property=\"og:image\" content=\"https:\/\/skrina.si\/wp-content\/uploads\/2022\/07\/ljubljana-etno-galerija-skrina-Tradicija-s-posluhom-slovenska-ljudska-nosa-les-spredaj.jpg\" \/>\n\t<meta property=\"og:image:width\" content=\"2000\" \/>\n\t<meta property=\"og:image:height\" content=\"1500\" \/>\n\t<meta property=\"og:image:type\" content=\"image\/jpeg\" \/>\n<meta name=\"twitter:card\" content=\"summary_large_image\" \/>\n<meta name=\"twitter:label1\" content=\"Estimated reading time\" \/>\n\t<meta name=\"twitter:data1\" content=\"1 minute\" \/>\n<script type=\"application\/ld+json\" class=\"yoast-schema-graph\">{\"@context\":\"https:\/\/schema.org\",\"@graph\":[{\"@type\":\"WebPage\",\"@id\":\"https:\/\/skrina.si\/en\/product\/slovenska-narodna-nosa-ljubljana\/\",\"url\":\"https:\/\/skrina.si\/en\/product\/slovenska-narodna-nosa-ljubljana\/\",\"name\":\"[:sl]Slovenska narodna no\u0161a - Ljubljana[:] - Etnogalerija Skrina\",\"isPartOf\":{\"@id\":\"https:\/\/skrina.si\/en\/#website\"},\"datePublished\":\"2022-07-25T10:06:54+00:00\",\"dateModified\":\"2024-03-26T17:05:17+00:00\",\"breadcrumb\":{\"@id\":\"https:\/\/skrina.si\/en\/product\/slovenska-narodna-nosa-ljubljana\/#breadcrumb\"},\"inLanguage\":\"en-GB\",\"potentialAction\":[{\"@type\":\"ReadAction\",\"target\":[\"https:\/\/skrina.si\/en\/product\/slovenska-narodna-nosa-ljubljana\/\"]}]},{\"@type\":\"BreadcrumbList\",\"@id\":\"https:\/\/skrina.si\/en\/product\/slovenska-narodna-nosa-ljubljana\/#breadcrumb\",\"itemListElement\":[{\"@type\":\"ListItem\",\"position\":1,\"name\":\"Home\",\"item\":\"https:\/\/skrina.si\/en\/\"},{\"@type\":\"ListItem\",\"position\":2,\"name\":\"Shop\",\"item\":\"https:\/\/skrina.si\/shop\/\"},{\"@type\":\"ListItem\",\"position\":3,\"name\":\"Slovenska narodna no\u0161a &#8211; Ljubljana\"}]},{\"@type\":\"WebSite\",\"@id\":\"https:\/\/skrina.si\/en\/#website\",\"url\":\"https:\/\/skrina.si\/en\/\",\"name\":\"Etnogalerija Skrina\",\"description\":\"Tradicija s posluhom\",\"potentialAction\":[{\"@type\":\"SearchAction\",\"target\":{\"@type\":\"EntryPoint\",\"urlTemplate\":\"https:\/\/skrina.si\/en\/?s={search_term_string}\"},\"query-input\":\"required name=search_term_string\"}],\"inLanguage\":\"en-GB\"}]}<\/script>\n<!-- \/ Yoast SEO plugin. -->","yoast_head_json":{"title":"Slovenska narodna no\u0161a - Ljubljana[:] - Etnogalerija Skrina","robots":{"index":"index","follow":"follow","max-snippet":"max-snippet:-1","max-image-preview":"max-image-preview:large","max-video-preview":"max-video-preview:-1"},"canonical":"https:\/\/skrina.si\/en\/product\/slovenska-narodna-nosa-ljubljana\/","og_locale":"en_GB","og_type":"article","og_title":"[:sl]Slovenska narodna no\u0161a - Ljubljana[:] - Etnogalerija Skrina","og_description":"[:sl]Ljubljanska no\u0161a je imela precej notranjih razli\u010dic, velika razhajanja pa so bila tudi med prazni\u010dno in delovno no\u0161o. Delovne no\u0161e so bile krojene iz zelo poceni blaga, ob nedeljah in praznikih pa so si Ljubljan\u010dani radi nadeli obleke krojene iz bolj\u0161ega in dra\u017ejega materiala. \u017denske so bile v veliki ve\u010dini pokrite s pe\u010dami. Medtem, ko so bile preprostej\u0161e pe\u010de izdelane iz belega\u00a0 bomba\u017enega tila in samo zarobljene,\u00a0 so premo\u017enej\u0161e gospe nosile pe\u010de izdelane iz batista, muslina ali \u0161ifona in obrobljene s \u010dipko. Obleke razli\u010dnih barv (modra, zelena, vijoli\u010dasta, rde\u010da, siva) so bile prekrite s \u010drnim predpasnikom, ki je segal malo nad obleko in bil zaklju\u010den s \u010drno bomba\u017eno ali klekljano \u010dipko. Nekatera dekleta so si nadela \u0161e sklepanec in veri\u017eico. Mo\u0161ki so ob delovnih dneh nosili temne hla\u010de in telovnik iz doma\u010dega platna, za pra\u017enje dni pa so \u010dez oblekli \u0161e rekelc iz industrijskega blaga in si nadeli \u0161e klobuk iz \u010drne klobu\u010devine. Pod ovratnik bele srajce so si radi pripeli nagelj ali rde\u010do rutico. Opisane so zgolj nekatere zna\u010dilnosti ljubljanske no\u0161e. Lastnosti:    Velikost: 27 x 7 cm; 22 x 5 cm    Velikost lutke za sol &amp; poper: 13 x 4,5 cm    Velikos lutke za jaj\u010dka: 9 x 3,5 cm    Material: les    V darilni embala\u017ei    Oblikovano z ljubeznijo do detajlov    Idealno darilo za ljubitelje folklore in ljudskega izro\u010dila   Ro\u010dno barvano[:]","og_url":"https:\/\/skrina.si\/en\/product\/slovenska-narodna-nosa-ljubljana\/","og_site_name":"Etnogalerija Skrina","article_modified_time":"2024-03-26T17:05:17+00:00","og_image":[{"width":2000,"height":1500,"url":"https:\/\/skrina.si\/wp-content\/uploads\/2022\/07\/ljubljana-etno-galerija-skrina-Tradicija-s-posluhom-slovenska-ljudska-nosa-les-spredaj.jpg","type":"image\/jpeg"}],"twitter_card":"summary_large_image","twitter_misc":{"Estimated reading time":"1 minute"},"schema":{"@context":"https:\/\/schema.org","@graph":[{"@type":"WebPage","@id":"https:\/\/skrina.si\/en\/product\/slovenska-narodna-nosa-ljubljana\/","url":"https:\/\/skrina.si\/en\/product\/slovenska-narodna-nosa-ljubljana\/","name":"[:sl]Slovenska narodna no\u0161a - Ljubljana[:] - Etnogalerija Skrina","isPartOf":{"@id":"https:\/\/skrina.si\/en\/#website"},"datePublished":"2022-07-25T10:06:54+00:00","dateModified":"2024-03-26T17:05:17+00:00","breadcrumb":{"@id":"https:\/\/skrina.si\/en\/product\/slovenska-narodna-nosa-ljubljana\/#breadcrumb"},"inLanguage":"en-GB","potentialAction":[{"@type":"ReadAction","target":["https:\/\/skrina.si\/en\/product\/slovenska-narodna-nosa-ljubljana\/"]}]},{"@type":"BreadcrumbList","@id":"https:\/\/skrina.si\/en\/product\/slovenska-narodna-nosa-ljubljana\/#breadcrumb","itemListElement":[{"@type":"ListItem","position":1,"name":"Home","item":"https:\/\/skrina.si\/en\/"},{"@type":"ListItem","position":2,"name":"Shop","item":"https:\/\/skrina.si\/shop\/"},{"@type":"ListItem","position":3,"name":"Slovenska narodna no\u0161a &#8211; Ljubljana"}]},{"@type":"WebSite","@id":"https:\/\/skrina.si\/en\/#website","url":"https:\/\/skrina.si\/en\/","name":"Etnogalerija Skrina","description":"Tradicija s posluhom","potentialAction":[{"@type":"SearchAction","target":{"@type":"EntryPoint","urlTemplate":"https:\/\/skrina.si\/en\/?s={search_term_string}"},"query-input":"required name=search_term_string"}],"inLanguage":"en-GB"}]}},"_links":{"self":[{"href":"https:\/\/skrina.si\/en\/wp-json\/wp\/v2\/product\/11307"}],"collection":[{"href":"https:\/\/skrina.si\/en\/wp-json\/wp\/v2\/product"}],"about":[{"href":"https:\/\/skrina.si\/en\/wp-json\/wp\/v2\/types\/product"}],"wp:featuredmedia":[{"embeddable":true,"href":"https:\/\/skrina.si\/en\/wp-json\/wp\/v2\/media\/11196"}],"wp:attachment":[{"href":"https:\/\/skrina.si\/en\/wp-json\/wp\/v2\/media?parent=11307"}],"wp:term":[{"taxonomy":"product_cat","embeddable":true,"href":"https:\/\/skrina.si\/en\/wp-json\/wp\/v2\/product_cat?post=11307"},{"taxonomy":"product_tag","embeddable":true,"href":"https:\/\/skrina.si\/en\/wp-json\/wp\/v2\/product_tag?post=11307"}],"curies":[{"name":"wp","href":"https:\/\/api.w.org\/{rel}","templated":true}]}}