{"id":11295,"date":"2022-07-25T09:37:38","date_gmt":"2022-07-25T09:37:38","guid":{"rendered":"https:\/\/skrina.si\/?post_type=product&#038;p=11295"},"modified":"2024-03-11T09:14:43","modified_gmt":"2024-03-11T08:14:43","slug":"slovenska-narodna-nosa-gorenjska","status":"publish","type":"product","link":"https:\/\/skrina.si\/en\/product\/slovenska-narodna-nosa-gorenjska\/","title":{"rendered":"Slovenska narodna no\u0161a &#8211; Gorenjska"},"content":{"rendered":"","protected":false},"excerpt":{"rendered":"<h5>Osnova za <strong><em>slovensko tradicionalno narodno no\u0161o<\/em><\/strong> je narodna no\u0161a iz <strong><em>Gorenjske.<\/em><\/strong> Velja za neke vrste \u00bbvseslovensko\u00ab, saj so jo prevzele mnoge folklorne skupine in narodno zabavni ansambli in jo najpogosteje upodabljajo kot turisti\u010dni spominek. \u010ceprav se Gorenjska no\u0161a razlikuje od vasi do vasi, so razli\u010dnim izvedbam skupne nekatere\u00a0 zna\u010dilnosti.<br \/>\n<strong><em>\u017denske imajo<\/em><\/strong> belo srajco s \u0161irokimi rokavi, veliko pisano ruto z resicami, nabrano krilo in predpasnik. Okoli bokov je <em>sklepanec<\/em> ali pisan trak s pentljo. Na glavi je bogato okra\u0161ena avba <em>avba.<\/em>\u00a0 <strong><em>Mo\u0161ka gorenjska no\u0161a <\/em><\/strong>je krojno precej enotna. Sestavljajo jo hla\u010de iz sukna, ali barvanega platna, bela srajca z ovratnikom,\u00a0 in telovnik <em>(lajb\u010d)<\/em> s \u0161tevilnimi medeninastimi gumbi. Na glavi je klobuk s \u0161irokimi krajci.<br \/>\n<em>Opisane so zgolj nekatere zna\u010dilnosti gorenjske no\u0161e.<\/em><\/h5>\n<h6><em>Lastnosti:<\/em><\/h6>\n<ul>\n<li>\n<h6><em>Velikost: <\/em><em>27 x 7 cm; 22 x 5 cm<\/em><\/h6>\n<\/li>\n<li>\n<h6><em>Velikost lutke za sol &amp; poper: <\/em><em>13 x 4,5 cm<\/em><\/h6>\n<\/li>\n<li>\n<h6><em>Velikos lutke za jaj\u010dka: 9 x 3,5<\/em><em> cm<\/em><\/h6>\n<\/li>\n<li>\n<h6><em>Material: les<\/em><\/h6>\n<\/li>\n<li>\n<h6><em>V darilni embala\u017ei<\/em><\/h6>\n<\/li>\n<li>\n<h6><em>Oblikovano z ljubeznijo do detajlov<\/em><\/h6>\n<\/li>\n<li>\n<h6><em>Idealno darilo za ljubitelje folklore in ljudskega izro\u010dila<\/em><\/h6>\n<\/li>\n<li>\n<h6><strong><em>Ro\u010dno barvano<\/em><\/strong><\/h6>\n<\/li>\n<\/ul>\n","protected":false},"featured_media":11296,"template":"","meta":{"_monsterinsights_skip_tracking":false,"_monsterinsights_sitenote_active":false,"_monsterinsights_sitenote_note":"","_monsterinsights_sitenote_category":0},"product_cat":[103,237],"product_tag":[726,298],"aioseo_notices":[],"yoast_head":"<!-- This site is optimized with the Yoast SEO plugin v22.1 - https:\/\/yoast.com\/wordpress\/plugins\/seo\/ -->\n<title>Slovenska narodna no\u0161a - Gorenjska - Etnogalerija Skrina<\/title>\n<meta name=\"robots\" content=\"index, follow, max-snippet:-1, max-image-preview:large, max-video-preview:-1\" \/>\n<link rel=\"canonical\" href=\"https:\/\/skrina.si\/en\/product\/slovenska-narodna-nosa-gorenjska\/\" \/>\n<meta property=\"og:locale\" content=\"en_GB\" \/>\n<meta property=\"og:locale:alternate\" content=\"sl_SI\" \/>\n<meta property=\"og:type\" content=\"article\" \/>\n<meta property=\"og:title\" content=\"Slovenska narodna no\u0161a - Gorenjska - Etnogalerija Skrina\" \/>\n<meta property=\"og:description\" content=\"Osnova za slovensko tradicionalno narodno no\u0161o je narodna no\u0161a iz Gorenjske. Velja za neke vrste \u00bbvseslovensko\u00ab, saj so jo prevzele mnoge folklorne skupine in narodno zabavni ansambli in jo najpogosteje upodabljajo kot turisti\u010dni spominek. \u010ceprav se Gorenjska no\u0161a razlikuje od vasi do vasi, so razli\u010dnim izvedbam skupne nekatere\u00a0 zna\u010dilnosti. \u017denske imajo belo srajco s \u0161irokimi rokavi, veliko pisano ruto z resicami, nabrano krilo in predpasnik. Okoli bokov je sklepanec ali pisan trak s pentljo. Na glavi je bogato okra\u0161ena avba avba.\u00a0 Mo\u0161ka gorenjska no\u0161a je krojno precej enotna. Sestavljajo jo hla\u010de iz sukna, ali barvanega platna, bela srajca z ovratnikom,\u00a0 in telovnik (lajb\u010d) s \u0161tevilnimi medeninastimi gumbi. Na glavi je klobuk s \u0161irokimi krajci. Opisane so zgolj nekatere zna\u010dilnosti gorenjske no\u0161e. Lastnosti:    Velikost: 27 x 7 cm; 22 x 5 cm    Velikost lutke za sol &amp; poper: 13 x 4,5 cm    Velikos lutke za jaj\u010dka: 9 x 3,5 cm    Material: les    V darilni embala\u017ei    Oblikovano z ljubeznijo do detajlov    Idealno darilo za ljubitelje folklore in ljudskega izro\u010dila    Ro\u010dno barvano\" \/>\n<meta property=\"og:url\" content=\"https:\/\/skrina.si\/en\/product\/slovenska-narodna-nosa-gorenjska\/\" \/>\n<meta property=\"og:site_name\" content=\"Etnogalerija Skrina\" \/>\n<meta property=\"article:modified_time\" content=\"2024-03-11T08:14:43+00:00\" \/>\n<meta property=\"og:image\" content=\"https:\/\/skrina.si\/wp-content\/uploads\/2022\/07\/21-gorenjska-nosa-poslovno-darilo-Etno-galerija-skrina-Tradicija-s-posluhom-slovenska-ljudska-nosa-les-spredaj.jpg\" \/>\n\t<meta property=\"og:image:width\" content=\"2000\" \/>\n\t<meta property=\"og:image:height\" content=\"1500\" \/>\n\t<meta property=\"og:image:type\" content=\"image\/jpeg\" \/>\n<meta name=\"twitter:card\" content=\"summary_large_image\" \/>\n<script type=\"application\/ld+json\" class=\"yoast-schema-graph\">{\"@context\":\"https:\/\/schema.org\",\"@graph\":[{\"@type\":\"WebPage\",\"@id\":\"https:\/\/skrina.si\/en\/product\/slovenska-narodna-nosa-gorenjska\/\",\"url\":\"https:\/\/skrina.si\/en\/product\/slovenska-narodna-nosa-gorenjska\/\",\"name\":\"Slovenska narodna no\u0161a - Gorenjska - Etnogalerija Skrina\",\"isPartOf\":{\"@id\":\"https:\/\/skrina.si\/en\/#website\"},\"datePublished\":\"2022-07-25T09:37:38+00:00\",\"dateModified\":\"2024-03-11T08:14:43+00:00\",\"breadcrumb\":{\"@id\":\"https:\/\/skrina.si\/en\/product\/slovenska-narodna-nosa-gorenjska\/#breadcrumb\"},\"inLanguage\":\"en-GB\",\"potentialAction\":[{\"@type\":\"ReadAction\",\"target\":[\"https:\/\/skrina.si\/en\/product\/slovenska-narodna-nosa-gorenjska\/\"]}]},{\"@type\":\"BreadcrumbList\",\"@id\":\"https:\/\/skrina.si\/en\/product\/slovenska-narodna-nosa-gorenjska\/#breadcrumb\",\"itemListElement\":[{\"@type\":\"ListItem\",\"position\":1,\"name\":\"Home\",\"item\":\"https:\/\/skrina.si\/en\/\"},{\"@type\":\"ListItem\",\"position\":2,\"name\":\"Shop\",\"item\":\"https:\/\/skrina.si\/shop\/\"},{\"@type\":\"ListItem\",\"position\":3,\"name\":\"Slovenska narodna no\u0161a &#8211; Gorenjska\"}]},{\"@type\":\"WebSite\",\"@id\":\"https:\/\/skrina.si\/en\/#website\",\"url\":\"https:\/\/skrina.si\/en\/\",\"name\":\"Etnogalerija Skrina\",\"description\":\"Tradicija s posluhom\",\"potentialAction\":[{\"@type\":\"SearchAction\",\"target\":{\"@type\":\"EntryPoint\",\"urlTemplate\":\"https:\/\/skrina.si\/en\/?s={search_term_string}\"},\"query-input\":\"required name=search_term_string\"}],\"inLanguage\":\"en-GB\"}]}<\/script>\n<!-- \/ Yoast SEO plugin. -->","yoast_head_json":{"title":"Slovenska narodna no\u0161a - Gorenjska - Etnogalerija Skrina","robots":{"index":"index","follow":"follow","max-snippet":"max-snippet:-1","max-image-preview":"max-image-preview:large","max-video-preview":"max-video-preview:-1"},"canonical":"https:\/\/skrina.si\/en\/product\/slovenska-narodna-nosa-gorenjska\/","og_locale":"en_GB","og_type":"article","og_title":"Slovenska narodna no\u0161a - Gorenjska - Etnogalerija Skrina","og_description":"Osnova za slovensko tradicionalno narodno no\u0161o je narodna no\u0161a iz Gorenjske. Velja za neke vrste \u00bbvseslovensko\u00ab, saj so jo prevzele mnoge folklorne skupine in narodno zabavni ansambli in jo najpogosteje upodabljajo kot turisti\u010dni spominek. \u010ceprav se Gorenjska no\u0161a razlikuje od vasi do vasi, so razli\u010dnim izvedbam skupne nekatere\u00a0 zna\u010dilnosti. \u017denske imajo belo srajco s \u0161irokimi rokavi, veliko pisano ruto z resicami, nabrano krilo in predpasnik. Okoli bokov je sklepanec ali pisan trak s pentljo. Na glavi je bogato okra\u0161ena avba avba.\u00a0 Mo\u0161ka gorenjska no\u0161a je krojno precej enotna. Sestavljajo jo hla\u010de iz sukna, ali barvanega platna, bela srajca z ovratnikom,\u00a0 in telovnik (lajb\u010d) s \u0161tevilnimi medeninastimi gumbi. Na glavi je klobuk s \u0161irokimi krajci. Opisane so zgolj nekatere zna\u010dilnosti gorenjske no\u0161e. Lastnosti:    Velikost: 27 x 7 cm; 22 x 5 cm    Velikost lutke za sol &amp; poper: 13 x 4,5 cm    Velikos lutke za jaj\u010dka: 9 x 3,5 cm    Material: les    V darilni embala\u017ei    Oblikovano z ljubeznijo do detajlov    Idealno darilo za ljubitelje folklore in ljudskega izro\u010dila    Ro\u010dno barvano","og_url":"https:\/\/skrina.si\/en\/product\/slovenska-narodna-nosa-gorenjska\/","og_site_name":"Etnogalerija Skrina","article_modified_time":"2024-03-11T08:14:43+00:00","og_image":[{"width":2000,"height":1500,"url":"https:\/\/skrina.si\/wp-content\/uploads\/2022\/07\/21-gorenjska-nosa-poslovno-darilo-Etno-galerija-skrina-Tradicija-s-posluhom-slovenska-ljudska-nosa-les-spredaj.jpg","type":"image\/jpeg"}],"twitter_card":"summary_large_image","schema":{"@context":"https:\/\/schema.org","@graph":[{"@type":"WebPage","@id":"https:\/\/skrina.si\/en\/product\/slovenska-narodna-nosa-gorenjska\/","url":"https:\/\/skrina.si\/en\/product\/slovenska-narodna-nosa-gorenjska\/","name":"Slovenska narodna no\u0161a - Gorenjska - Etnogalerija Skrina","isPartOf":{"@id":"https:\/\/skrina.si\/en\/#website"},"datePublished":"2022-07-25T09:37:38+00:00","dateModified":"2024-03-11T08:14:43+00:00","breadcrumb":{"@id":"https:\/\/skrina.si\/en\/product\/slovenska-narodna-nosa-gorenjska\/#breadcrumb"},"inLanguage":"en-GB","potentialAction":[{"@type":"ReadAction","target":["https:\/\/skrina.si\/en\/product\/slovenska-narodna-nosa-gorenjska\/"]}]},{"@type":"BreadcrumbList","@id":"https:\/\/skrina.si\/en\/product\/slovenska-narodna-nosa-gorenjska\/#breadcrumb","itemListElement":[{"@type":"ListItem","position":1,"name":"Home","item":"https:\/\/skrina.si\/en\/"},{"@type":"ListItem","position":2,"name":"Shop","item":"https:\/\/skrina.si\/shop\/"},{"@type":"ListItem","position":3,"name":"Slovenska narodna no\u0161a &#8211; Gorenjska"}]},{"@type":"WebSite","@id":"https:\/\/skrina.si\/en\/#website","url":"https:\/\/skrina.si\/en\/","name":"Etnogalerija Skrina","description":"Tradicija s posluhom","potentialAction":[{"@type":"SearchAction","target":{"@type":"EntryPoint","urlTemplate":"https:\/\/skrina.si\/en\/?s={search_term_string}"},"query-input":"required name=search_term_string"}],"inLanguage":"en-GB"}]}},"_links":{"self":[{"href":"https:\/\/skrina.si\/en\/wp-json\/wp\/v2\/product\/11295"}],"collection":[{"href":"https:\/\/skrina.si\/en\/wp-json\/wp\/v2\/product"}],"about":[{"href":"https:\/\/skrina.si\/en\/wp-json\/wp\/v2\/types\/product"}],"wp:featuredmedia":[{"embeddable":true,"href":"https:\/\/skrina.si\/en\/wp-json\/wp\/v2\/media\/11296"}],"wp:attachment":[{"href":"https:\/\/skrina.si\/en\/wp-json\/wp\/v2\/media?parent=11295"}],"wp:term":[{"taxonomy":"product_cat","embeddable":true,"href":"https:\/\/skrina.si\/en\/wp-json\/wp\/v2\/product_cat?post=11295"},{"taxonomy":"product_tag","embeddable":true,"href":"https:\/\/skrina.si\/en\/wp-json\/wp\/v2\/product_tag?post=11295"}],"curies":[{"name":"wp","href":"https:\/\/api.w.org\/{rel}","templated":true}]}}