{"id":11252,"date":"2022-07-20T12:14:43","date_gmt":"2022-07-20T12:14:43","guid":{"rendered":"https:\/\/skrina.si\/?post_type=product&#038;p=11252"},"modified":"2024-04-10T15:36:34","modified_gmt":"2024-04-10T13:36:34","slug":"kraska-nosa","status":"publish","type":"product","link":"https:\/\/skrina.si\/en\/product\/kraska-nosa\/","title":{"rendered":"Kra\u0161ka no\u0161a"},"content":{"rendered":"","protected":false},"excerpt":{"rendered":"<h5><strong><em>Kra\u0161evke<\/em><\/strong> in okoli\u010danke so se v 2. polovici 19. stoletja v primerjavi z ostalimi Slovenkami sorazmerno bogato obla\u010dile, kar jim je omogo\u010dala bli\u017eina Trsta. \u017densko kra\u0161ko narodno no\u0161o so zaznamovali prefinjeni materiali, ko\u0161atost, razli\u010dno okrasje, pogosto tudi nakit.<br \/>\nBogastvo se je izra\u017ealo v krilu, pod katerim je bilo ve\u010d spodnjih kril in <strong><em>balerina<\/em><\/strong> (ki je dekletom pove\u010devala zadnjico). Predpasniki so bili svileni, razli\u010dnih barv, nekateri so imeli ob strani v pentljo zavezan dolg, \u0161irok, svilen trak. Nosile so uhane, prstane in bro\u0161ke, kar drugje ni bilo v navadi. Naglavno pe\u010do sta krasili ro\u010dno izdelana vezenina in \u010dipka. Nekatera mlaj\u0161a dekleta so si ob posebnih dneh na prsi pripele \u0161opek cvetja.<br \/>\nTudi pri <strong><em>mo\u0161ki kra\u0161ki no\u0161i<\/em><\/strong> je \u010dutiti vpliv bli\u017eine Trsta. Mo\u0161ka kra\u0161ka no\u0161a je imela \u0161tevilne razli\u010dice. Nekateri mo\u0161ki so nosili dolge hla\u010de, stisnjene v \u0161kornje, telovnik in dolg suknji\u010d. Priljubljene pa so bile tudi podkolenske hla\u010de, bele nogavice in telovnik brez suknji\u010da.<br \/>\nVe\u010dina mo\u0161kih je nosila klobuke, nekateri pa tudi s cvetjem okra\u0161ene slamnike, \u0161e redkeje pa ko\u017euhovinasto pokrivalo, imenovano <strong><em>frkindi\u0161.<br \/>\n<\/em><\/strong><em>Opisane so zgolj nekatere zna\u010dilnosti kra\u0161ke no\u0161e.<\/em><\/h5>\n<h6><em>Lastnosti:<\/em><\/h6>\n<ul>\n<li>\n<h6><em>Naslov dela: Kra\u0161ka narodna no\u0161a\u00a0<\/em><\/h6>\n<\/li>\n<li>\n<h6><em>Tehnika: grafika<\/em><\/h6>\n<\/li>\n<li>\n<h6><em>Zunanja dimenzija: 35 x 48 cm; 19 x 23 cm<\/em><\/h6>\n<\/li>\n<li>\n<h6><em>Vse grafike so podpisane in o\u0161tevil\u010dene<\/em><\/h6>\n<\/li>\n<li>\n<h6><em>Omejena naklada 126\/200<\/em><\/h6>\n<\/li>\n<\/ul>\n","protected":false},"featured_media":11253,"template":"","meta":{"_monsterinsights_skip_tracking":false,"_monsterinsights_sitenote_active":false,"_monsterinsights_sitenote_note":"","_monsterinsights_sitenote_category":0},"product_cat":[103,235,238],"product_tag":[732,728],"aioseo_notices":[],"yoast_head":"<!-- This site is optimized with the Yoast SEO plugin v22.1 - https:\/\/yoast.com\/wordpress\/plugins\/seo\/ -->\n<title>Kra\u0161ka no\u0161a - Etnogalerija Skrina<\/title>\n<meta name=\"robots\" content=\"index, follow, max-snippet:-1, max-image-preview:large, max-video-preview:-1\" \/>\n<link rel=\"canonical\" href=\"https:\/\/skrina.si\/en\/product\/kraska-nosa\/\" \/>\n<meta property=\"og:locale\" content=\"en_GB\" \/>\n<meta property=\"og:locale:alternate\" content=\"sl_SI\" \/>\n<meta property=\"og:type\" content=\"article\" \/>\n<meta property=\"og:title\" content=\"Kra\u0161ka no\u0161a\" \/>\n<meta property=\"og:description\" content=\"Kra\u0161evke in okoli\u010danke so se v 2. polovici 19. stoletja v primerjavi z ostalimi Slovenkami sorazmerno bogato obla\u010dile, kar jim je omogo\u010dala bli\u017eina Trsta. \u017densko kra\u0161ko narodno no\u0161o so zaznamovali prefinjeni materiali, ko\u0161atost, razli\u010dno okrasje, pogosto tudi nakit. Bogastvo se je izra\u017ealo v krilu, pod katerim je bilo ve\u010d spodnjih kril in balerina (ki je dekletom pove\u010devala zadnjico). Predpasniki so bili svileni, razli\u010dnih barv, nekateri so imeli ob strani v pentljo zavezan dolg, \u0161irok, svilen trak. Nosile so uhane, prstane in bro\u0161ke, kar drugje ni bilo v navadi. Naglavno pe\u010do sta krasili ro\u010dno izdelana vezenina in \u010dipka. Nekatera mlaj\u0161a dekleta so si ob posebnih dneh na prsi pripele \u0161opek cvetja. Tudi pri mo\u0161ki kra\u0161ki no\u0161i je \u010dutiti vpliv bli\u017eine Trsta. Mo\u0161ka kra\u0161ka no\u0161a je imela \u0161tevilne razli\u010dice. Nekateri mo\u0161ki so nosili dolge hla\u010de, stisnjene v \u0161kornje, telovnik in dolg suknji\u010d. Priljubljene pa so bile tudi podkolenske hla\u010de, bele nogavice in telovnik brez suknji\u010da. Ve\u010dina mo\u0161kih je nosila klobuke, nekateri pa tudi s cvetjem okra\u0161ene slamnike, \u0161e redkeje pa ko\u017euhovinasto pokrivalo, imenovano frkindi\u0161. Opisane so zgolj nekatere zna\u010dilnosti kra\u0161ke no\u0161e. Lastnosti:    Naslov dela: Kra\u0161ka narodna no\u0161a\u00a0    Tehnika: grafika    Zunanja dimenzija: 35 x 48 cm; 19 x 23 cm    Vse grafike so podpisane in o\u0161tevil\u010dene    Omejena naklada 126\/200\" \/>\n<meta property=\"og:url\" content=\"https:\/\/skrina.si\/en\/product\/kraska-nosa\/\" \/>\n<meta property=\"og:site_name\" content=\"Etnogalerija Skrina\" \/>\n<meta property=\"article:modified_time\" content=\"2024-04-10T13:36:34+00:00\" \/>\n<meta property=\"og:image\" content=\"https:\/\/skrina.si\/wp-content\/uploads\/2022\/07\/kras-Etno-galerija-skrina-Tradicija-s-posluhom-slovenska-ljudska-nosa.jpg\" \/>\n\t<meta property=\"og:image:width\" content=\"2000\" \/>\n\t<meta property=\"og:image:height\" content=\"1500\" \/>\n\t<meta property=\"og:image:type\" content=\"image\/jpeg\" \/>\n<meta name=\"twitter:card\" content=\"summary_large_image\" \/>\n<meta name=\"twitter:label1\" content=\"Estimated reading time\" \/>\n\t<meta name=\"twitter:data1\" content=\"1 minute\" \/>\n<script type=\"application\/ld+json\" class=\"yoast-schema-graph\">{\"@context\":\"https:\/\/schema.org\",\"@graph\":[{\"@type\":\"WebPage\",\"@id\":\"https:\/\/skrina.si\/en\/product\/kraska-nosa\/\",\"url\":\"https:\/\/skrina.si\/en\/product\/kraska-nosa\/\",\"name\":\"[:en]Kra\u0161ka no\u0161a[:sl]Kra\u0161ka no\u0161a[:] - Etnogalerija Skrina\",\"isPartOf\":{\"@id\":\"https:\/\/skrina.si\/en\/#website\"},\"datePublished\":\"2022-07-20T12:14:43+00:00\",\"dateModified\":\"2024-04-10T13:36:34+00:00\",\"breadcrumb\":{\"@id\":\"https:\/\/skrina.si\/en\/product\/kraska-nosa\/#breadcrumb\"},\"inLanguage\":\"en-GB\",\"potentialAction\":[{\"@type\":\"ReadAction\",\"target\":[\"https:\/\/skrina.si\/en\/product\/kraska-nosa\/\"]}]},{\"@type\":\"BreadcrumbList\",\"@id\":\"https:\/\/skrina.si\/en\/product\/kraska-nosa\/#breadcrumb\",\"itemListElement\":[{\"@type\":\"ListItem\",\"position\":1,\"name\":\"Home\",\"item\":\"https:\/\/skrina.si\/en\/\"},{\"@type\":\"ListItem\",\"position\":2,\"name\":\"Shop\",\"item\":\"https:\/\/skrina.si\/shop\/\"},{\"@type\":\"ListItem\",\"position\":3,\"name\":\"Kra\u0161ka no\u0161a\"}]},{\"@type\":\"WebSite\",\"@id\":\"https:\/\/skrina.si\/en\/#website\",\"url\":\"https:\/\/skrina.si\/en\/\",\"name\":\"Etnogalerija Skrina\",\"description\":\"Tradicija s posluhom\",\"potentialAction\":[{\"@type\":\"SearchAction\",\"target\":{\"@type\":\"EntryPoint\",\"urlTemplate\":\"https:\/\/skrina.si\/en\/?s={search_term_string}\"},\"query-input\":\"required name=search_term_string\"}],\"inLanguage\":\"en-GB\"}]}<\/script>\n<!-- \/ Yoast SEO plugin. -->","yoast_head_json":{"title":"Kra\u0161ka no\u0161a - Etnogalerija Skrina","robots":{"index":"index","follow":"follow","max-snippet":"max-snippet:-1","max-image-preview":"max-image-preview:large","max-video-preview":"max-video-preview:-1"},"canonical":"https:\/\/skrina.si\/en\/product\/kraska-nosa\/","og_locale":"en_GB","og_type":"article","og_title":"[:en]Kra\u0161ka no\u0161a[:sl]Kra\u0161ka no\u0161a[:] - Etnogalerija Skrina","og_description":"[:en]Kra\u0161evke in okoli\u010danke so se v 2. polovici 19. stoletja v primerjavi z ostalimi Slovenkami sorazmerno bogato obla\u010dile, kar jim je omogo\u010dala bli\u017eina Trsta. \u017densko kra\u0161ko narodno no\u0161o so zaznamovali prefinjeni materiali, ko\u0161atost, razli\u010dno okrasje, pogosto tudi nakit. Bogastvo se je izra\u017ealo v krilu, pod katerim je bilo ve\u010d spodnjih kril in balerina (ki je dekletom pove\u010devala zadnjico). Predpasniki so bili svileni, razli\u010dnih barv, nekateri so imeli ob strani v pentljo zavezan dolg, \u0161irok, svilen trak. Nosile so uhane, prstane in bro\u0161ke, kar drugje ni bilo v navadi. Naglavno pe\u010do sta krasili ro\u010dno izdelana vezenina in \u010dipka. Nekatera mlaj\u0161a dekleta so si ob posebnih dneh na prsi pripele \u0161opek cvetja. Tudi pri mo\u0161ki kra\u0161ki no\u0161i je \u010dutiti vpliv bli\u017eine Trsta. Mo\u0161ka kra\u0161ka no\u0161a je imela \u0161tevilne razli\u010dice. Nekateri mo\u0161ki so nosili dolge hla\u010de, stisnjene v \u0161kornje, telovnik in dolg suknji\u010d. Priljubljene pa so bile tudi podkolenske hla\u010de, bele nogavice in telovnik brez suknji\u010da. Ve\u010dina mo\u0161kih je nosila klobuke, nekateri pa tudi s cvetjem okra\u0161ene slamnike, \u0161e redkeje pa ko\u017euhovinasto pokrivalo, imenovano frkindi\u0161. Opisane so zgolj nekatere zna\u010dilnosti kra\u0161ke no\u0161e. Lastnosti:    Naslov dela: Kra\u0161ka narodna no\u0161a\u00a0    Tehnika: grafika    Zunanja dimenzija: 35 x 48 cm; 19 x 23 cm    Vse grafike so podpisane in o\u0161tevil\u010dene    Omejena naklada 126\/200  [:sl]Kra\u0161evke in okoli\u010danke so se v 2. polovici 19. stoletja v primerjavi z ostalimi Slovenkami sorazmerno bogato obla\u010dile, kar jim je omogo\u010dala bli\u017eina Trsta. \u017densko kra\u0161ko narodno no\u0161o so zaznamovali prefinjeni materiali, ko\u0161atost, razli\u010dno okrasje, pogosto tudi nakit. Bogastvo se je izra\u017ealo v krilu, pod katerim je bilo ve\u010d spodnjih kril in balerina (ki je dekletom pove\u010devala zadnjico). Predpasniki so bili svileni, razli\u010dnih barv, nekateri so imeli ob strani v pentljo zavezan dolg, \u0161irok, svilen trak. Nosile so uhane, prstane in bro\u0161ke, kar drugje ni bilo v navadi. Naglavno pe\u010do sta krasili ro\u010dno izdelana vezenina in \u010dipka. Nekatera mlaj\u0161a dekleta so si ob posebnih dneh na prsi pripele \u0161opek cvetja. Tudi pri mo\u0161ki kra\u0161ki no\u0161i je \u010dutiti vpliv bli\u017eine Trsta. Mo\u0161ka kra\u0161ka no\u0161a je imela \u0161tevilne razli\u010dice. Nekateri mo\u0161ki so nosili dolge hla\u010de, stisnjene v \u0161kornje, telovnik in dolg suknji\u010d. Priljubljene pa so bile tudi podkolenske hla\u010de, bele nogavice in telovnik brez suknji\u010da. Ve\u010dina mo\u0161kih je nosila klobuke, nekateri pa tudi s cvetjem okra\u0161ene slamnike, \u0161e redkeje pa ko\u017euhovinasto pokrivalo, imenovano frkindi\u0161. Opisane so zgolj nekatere zna\u010dilnosti kra\u0161ke no\u0161e. Lastnosti:    Naslov dela: Kra\u0161ka narodna no\u0161a\u00a0    Tehnika: grafika    Zunanja dimenzija: 35 x 48 cm; 19 x 23 cm    Vse grafike so podpisane in o\u0161tevil\u010dene    Omejena naklada 126\/200  [:]","og_url":"https:\/\/skrina.si\/en\/product\/kraska-nosa\/","og_site_name":"Etnogalerija Skrina","article_modified_time":"2024-04-10T13:36:34+00:00","og_image":[{"width":2000,"height":1500,"url":"https:\/\/skrina.si\/wp-content\/uploads\/2022\/07\/kras-Etno-galerija-skrina-Tradicija-s-posluhom-slovenska-ljudska-nosa.jpg","type":"image\/jpeg"}],"twitter_card":"summary_large_image","twitter_misc":{"Estimated reading time":"1 minute"},"schema":{"@context":"https:\/\/schema.org","@graph":[{"@type":"WebPage","@id":"https:\/\/skrina.si\/en\/product\/kraska-nosa\/","url":"https:\/\/skrina.si\/en\/product\/kraska-nosa\/","name":"[:en]Kra\u0161ka no\u0161a[:sl]Kra\u0161ka no\u0161a[:] - Etnogalerija Skrina","isPartOf":{"@id":"https:\/\/skrina.si\/en\/#website"},"datePublished":"2022-07-20T12:14:43+00:00","dateModified":"2024-04-10T13:36:34+00:00","breadcrumb":{"@id":"https:\/\/skrina.si\/en\/product\/kraska-nosa\/#breadcrumb"},"inLanguage":"en-GB","potentialAction":[{"@type":"ReadAction","target":["https:\/\/skrina.si\/en\/product\/kraska-nosa\/"]}]},{"@type":"BreadcrumbList","@id":"https:\/\/skrina.si\/en\/product\/kraska-nosa\/#breadcrumb","itemListElement":[{"@type":"ListItem","position":1,"name":"Home","item":"https:\/\/skrina.si\/en\/"},{"@type":"ListItem","position":2,"name":"Shop","item":"https:\/\/skrina.si\/shop\/"},{"@type":"ListItem","position":3,"name":"Kra\u0161ka no\u0161a"}]},{"@type":"WebSite","@id":"https:\/\/skrina.si\/en\/#website","url":"https:\/\/skrina.si\/en\/","name":"Etnogalerija Skrina","description":"Tradicija s posluhom","potentialAction":[{"@type":"SearchAction","target":{"@type":"EntryPoint","urlTemplate":"https:\/\/skrina.si\/en\/?s={search_term_string}"},"query-input":"required name=search_term_string"}],"inLanguage":"en-GB"}]}},"_links":{"self":[{"href":"https:\/\/skrina.si\/en\/wp-json\/wp\/v2\/product\/11252"}],"collection":[{"href":"https:\/\/skrina.si\/en\/wp-json\/wp\/v2\/product"}],"about":[{"href":"https:\/\/skrina.si\/en\/wp-json\/wp\/v2\/types\/product"}],"wp:featuredmedia":[{"embeddable":true,"href":"https:\/\/skrina.si\/en\/wp-json\/wp\/v2\/media\/11253"}],"wp:attachment":[{"href":"https:\/\/skrina.si\/en\/wp-json\/wp\/v2\/media?parent=11252"}],"wp:term":[{"taxonomy":"product_cat","embeddable":true,"href":"https:\/\/skrina.si\/en\/wp-json\/wp\/v2\/product_cat?post=11252"},{"taxonomy":"product_tag","embeddable":true,"href":"https:\/\/skrina.si\/en\/wp-json\/wp\/v2\/product_tag?post=11252"}],"curies":[{"name":"wp","href":"https:\/\/api.w.org\/{rel}","templated":true}]}}