{"id":11245,"date":"2022-07-20T11:52:25","date_gmt":"2022-07-20T11:52:25","guid":{"rendered":"https:\/\/skrina.si\/?post_type=product&#038;p=11245"},"modified":"2024-04-10T15:36:43","modified_gmt":"2024-04-10T13:36:43","slug":"ljubljanska-nosa-krakovo","status":"publish","type":"product","link":"https:\/\/skrina.si\/en\/product\/ljubljanska-nosa-krakovo\/","title":{"rendered":"Ljubljanska no\u0161a &#8211; Krakovo"},"content":{"rendered":"","protected":false},"excerpt":{"rendered":"<h5>V predelu Ljubljane ob Ljubljanici le\u017ei <strong><em>Krakovo<\/em><\/strong>, kjer so \u017eiveli spretni in premo\u017eni trgovci, ki so ljudem v mestu dostavljali razli\u010dno blago. Krakov\u010dani niso bili sprejeti kot me\u0161\u010dani, so pa se hoteli z njimi ena\u010diti in donosni trgovski posli so jim omogo\u010dali, da so se obla\u010dili podobno kot me\u0161\u010dani.\u00a0 <strong><em>Mo\u0161ki <\/em><\/strong>so nosili usnjene, irhaste hla\u010de in svilen telovnik s srebrnimi gumbi, nekateri pa so si povrh nadeli \u0161e suknji\u010d, na rokavih in ob vratu okra\u0161en s ko\u017euhovino.<br \/>\nObuti so bili v visoke usnjene \u0161kornje in imeli na glavi cilindrast klobuk, okra\u0161en z veliko zaponko.<br \/>\n<strong><em>\u017denske<\/em><\/strong> so bile pokrite z <strong><em>avbami in pe\u010dami<\/em><\/strong>. \u010celniki avb iz \u017eameta so bili vezeni z zlato nitjo, ob\u0161iti z belo \u010dipko, zadaj pa je je bil avbi dodan \u0161irok, \u00a0v pentljo zavezan svilen trak.<br \/>\n\u010cez \u0161iroko krilo, v\u010dasih izdelano tudi iz potiskanega blaga so si opasale s \u010drno \u010dipko obrobljen svilen predpasnik, preko katerega so si nadele \u0161e sklepanec. Nekatere so koli vratu nosile veri\u017eico.<br \/>\n<em>Opisane so zgolj nekatere zna\u010dilnosti ljubljanske in krakovske no\u0161e.<\/em><\/h5>\n<h6><em>Lastnosti:<\/em><\/h6>\n<ul>\n<li>\n<h6><em>Naslov dela: Ljubljanska in krakovska narodna no\u0161a<\/em><\/h6>\n<\/li>\n<li>\n<h6><em>Tehnika: grafika<\/em><\/h6>\n<\/li>\n<li>\n<h6><em>Zunanja dimenzija: 35 x 48 cm; 19 x 23 cm<\/em><\/h6>\n<\/li>\n<li>\n<h6><em>Vse grafike so podpisane in o\u0161tevil\u010dene<\/em><\/h6>\n<\/li>\n<li>\n<h6><em>Omejena naklada 126\/200<\/em><\/h6>\n<\/li>\n<\/ul>\n","protected":false},"featured_media":11247,"template":"","meta":{"_monsterinsights_skip_tracking":false,"_monsterinsights_sitenote_active":false,"_monsterinsights_sitenote_note":"","_monsterinsights_sitenote_category":0},"product_cat":[103,235,238],"product_tag":[91],"aioseo_notices":[],"yoast_head":"<!-- This site is optimized with the Yoast SEO plugin v22.1 - https:\/\/yoast.com\/wordpress\/plugins\/seo\/ -->\n<title>Ljubljanska no\u0161a - Ljubljanska no\u0161a - Etnogalerija Skrina<\/title>\n<meta name=\"robots\" content=\"index, follow, max-snippet:-1, max-image-preview:large, max-video-preview:-1\" \/>\n<link rel=\"canonical\" href=\"https:\/\/skrina.si\/en\/product\/ljubljanska-nosa-krakovo\/\" \/>\n<meta property=\"og:locale\" content=\"en_GB\" \/>\n<meta property=\"og:locale:alternate\" content=\"sl_SI\" \/>\n<meta property=\"og:type\" content=\"article\" \/>\n<meta property=\"og:title\" content=\"Ljubljanska no\u0161a - Krakovo\" \/>\n<meta property=\"og:description\" content=\"V predelu Ljubljane ob Ljubljanici le\u017ei Krakovo, kjer so \u017eiveli spretni in premo\u017eni trgovci, ki so ljudem v mestu dostavljali razli\u010dno blago. Krakov\u010dani niso bili sprejeti kot me\u0161\u010dani, so pa se hoteli z njimi ena\u010diti in donosni trgovski posli so jim omogo\u010dali, da so se obla\u010dili podobno kot me\u0161\u010dani.\u00a0 Mo\u0161ki so nosili usnjene, irhaste hla\u010de in svilen telovnik s srebrnimi gumbi, nekateri pa so si povrh nadeli \u0161e suknji\u010d, na rokavih in ob vratu okra\u0161en s ko\u017euhovino. Obuti so bili v visoke usnjene \u0161kornje in imeli na glavi cilindrast klobuk, okra\u0161en z veliko zaponko. \u017denske so bile pokrite z avbami in pe\u010dami. \u010celniki avb iz \u017eameta so bili vezeni z zlato nitjo, ob\u0161iti z belo \u010dipko, zadaj pa je je bil avbi dodan \u0161irok, \u00a0v pentljo zavezan svilen trak. \u010cez \u0161iroko krilo, v\u010dasih izdelano tudi iz potiskanega blaga so si opasale s \u010drno \u010dipko obrobljen svilen predpasnik, preko katerega so si nadele \u0161e sklepanec. Nekatere so koli vratu nosile veri\u017eico. Opisane so zgolj nekatere zna\u010dilnosti ljubljanske in krakovske no\u0161e. Lastnosti:    Naslov dela: Ljubljanska in krakovska narodna no\u0161a    Tehnika: grafika    Zunanja dimenzija: 35 x 48 cm; 19 x 23 cm    Vse grafike so podpisane in o\u0161tevil\u010dene    Omejena naklada 126\/200\" \/>\n<meta property=\"og:url\" content=\"https:\/\/skrina.si\/en\/product\/ljubljanska-nosa-krakovo\/\" \/>\n<meta property=\"og:site_name\" content=\"Etnogalerija Skrina\" \/>\n<meta property=\"article:modified_time\" content=\"2024-04-10T13:36:43+00:00\" \/>\n<meta property=\"og:image\" content=\"https:\/\/skrina.si\/wp-content\/uploads\/2022\/07\/ljubljana-Etno-galerija-skrina-Tradicija-s-posluhom-slovenska-ljudska-nosa.jpg\" \/>\n\t<meta property=\"og:image:width\" content=\"2000\" \/>\n\t<meta property=\"og:image:height\" content=\"1500\" \/>\n\t<meta property=\"og:image:type\" content=\"image\/jpeg\" \/>\n<meta name=\"twitter:card\" content=\"summary_large_image\" \/>\n<meta name=\"twitter:label1\" content=\"Estimated reading time\" \/>\n\t<meta name=\"twitter:data1\" content=\"1 minute\" \/>\n<script type=\"application\/ld+json\" class=\"yoast-schema-graph\">{\"@context\":\"https:\/\/schema.org\",\"@graph\":[{\"@type\":\"WebPage\",\"@id\":\"https:\/\/skrina.si\/en\/product\/ljubljanska-nosa-krakovo\/\",\"url\":\"https:\/\/skrina.si\/en\/product\/ljubljanska-nosa-krakovo\/\",\"name\":\"[:en]Ljubljanska no\u0161a - Krakovo[:sl]Ljubljanska no\u0161a[:] - Etnogalerija Skrina\",\"isPartOf\":{\"@id\":\"https:\/\/skrina.si\/en\/#website\"},\"datePublished\":\"2022-07-20T11:52:25+00:00\",\"dateModified\":\"2024-04-10T13:36:43+00:00\",\"breadcrumb\":{\"@id\":\"https:\/\/skrina.si\/en\/product\/ljubljanska-nosa-krakovo\/#breadcrumb\"},\"inLanguage\":\"en-GB\",\"potentialAction\":[{\"@type\":\"ReadAction\",\"target\":[\"https:\/\/skrina.si\/en\/product\/ljubljanska-nosa-krakovo\/\"]}]},{\"@type\":\"BreadcrumbList\",\"@id\":\"https:\/\/skrina.si\/en\/product\/ljubljanska-nosa-krakovo\/#breadcrumb\",\"itemListElement\":[{\"@type\":\"ListItem\",\"position\":1,\"name\":\"Home\",\"item\":\"https:\/\/skrina.si\/en\/\"},{\"@type\":\"ListItem\",\"position\":2,\"name\":\"Shop\",\"item\":\"https:\/\/skrina.si\/shop\/\"},{\"@type\":\"ListItem\",\"position\":3,\"name\":\"Ljubljanska no\u0161a\"}]},{\"@type\":\"WebSite\",\"@id\":\"https:\/\/skrina.si\/en\/#website\",\"url\":\"https:\/\/skrina.si\/en\/\",\"name\":\"Etnogalerija Skrina\",\"description\":\"Tradicija s posluhom\",\"potentialAction\":[{\"@type\":\"SearchAction\",\"target\":{\"@type\":\"EntryPoint\",\"urlTemplate\":\"https:\/\/skrina.si\/en\/?s={search_term_string}\"},\"query-input\":\"required name=search_term_string\"}],\"inLanguage\":\"en-GB\"}]}<\/script>\n<!-- \/ Yoast SEO plugin. -->","yoast_head_json":{"title":"Ljubljanska no\u0161a - Ljubljanska no\u0161a - Etnogalerija Skrina","robots":{"index":"index","follow":"follow","max-snippet":"max-snippet:-1","max-image-preview":"max-image-preview:large","max-video-preview":"max-video-preview:-1"},"canonical":"https:\/\/skrina.si\/en\/product\/ljubljanska-nosa-krakovo\/","og_locale":"en_GB","og_type":"article","og_title":"[:en]Ljubljanska no\u0161a - Krakovo[:sl]Ljubljanska no\u0161a[:] - Etnogalerija Skrina","og_description":"[:en]V predelu Ljubljane ob Ljubljanici le\u017ei Krakovo, kjer so \u017eiveli spretni in premo\u017eni trgovci, ki so ljudem v mestu dostavljali razli\u010dno blago. Krakov\u010dani niso bili sprejeti kot me\u0161\u010dani, so pa se hoteli z njimi ena\u010diti in donosni trgovski posli so jim omogo\u010dali, da so se obla\u010dili podobno kot me\u0161\u010dani.\u00a0 Mo\u0161ki so nosili usnjene, irhaste hla\u010de in svilen telovnik s srebrnimi gumbi, nekateri pa so si povrh nadeli \u0161e suknji\u010d, na rokavih in ob vratu okra\u0161en s ko\u017euhovino. Obuti so bili v visoke usnjene \u0161kornje in imeli na glavi cilindrast klobuk, okra\u0161en z veliko zaponko. \u017denske so bile pokrite z avbami in pe\u010dami. \u010celniki avb iz \u017eameta so bili vezeni z zlato nitjo, ob\u0161iti z belo \u010dipko, zadaj pa je je bil avbi dodan \u0161irok, \u00a0v pentljo zavezan svilen trak. \u010cez \u0161iroko krilo, v\u010dasih izdelano tudi iz potiskanega blaga so si opasale s \u010drno \u010dipko obrobljen svilen predpasnik, preko katerega so si nadele \u0161e sklepanec. Nekatere so koli vratu nosile veri\u017eico. Opisane so zgolj nekatere zna\u010dilnosti ljubljanske in krakovske no\u0161e. Lastnosti:    Naslov dela: Ljubljanska in krakovska narodna no\u0161a    Tehnika: grafika    Zunanja dimenzija: 35 x 48 cm; 19 x 23 cm    Vse grafike so podpisane in o\u0161tevil\u010dene    Omejena naklada 126\/200  [:sl]V predelu Ljubljane ob Ljubljanici le\u017ei Krakovo, kjer so \u017eiveli spretni in premo\u017eni trgovci, ki so ljudem v mestu dostavljali razli\u010dno blago. Krakov\u010dani niso bili sprejeti kot me\u0161\u010dani, so pa se hoteli z njimi ena\u010diti in donosni trgovski posli so jim omogo\u010dali, da so se obla\u010dili podobno kot me\u0161\u010dani.\u00a0 Mo\u0161ki so nosili usnjene, irhaste hla\u010de in svilen telovnik s srebrnimi gumbi, nekateri pa so si povrh nadeli \u0161e suknji\u010d, na rokavih in ob vratu okra\u0161en s ko\u017euhovino. Obuti so bili v visoke usnjene \u0161kornje in imeli na glavi cilindrast klobuk, okra\u0161en z veliko zaponko. \u017denske so bile pokrite z avbami in pe\u010dami. \u010celniki avb iz \u017eameta so bili vezeni z zlato nitjo, ob\u0161iti z belo \u010dipko, zadaj pa je je bil avbi dodan \u0161irok, \u00a0v pentljo zavezan svilen trak. \u010cez \u0161iroko krilo, v\u010dasih izdelano tudi iz potiskanega blaga so si opasale s \u010drno \u010dipko obrobljen svilen predpasnik, preko katerega so si nadele \u0161e sklepanec. Nekatere so koli vratu nosile veri\u017eico. Opisane so zgolj nekatere zna\u010dilnosti ljubljanske in krakovske no\u0161e. Lastnosti:    Naslov dela: Ljubljanska in krakovska narodna no\u0161a    Tehnika: grafika    Zunanja dimenzija: 35 x 48 cm; 19 x 23 cm    Vse grafike so podpisane in o\u0161tevil\u010dene    Omejena naklada 126\/200  [:]","og_url":"https:\/\/skrina.si\/en\/product\/ljubljanska-nosa-krakovo\/","og_site_name":"Etnogalerija Skrina","article_modified_time":"2024-04-10T13:36:43+00:00","og_image":[{"width":2000,"height":1500,"url":"https:\/\/skrina.si\/wp-content\/uploads\/2022\/07\/ljubljana-Etno-galerija-skrina-Tradicija-s-posluhom-slovenska-ljudska-nosa.jpg","type":"image\/jpeg"}],"twitter_card":"summary_large_image","twitter_misc":{"Estimated reading time":"1 minute"},"schema":{"@context":"https:\/\/schema.org","@graph":[{"@type":"WebPage","@id":"https:\/\/skrina.si\/en\/product\/ljubljanska-nosa-krakovo\/","url":"https:\/\/skrina.si\/en\/product\/ljubljanska-nosa-krakovo\/","name":"[:en]Ljubljanska no\u0161a - Krakovo[:sl]Ljubljanska no\u0161a[:] - Etnogalerija Skrina","isPartOf":{"@id":"https:\/\/skrina.si\/en\/#website"},"datePublished":"2022-07-20T11:52:25+00:00","dateModified":"2024-04-10T13:36:43+00:00","breadcrumb":{"@id":"https:\/\/skrina.si\/en\/product\/ljubljanska-nosa-krakovo\/#breadcrumb"},"inLanguage":"en-GB","potentialAction":[{"@type":"ReadAction","target":["https:\/\/skrina.si\/en\/product\/ljubljanska-nosa-krakovo\/"]}]},{"@type":"BreadcrumbList","@id":"https:\/\/skrina.si\/en\/product\/ljubljanska-nosa-krakovo\/#breadcrumb","itemListElement":[{"@type":"ListItem","position":1,"name":"Home","item":"https:\/\/skrina.si\/en\/"},{"@type":"ListItem","position":2,"name":"Shop","item":"https:\/\/skrina.si\/shop\/"},{"@type":"ListItem","position":3,"name":"Ljubljanska no\u0161a"}]},{"@type":"WebSite","@id":"https:\/\/skrina.si\/en\/#website","url":"https:\/\/skrina.si\/en\/","name":"Etnogalerija Skrina","description":"Tradicija s posluhom","potentialAction":[{"@type":"SearchAction","target":{"@type":"EntryPoint","urlTemplate":"https:\/\/skrina.si\/en\/?s={search_term_string}"},"query-input":"required name=search_term_string"}],"inLanguage":"en-GB"}]}},"_links":{"self":[{"href":"https:\/\/skrina.si\/en\/wp-json\/wp\/v2\/product\/11245"}],"collection":[{"href":"https:\/\/skrina.si\/en\/wp-json\/wp\/v2\/product"}],"about":[{"href":"https:\/\/skrina.si\/en\/wp-json\/wp\/v2\/types\/product"}],"wp:featuredmedia":[{"embeddable":true,"href":"https:\/\/skrina.si\/en\/wp-json\/wp\/v2\/media\/11247"}],"wp:attachment":[{"href":"https:\/\/skrina.si\/en\/wp-json\/wp\/v2\/media?parent=11245"}],"wp:term":[{"taxonomy":"product_cat","embeddable":true,"href":"https:\/\/skrina.si\/en\/wp-json\/wp\/v2\/product_cat?post=11245"},{"taxonomy":"product_tag","embeddable":true,"href":"https:\/\/skrina.si\/en\/wp-json\/wp\/v2\/product_tag?post=11245"}],"curies":[{"name":"wp","href":"https:\/\/api.w.org\/{rel}","templated":true}]}}