{"id":11242,"date":"2022-07-20T11:46:31","date_gmt":"2022-07-20T11:46:31","guid":{"rendered":"https:\/\/skrina.si\/?post_type=product&#038;p=11242"},"modified":"2024-04-11T17:49:12","modified_gmt":"2024-04-11T15:49:12","slug":"bohinjska-nosa","status":"publish","type":"product","link":"https:\/\/skrina.si\/en\/product\/bohinjska-nosa\/","title":{"rendered":"Bohinjska no\u0161a"},"content":{"rendered":"","protected":false},"excerpt":{"rendered":"<h5 style=\"text-align: justify;\"><strong><em>Bohinjska narodna\u00a0 no\u0161a <\/em><\/strong>je v svoji osnovi podobna gorenjski no\u0161i, kljub temu pa ima nekaj posebnosti. Vsem <strong><em>\u017eenskim no\u0161am<\/em><\/strong> je skupna naglavna pe\u010da in nabrana, s \u010dipko obrobljena bela srajca in \u0161iroko, s trakom obrobljeno modro krilo. Nekatere izvedbe imajo \u0161e dolgo rjavkasto jopo, ki ima ob straneh razporek, okoli vratu in rokavov pa zeleno obrobo. Razli\u010dna je tudi barva nogavic. Vsem <strong><em>mo\u0161kim no\u0161am<\/em><\/strong> je skupna bela srajca, suknja, ki sega malo \u010dez pas, klobuk s \u0161irokimi krajci in kratke hla\u010de iz irhovine, narejene iz \u010drno ali rjavo barvane ov\u010dje, kozje, jelenje in gamsove ko\u017ee. Ob strani imajo razporek z gumbi ali trakovi za zavezovanje. Hla\u010de so stisnjene nad ali pod koleni, kar je odvisno od obuvala. Kadar so to \u0161kornji z zavihanim robom, so hla\u010de kraj\u0161e. Priljubljene pa so tudi volnene nogavice v naravni barvi volne in nizke \u010devlji.<br \/>\n<em>Opisane so zgolj nekatere zna\u010dilnosti bohinjske no\u0161e.<\/em><\/h5>\n<p><em>\u00a0<\/em><em>Lastnosti:<\/em><\/p>\n<ul>\n<li>\n<h6><em>Naslov dela: Bohinjska narodna no\u0161a<\/em><\/h6>\n<\/li>\n<li>\n<h6><em>Tehnika: grafika<\/em><\/h6>\n<\/li>\n<li>\n<h6><em>Zunanja dimenzija: 35 x 48 cm; 19 x 23 cm<\/em><\/h6>\n<\/li>\n<li>\n<h6><em>Vse grafike so podpisane in o\u0161tevil\u010dene<\/em><\/h6>\n<\/li>\n<li>\n<h6><em>Omejena naklada 126\/200<\/em><\/h6>\n<\/li>\n<\/ul>\n","protected":false},"featured_media":11221,"template":"","meta":{"_monsterinsights_skip_tracking":false,"_monsterinsights_sitenote_active":false,"_monsterinsights_sitenote_note":"","_monsterinsights_sitenote_category":0},"product_cat":[103,238],"product_tag":[730],"aioseo_notices":[],"yoast_head":"<!-- This site is optimized with the Yoast SEO plugin v22.1 - https:\/\/yoast.com\/wordpress\/plugins\/seo\/ -->\n<title>Bohinjska no\u0161a - Etnogalerija Skrina<\/title>\n<meta name=\"robots\" content=\"index, follow, max-snippet:-1, max-image-preview:large, max-video-preview:-1\" \/>\n<link rel=\"canonical\" href=\"https:\/\/skrina.si\/en\/product\/bohinjska-nosa\/\" \/>\n<meta property=\"og:locale\" content=\"en_GB\" \/>\n<meta property=\"og:locale:alternate\" content=\"sl_SI\" \/>\n<meta property=\"og:type\" content=\"article\" \/>\n<meta property=\"og:title\" content=\"Bohinjska no\u0161a\" \/>\n<meta property=\"og:description\" content=\"Bohinjska narodna\u00a0 no\u0161a je v svoji osnovi podobna gorenjski no\u0161i, kljub temu pa ima nekaj posebnosti. Vsem \u017eenskim no\u0161am je skupna naglavna pe\u010da in nabrana, s \u010dipko obrobljena bela srajca in \u0161iroko, s trakom obrobljeno modro krilo. Nekatere izvedbe imajo \u0161e dolgo rjavkasto jopo, ki ima ob straneh razporek, okoli vratu in rokavov pa zeleno obrobo. Razli\u010dna je tudi barva nogavic. Vsem mo\u0161kim no\u0161am je skupna bela srajca, suknja, ki sega malo \u010dez pas, klobuk s \u0161irokimi krajci in kratke hla\u010de iz irhovine, narejene iz \u010drno ali rjavo barvane ov\u010dje, kozje, jelenje in gamsove ko\u017ee. Ob strani imajo razporek z gumbi ali trakovi za zavezovanje. Hla\u010de so stisnjene nad ali pod koleni, kar je odvisno od obuvala. Kadar so to \u0161kornji z zavihanim robom, so hla\u010de kraj\u0161e. Priljubljene pa so tudi volnene nogavice v naravni barvi volne in nizke \u010devlji. Opisane so zgolj nekatere zna\u010dilnosti bohinjske no\u0161e. \u00a0Lastnosti:    Naslov dela: Bohinjska narodna no\u0161a    Tehnika: grafika    Zunanja dimenzija: 35 x 48 cm; 19 x 23 cm    Vse grafike so podpisane in o\u0161tevil\u010dene    Omejena naklada 126\/200\" \/>\n<meta property=\"og:url\" content=\"https:\/\/skrina.si\/en\/product\/bohinjska-nosa\/\" \/>\n<meta property=\"og:site_name\" content=\"Etnogalerija Skrina\" \/>\n<meta property=\"article:modified_time\" content=\"2024-04-11T15:49:12+00:00\" \/>\n<meta property=\"og:image\" content=\"https:\/\/skrina.si\/wp-content\/uploads\/2022\/07\/bohinj-Etno-galerija-skrina-Tradicija-s-posluhom-slovenska-ljudska-nosa.jpg\" \/>\n\t<meta property=\"og:image:width\" content=\"2000\" \/>\n\t<meta property=\"og:image:height\" content=\"1500\" \/>\n\t<meta property=\"og:image:type\" content=\"image\/jpeg\" \/>\n<meta name=\"twitter:card\" content=\"summary_large_image\" \/>\n<meta name=\"twitter:label1\" content=\"Estimated reading time\" \/>\n\t<meta name=\"twitter:data1\" content=\"1 minute\" \/>\n<script type=\"application\/ld+json\" class=\"yoast-schema-graph\">{\"@context\":\"https:\/\/schema.org\",\"@graph\":[{\"@type\":\"WebPage\",\"@id\":\"https:\/\/skrina.si\/en\/product\/bohinjska-nosa\/\",\"url\":\"https:\/\/skrina.si\/en\/product\/bohinjska-nosa\/\",\"name\":\"[:en]Bohinjska no\u0161a[:sl]Bohinjska no\u0161a[:] - Etnogalerija Skrina\",\"isPartOf\":{\"@id\":\"https:\/\/skrina.si\/en\/#website\"},\"datePublished\":\"2022-07-20T11:46:31+00:00\",\"dateModified\":\"2024-04-11T15:49:12+00:00\",\"breadcrumb\":{\"@id\":\"https:\/\/skrina.si\/en\/product\/bohinjska-nosa\/#breadcrumb\"},\"inLanguage\":\"en-GB\",\"potentialAction\":[{\"@type\":\"ReadAction\",\"target\":[\"https:\/\/skrina.si\/en\/product\/bohinjska-nosa\/\"]}]},{\"@type\":\"BreadcrumbList\",\"@id\":\"https:\/\/skrina.si\/en\/product\/bohinjska-nosa\/#breadcrumb\",\"itemListElement\":[{\"@type\":\"ListItem\",\"position\":1,\"name\":\"Home\",\"item\":\"https:\/\/skrina.si\/en\/\"},{\"@type\":\"ListItem\",\"position\":2,\"name\":\"Shop\",\"item\":\"https:\/\/skrina.si\/shop\/\"},{\"@type\":\"ListItem\",\"position\":3,\"name\":\"Bohinjska no\u0161a\"}]},{\"@type\":\"WebSite\",\"@id\":\"https:\/\/skrina.si\/en\/#website\",\"url\":\"https:\/\/skrina.si\/en\/\",\"name\":\"Etnogalerija Skrina\",\"description\":\"Tradicija s posluhom\",\"potentialAction\":[{\"@type\":\"SearchAction\",\"target\":{\"@type\":\"EntryPoint\",\"urlTemplate\":\"https:\/\/skrina.si\/en\/?s={search_term_string}\"},\"query-input\":\"required name=search_term_string\"}],\"inLanguage\":\"en-GB\"}]}<\/script>\n<!-- \/ Yoast SEO plugin. -->","yoast_head_json":{"title":"Bohinjska no\u0161a - Etnogalerija Skrina","robots":{"index":"index","follow":"follow","max-snippet":"max-snippet:-1","max-image-preview":"max-image-preview:large","max-video-preview":"max-video-preview:-1"},"canonical":"https:\/\/skrina.si\/en\/product\/bohinjska-nosa\/","og_locale":"en_GB","og_type":"article","og_title":"[:en]Bohinjska no\u0161a[:sl]Bohinjska no\u0161a[:] - Etnogalerija Skrina","og_description":"[:en]Bohinjska narodna\u00a0 no\u0161a je v svoji osnovi podobna gorenjski no\u0161i, kljub temu pa ima nekaj posebnosti. Vsem \u017eenskim no\u0161am je skupna naglavna pe\u010da in nabrana, s \u010dipko obrobljena bela srajca in \u0161iroko, s trakom obrobljeno modro krilo. Nekatere izvedbe imajo \u0161e dolgo rjavkasto jopo, ki ima ob straneh razporek, okoli vratu in rokavov pa zeleno obrobo. Razli\u010dna je tudi barva nogavic. Vsem mo\u0161kim no\u0161am je skupna bela srajca, suknja, ki sega malo \u010dez pas, klobuk s \u0161irokimi krajci in kratke hla\u010de iz irhovine, narejene iz \u010drno ali rjavo barvane ov\u010dje, kozje, jelenje in gamsove ko\u017ee. Ob strani imajo razporek z gumbi ali trakovi za zavezovanje. Hla\u010de so stisnjene nad ali pod koleni, kar je odvisno od obuvala. Kadar so to \u0161kornji z zavihanim robom, so hla\u010de kraj\u0161e. Priljubljene pa so tudi volnene nogavice v naravni barvi volne in nizke \u010devlji. Opisane so zgolj nekatere zna\u010dilnosti bohinjske no\u0161e. \u00a0Lastnosti:    Naslov dela: Bohinjska narodna no\u0161a    Tehnika: grafika    Zunanja dimenzija: 35 x 48 cm; 19 x 23 cm    Vse grafike so podpisane in o\u0161tevil\u010dene    Omejena naklada 126\/200  [:sl]Bohinjska narodna\u00a0 no\u0161a je v svoji osnovi podobna gorenjski no\u0161i, kljub temu pa ima nekaj posebnosti. Vsem \u017eenskim no\u0161am je skupna naglavna pe\u010da in nabrana, s \u010dipko obrobljena bela srajca in \u0161iroko, s trakom obrobljeno modro krilo. Nekatere izvedbe imajo \u0161e dolgo rjavkasto jopo, ki ima ob straneh razporek, okoli vratu in rokavov pa zeleno obrobo. Razli\u010dna je tudi barva nogavic. Vsem mo\u0161kim no\u0161am je skupna bela srajca, suknja, ki sega malo \u010dez pas, klobuk s \u0161irokimi krajci in kratke hla\u010de iz irhovine, narejene iz \u010drno ali rjavo barvane ov\u010dje, kozje, jelenje in gamsove ko\u017ee. Ob strani imajo razporek z gumbi ali trakovi za zavezovanje. Hla\u010de so stisnjene nad ali pod koleni, kar je odvisno od obuvala. Kadar so to \u0161kornji z zavihanim robom, so hla\u010de kraj\u0161e. Priljubljene pa so tudi volnene nogavice v naravni barvi volne in nizke \u010devlji. Opisane so zgolj nekatere zna\u010dilnosti bohinjske no\u0161e. \u00a0Lastnosti:    Naslov dela: Bohinjska narodna no\u0161a    Tehnika: grafika    Zunanja dimenzija: 35 x 48 cm; 19 x 23 cm    Vse grafike so podpisane in o\u0161tevil\u010dene    Omejena naklada 126\/200  [:]","og_url":"https:\/\/skrina.si\/en\/product\/bohinjska-nosa\/","og_site_name":"Etnogalerija Skrina","article_modified_time":"2024-04-11T15:49:12+00:00","og_image":[{"width":2000,"height":1500,"url":"https:\/\/skrina.si\/wp-content\/uploads\/2022\/07\/bohinj-Etno-galerija-skrina-Tradicija-s-posluhom-slovenska-ljudska-nosa.jpg","type":"image\/jpeg"}],"twitter_card":"summary_large_image","twitter_misc":{"Estimated reading time":"1 minute"},"schema":{"@context":"https:\/\/schema.org","@graph":[{"@type":"WebPage","@id":"https:\/\/skrina.si\/en\/product\/bohinjska-nosa\/","url":"https:\/\/skrina.si\/en\/product\/bohinjska-nosa\/","name":"[:en]Bohinjska no\u0161a[:sl]Bohinjska no\u0161a[:] - Etnogalerija Skrina","isPartOf":{"@id":"https:\/\/skrina.si\/en\/#website"},"datePublished":"2022-07-20T11:46:31+00:00","dateModified":"2024-04-11T15:49:12+00:00","breadcrumb":{"@id":"https:\/\/skrina.si\/en\/product\/bohinjska-nosa\/#breadcrumb"},"inLanguage":"en-GB","potentialAction":[{"@type":"ReadAction","target":["https:\/\/skrina.si\/en\/product\/bohinjska-nosa\/"]}]},{"@type":"BreadcrumbList","@id":"https:\/\/skrina.si\/en\/product\/bohinjska-nosa\/#breadcrumb","itemListElement":[{"@type":"ListItem","position":1,"name":"Home","item":"https:\/\/skrina.si\/en\/"},{"@type":"ListItem","position":2,"name":"Shop","item":"https:\/\/skrina.si\/shop\/"},{"@type":"ListItem","position":3,"name":"Bohinjska no\u0161a"}]},{"@type":"WebSite","@id":"https:\/\/skrina.si\/en\/#website","url":"https:\/\/skrina.si\/en\/","name":"Etnogalerija Skrina","description":"Tradicija s posluhom","potentialAction":[{"@type":"SearchAction","target":{"@type":"EntryPoint","urlTemplate":"https:\/\/skrina.si\/en\/?s={search_term_string}"},"query-input":"required name=search_term_string"}],"inLanguage":"en-GB"}]}},"_links":{"self":[{"href":"https:\/\/skrina.si\/en\/wp-json\/wp\/v2\/product\/11242"}],"collection":[{"href":"https:\/\/skrina.si\/en\/wp-json\/wp\/v2\/product"}],"about":[{"href":"https:\/\/skrina.si\/en\/wp-json\/wp\/v2\/types\/product"}],"wp:featuredmedia":[{"embeddable":true,"href":"https:\/\/skrina.si\/en\/wp-json\/wp\/v2\/media\/11221"}],"wp:attachment":[{"href":"https:\/\/skrina.si\/en\/wp-json\/wp\/v2\/media?parent=11242"}],"wp:term":[{"taxonomy":"product_cat","embeddable":true,"href":"https:\/\/skrina.si\/en\/wp-json\/wp\/v2\/product_cat?post=11242"},{"taxonomy":"product_tag","embeddable":true,"href":"https:\/\/skrina.si\/en\/wp-json\/wp\/v2\/product_tag?post=11242"}],"curies":[{"name":"wp","href":"https:\/\/api.w.org\/{rel}","templated":true}]}}