{"id":12742,"date":"2021-02-19T15:19:46","date_gmt":"2021-02-19T15:19:46","guid":{"rendered":"https:\/\/skrina.si\/?page_id=12742"},"modified":"2024-06-06T17:57:47","modified_gmt":"2024-06-06T15:57:47","slug":"other-products","status":"publish","type":"page","link":"https:\/\/skrina.si\/en\/other-products\/","title":{"rendered":"Other products"},"content":{"rendered":"<p><div class=\"fusion-fullwidth fullwidth-box fusion-builder-row-1 fusion-flex-container nonhundred-percent-fullwidth non-hundred-percent-height-scrolling\" style=\"--awb-border-radius-top-left:0px;--awb-border-radius-top-right:0px;--awb-border-radius-bottom-right:0px;--awb-border-radius-bottom-left:0px;--awb-flex-wrap:wrap;\" ><div class=\"fusion-builder-row fusion-row fusion-flex-align-items-flex-start fusion-flex-content-wrap\" style=\"max-width:1560px;margin-left: calc(-4% \/ 2 );margin-right: calc(-4% \/ 2 );\"><div class=\"fusion-layout-column fusion_builder_column fusion-builder-column-0 fusion_builder_column_1_1 1_1 fusion-flex-column\" style=\"--awb-bg-size:cover;--awb-width-large:100%;--awb-margin-top-large:0px;--awb-spacing-right-large:1.92%;--awb-margin-bottom-large:20px;--awb-spacing-left-large:1.92%;--awb-width-medium:100%;--awb-order-medium:0;--awb-spacing-right-medium:1.92%;--awb-spacing-left-medium:1.92%;--awb-width-small:100%;--awb-order-small:0;--awb-spacing-right-small:1.92%;--awb-spacing-left-small:1.92%;\"><div class=\"fusion-column-wrapper fusion-column-has-shadow fusion-flex-justify-content-flex-start fusion-content-layout-column\"><div class=\"fusion-title title fusion-title-1 fusion-sep-none fusion-title-center fusion-title-text fusion-title-size-two\"><h2 class=\"fusion-title-heading title-heading-center\" style=\"margin:0;\"><p style=\"text-align: center;\"><span class=\"Y2IQFc\" lang=\"en\">OTHER PRODUCTS<\/span><\/p><\/h2><\/div><\/div><\/div><\/div><\/div><div class=\"fusion-fullwidth fullwidth-box fusion-builder-row-2 fusion-flex-container nonhundred-percent-fullwidth non-hundred-percent-height-scrolling fusion-no-small-visibility fusion-no-medium-visibility\" style=\"--awb-border-radius-top-left:0px;--awb-border-radius-top-right:0px;--awb-border-radius-bottom-right:0px;--awb-border-radius-bottom-left:0px;--awb-padding-bottom:0px;--awb-flex-wrap:wrap;\" ><div class=\"fusion-builder-row fusion-row fusion-flex-align-items-center fusion-flex-justify-content-center fusion-flex-content-wrap\" style=\"max-width:1560px;margin-left: calc(-4% \/ 2 );margin-right: calc(-4% \/ 2 );\"><div class=\"fusion-layout-column fusion_builder_column fusion-builder-column-1 fusion_builder_column_1_3 1_3 fusion-flex-column fusion-flex-align-self-center\" style=\"--awb-bg-size:cover;--awb-width-large:33.333333333333%;--awb-margin-top-large:0px;--awb-spacing-right-large:5.76%;--awb-margin-bottom-large:20px;--awb-spacing-left-large:5.76%;--awb-width-medium:100%;--awb-order-medium:0;--awb-spacing-right-medium:1.92%;--awb-spacing-left-medium:1.92%;--awb-width-small:100%;--awb-order-small:0;--awb-spacing-right-small:1.92%;--awb-spacing-left-small:1.92%;\"><div class=\"fusion-column-wrapper fusion-column-has-shadow fusion-flex-justify-content-center fusion-content-layout-column\"><div class=\"fusion-image-element \" style=\"text-align:center;--awb-caption-title-font-family:var(--h2_typography-font-family);--awb-caption-title-font-weight:var(--h2_typography-font-weight);--awb-caption-title-font-style:var(--h2_typography-font-style);--awb-caption-title-size:var(--h2_typography-font-size);--awb-caption-title-transform:var(--h2_typography-text-transform);--awb-caption-title-line-height:var(--h2_typography-line-height);--awb-caption-title-letter-spacing:var(--h2_typography-letter-spacing);\"><span class=\" fusion-imageframe imageframe-none imageframe-1 hover-type-zoomin\"><a class=\"fusion-no-lightbox\" href=\"\/en\/paintings-and-sculptures\" target=\"_self\" aria-label=\"Hahonin-Sergej-slika-Ljubljana-slikar-slike-za-dnevno-sobo\"><img loading=\"lazy\" decoding=\"async\" width=\"300\" height=\"300\" src=\"https:\/\/skrina.si\/wp-content\/uploads\/2022\/05\/Hahonin-Sergej-slika-Ljubljana-slikar-slike-za-dnevno-sobo-300x300.jpg\" alt class=\"img-responsive wp-image-10561\" srcset=\"https:\/\/skrina.si\/wp-content\/uploads\/2022\/05\/Hahonin-Sergej-slika-Ljubljana-slikar-slike-za-dnevno-sobo-200x200.jpg 200w, https:\/\/skrina.si\/wp-content\/uploads\/2022\/05\/Hahonin-Sergej-slika-Ljubljana-slikar-slike-za-dnevno-sobo.jpg 300w\" sizes=\"(max-width: 1024px) 100vw, (max-width: 640px) 100vw, 300px\" \/><\/a><\/span><\/div><div class=\"fusion-text fusion-text-1 fusion-text-no-margin\" style=\"--awb-content-alignment:center;--awb-text-transform:none;--awb-margin-top:0px;--awb-margin-bottom:0px;\"><h3 id=\"tw-target-text\" class=\"tw-data-text tw-text-large tw-ta\" dir=\"ltr\" style=\"text-align: center;\" data-placeholder=\"Prevod\" data-ved=\"2ahUKEwjF14CXhrCCAxWeh_0HHV50DTIQ3ewLegQIBhAQ\"><a href=\"\/en\/paintings-and-sculpturesina.si\/slike-in-skulpture\/\"><span class=\"Y2IQFc\" lang=\"en\">Paintings and sculptures<\/span><\/a><\/h3>\n<\/div><\/div><\/div><div class=\"fusion-layout-column fusion_builder_column fusion-builder-column-2 fusion_builder_column_1_3 1_3 fusion-flex-column fusion-flex-align-self-center fusion-no-small-visibility fusion-no-medium-visibility\" style=\"--awb-bg-size:cover;--awb-width-large:33.333333333333%;--awb-margin-top-large:0px;--awb-spacing-right-large:5.76%;--awb-margin-bottom-large:20px;--awb-spacing-left-large:5.76%;--awb-width-medium:100%;--awb-order-medium:0;--awb-spacing-right-medium:1.92%;--awb-spacing-left-medium:1.92%;--awb-width-small:100%;--awb-order-small:0;--awb-spacing-right-small:1.92%;--awb-spacing-left-small:1.92%;\"><div class=\"fusion-column-wrapper fusion-column-has-shadow fusion-flex-justify-content-center fusion-content-layout-column\"><div class=\"fusion-image-element fusion-no-small-visibility fusion-no-medium-visibility\" style=\"text-align:center;--awb-margin-top:0px;--awb-margin-bottom:0px;--awb-margin-top-medium:30px;--awb-margin-bottom-medium:0px;--awb-margin-top-small:0px;--awb-margin-bottom-small:0px;--awb-caption-title-font-family:var(--h2_typography-font-family);--awb-caption-title-font-weight:var(--h2_typography-font-weight);--awb-caption-title-font-style:var(--h2_typography-font-style);--awb-caption-title-size:var(--h2_typography-font-size);--awb-caption-title-transform:var(--h2_typography-text-transform);--awb-caption-title-line-height:var(--h2_typography-line-height);--awb-caption-title-letter-spacing:var(--h2_typography-letter-spacing);\"><span class=\" fusion-imageframe imageframe-none imageframe-2 hover-type-zoomin\"><a class=\"fusion-no-lightbox\" href=\"\/en\/traditional-products\" target=\"_self\" aria-label=\"Sveti duhec Ozebek V_300x300\"><img loading=\"lazy\" decoding=\"async\" width=\"300\" height=\"300\" alt=\"Sveti duhec tradicija posluhom slovenija etno galerija skrina\" src=\"https:\/\/skrina.si\/wp-content\/uploads\/2021\/09\/Sveti-duhec-Ozebek-V_300x300-300x300.jpg\" class=\"img-responsive wp-image-5963\" srcset=\"https:\/\/skrina.si\/wp-content\/uploads\/2021\/09\/Sveti-duhec-Ozebek-V_300x300-200x200.jpg 200w, https:\/\/skrina.si\/wp-content\/uploads\/2021\/09\/Sveti-duhec-Ozebek-V_300x300.jpg 300w\" sizes=\"(max-width: 1024px) 100vw, (max-width: 640px) 100vw, 300px\" \/><\/a><\/span><\/div><div class=\"fusion-text fusion-text-2 fusion-text-no-margin\" style=\"--awb-content-alignment:center;--awb-text-transform:none;--awb-margin-top:0px;--awb-margin-bottom:0px;\"><h3 id=\"tw-target-text\" class=\"tw-data-text tw-text-large tw-ta\" dir=\"ltr\" data-placeholder=\"Prevod\" data-ved=\"2ahUKEwjF14CXhrCCAxWeh_0HHV50DTIQ3ewLegQIBhAQ\"><a href=\"\/en\/traditional-products\"><span class=\"Y2IQFc\" lang=\"en\">Traditional products<\/span><\/a><\/h3>\n<\/div><\/div><\/div><div class=\"fusion-layout-column fusion_builder_column fusion-builder-column-3 fusion_builder_column_1_3 1_3 fusion-flex-column fusion-flex-align-self-center\" style=\"--awb-bg-size:cover;--awb-width-large:33.333333333333%;--awb-margin-top-large:0px;--awb-spacing-right-large:5.76%;--awb-margin-bottom-large:20px;--awb-spacing-left-large:5.76%;--awb-width-medium:100%;--awb-order-medium:0;--awb-spacing-right-medium:1.92%;--awb-spacing-left-medium:1.92%;--awb-width-small:100%;--awb-order-small:0;--awb-spacing-right-small:1.92%;--awb-spacing-left-small:1.92%;\"><div class=\"fusion-column-wrapper fusion-column-has-shadow fusion-flex-justify-content-center fusion-content-layout-column\"><div class=\"fusion-image-element \" style=\"text-align:center;--awb-caption-title-font-family:var(--h2_typography-font-family);--awb-caption-title-font-weight:var(--h2_typography-font-weight);--awb-caption-title-font-style:var(--h2_typography-font-style);--awb-caption-title-size:var(--h2_typography-font-size);--awb-caption-title-transform:var(--h2_typography-text-transform);--awb-caption-title-line-height:var(--h2_typography-line-height);--awb-caption-title-letter-spacing:var(--h2_typography-letter-spacing);\"><span class=\" fusion-imageframe imageframe-none imageframe-3 hover-type-zoomin\"><a class=\"fusion-no-lightbox\" href=\"\/en\/ceramics-and-porcelain\" target=\"_self\" aria-label=\"Keramika-Zdenka-Kastelic-unikatna-keramika-slovenski-izdelki\"><img loading=\"lazy\" decoding=\"async\" width=\"300\" height=\"300\" src=\"https:\/\/skrina.si\/wp-content\/uploads\/2022\/05\/Keramika-Zdenka-Kastelic-unikatna-keramika-slovenski-izdelki.jpg\" alt class=\"img-responsive wp-image-10562\" srcset=\"https:\/\/skrina.si\/wp-content\/uploads\/2022\/05\/Keramika-Zdenka-Kastelic-unikatna-keramika-slovenski-izdelki-200x200.jpg 200w, https:\/\/skrina.si\/wp-content\/uploads\/2022\/05\/Keramika-Zdenka-Kastelic-unikatna-keramika-slovenski-izdelki.jpg 300w\" sizes=\"(max-width: 1024px) 100vw, (max-width: 640px) 100vw, 300px\" \/><\/a><\/span><\/div><div class=\"fusion-text fusion-text-3\" style=\"--awb-content-alignment:center;--awb-text-transform:none;\"><h3 style=\"text-align: center;\"><a href=\"\/en\/ceramics-and-porcelain\/\"><span class=\"Y2IQFc\" lang=\"en\">Ceramics and porcelain<\/span><\/a><\/h3>\n<\/div><\/div><\/div><\/div><\/div><div class=\"fusion-fullwidth fullwidth-box fusion-builder-row-3 fusion-flex-container has-pattern-background has-mask-background nonhundred-percent-fullwidth non-hundred-percent-height-scrolling fusion-no-large-visibility\" style=\"--awb-border-radius-top-left:0px;--awb-border-radius-top-right:0px;--awb-border-radius-bottom-right:0px;--awb-border-radius-bottom-left:0px;--awb-padding-bottom:0px;--awb-flex-wrap:wrap;\" ><div class=\"fusion-builder-row fusion-row fusion-flex-align-items-center fusion-flex-justify-content-center fusion-flex-content-wrap\" style=\"max-width:1560px;margin-left: calc(-4% \/ 2 );margin-right: calc(-4% \/ 2 );\"><div class=\"fusion-layout-column fusion_builder_column fusion-builder-column-4 fusion_builder_column_1_3 1_3 fusion-flex-column fusion-flex-align-self-center\" style=\"--awb-bg-size:cover;--awb-width-large:33.333333333333%;--awb-margin-top-large:0px;--awb-spacing-right-large:5.76%;--awb-margin-bottom-large:20px;--awb-spacing-left-large:5.76%;--awb-width-medium:100%;--awb-order-medium:0;--awb-spacing-right-medium:1.92%;--awb-spacing-left-medium:1.92%;--awb-width-small:100%;--awb-order-small:0;--awb-spacing-right-small:1.92%;--awb-spacing-left-small:1.92%;\"><div class=\"fusion-column-wrapper fusion-column-has-shadow fusion-flex-justify-content-center fusion-content-layout-column\"><div class=\"fusion-image-element \" style=\"text-align:center;--awb-caption-title-font-family:var(--h2_typography-font-family);--awb-caption-title-font-weight:var(--h2_typography-font-weight);--awb-caption-title-font-style:var(--h2_typography-font-style);--awb-caption-title-size:var(--h2_typography-font-size);--awb-caption-title-transform:var(--h2_typography-text-transform);--awb-caption-title-line-height:var(--h2_typography-line-height);--awb-caption-title-letter-spacing:var(--h2_typography-letter-spacing);\"><span class=\" fusion-imageframe imageframe-none imageframe-4 hover-type-zoomin\"><a class=\"fusion-no-lightbox\" href=\"https:\/\/skrina.si\/slike-in-skulpture\/\" target=\"_self\" aria-label=\"Hahonin-Sergej-slika-Ljubljana-slikar-slike-za-dnevno-sobo\"><img loading=\"lazy\" decoding=\"async\" width=\"300\" height=\"300\" src=\"https:\/\/skrina.si\/wp-content\/uploads\/2022\/05\/Hahonin-Sergej-slika-Ljubljana-slikar-slike-za-dnevno-sobo-300x300.jpg\" alt class=\"img-responsive wp-image-10561\" srcset=\"https:\/\/skrina.si\/wp-content\/uploads\/2022\/05\/Hahonin-Sergej-slika-Ljubljana-slikar-slike-za-dnevno-sobo-200x200.jpg 200w, https:\/\/skrina.si\/wp-content\/uploads\/2022\/05\/Hahonin-Sergej-slika-Ljubljana-slikar-slike-za-dnevno-sobo.jpg 300w\" sizes=\"(max-width: 1024px) 100vw, (max-width: 640px) 100vw, 300px\" \/><\/a><\/span><\/div><div class=\"fusion-text fusion-text-4 fusion-text-no-margin\" style=\"--awb-content-alignment:center;--awb-text-transform:none;--awb-margin-top:0px;--awb-margin-bottom:0px;\"><div class=\"fusion-fullwidth fullwidth-box fusion-builder-row-1 fusion-flex-container nonhundred-percent-fullwidth non-hundred-percent-height-scrolling\">\n<div class=\"fusion-builder-row fusion-row fusion-flex-align-items-flex-start fusion-flex-content-wrap\">\n<div class=\"fusion-layout-column fusion_builder_column fusion-builder-column-0 fusion_builder_column_1_1 1_1 fusion-flex-column\">\n<div class=\"fusion-column-wrapper fusion-column-has-shadow fusion-flex-justify-content-flex-start fusion-content-layout-column\">\n<div class=\"fusion-title title fusion-title-1 fusion-sep-none fusion-title-center fusion-title-text fusion-title-size-two\"><a href=\"https:\/\/skrina.si\/en\/paintings-and-sculptures\/\">Paintings and sculptures<\/a><\/div>\n<\/div>\n<\/div>\n<\/div>\n<\/div>\n<\/div><\/div><\/div><div class=\"fusion-layout-column fusion_builder_column fusion-builder-column-5 fusion_builder_column_1_3 1_3 fusion-flex-column fusion-flex-align-self-center fusion-no-small-visibility fusion-no-medium-visibility\" style=\"--awb-bg-size:cover;--awb-width-large:33.333333333333%;--awb-margin-top-large:0px;--awb-spacing-right-large:5.76%;--awb-margin-bottom-large:0px;--awb-spacing-left-large:5.76%;--awb-width-medium:100%;--awb-order-medium:0;--awb-spacing-right-medium:1.92%;--awb-spacing-left-medium:1.92%;--awb-width-small:100%;--awb-order-small:0;--awb-spacing-right-small:1.92%;--awb-spacing-left-small:1.92%;\"><div class=\"fusion-column-wrapper fusion-column-has-shadow fusion-flex-justify-content-center fusion-content-layout-column\"><div class=\"fusion-image-element fusion-no-small-visibility fusion-no-medium-visibility\" style=\"text-align:center;--awb-margin-top:0px;--awb-margin-bottom:0px;--awb-margin-top-medium:30px;--awb-margin-bottom-medium:0px;--awb-margin-top-small:0px;--awb-margin-bottom-small:0px;--awb-caption-title-font-family:var(--h2_typography-font-family);--awb-caption-title-font-weight:var(--h2_typography-font-weight);--awb-caption-title-font-style:var(--h2_typography-font-style);--awb-caption-title-size:var(--h2_typography-font-size);--awb-caption-title-transform:var(--h2_typography-text-transform);--awb-caption-title-line-height:var(--h2_typography-line-height);--awb-caption-title-letter-spacing:var(--h2_typography-letter-spacing);\"><span class=\" fusion-imageframe imageframe-none imageframe-5 hover-type-zoomin\"><a class=\"fusion-no-lightbox\" href=\"https:\/\/skrina.si\/tradicionalni-izdelki\/\" target=\"_self\"><img decoding=\"async\" src=\"https:\/\/skrina.si\/wp-content\/uploads\/2022\/05\/Sveti-duhec-izdelek-iz-lesa-obicaji-tradicija-Slovenija-300x300.jpg\" alt class=\"img-responsive\"\/><\/a><\/span><\/div><div class=\"fusion-text fusion-text-5 fusion-text-no-margin\" style=\"--awb-content-alignment:center;--awb-text-transform:none;--awb-margin-top:0px;--awb-margin-bottom:0px;\"><h5 id=\"tw-target-text\" class=\"tw-data-text tw-text-large tw-ta\" dir=\"ltr\" data-placeholder=\"Prevod\" data-ved=\"2ahUKEwjF14CXhrCCAxWeh_0HHV50DTIQ3ewLegQIBhAQ\"><a href=\"https:\/\/skrina.si\/tradicionalni-izdelki\/\"><span class=\"Y2IQFc\" lang=\"en\">Traditional products<\/span><\/a><\/h5>\n<\/div><\/div><\/div><div class=\"fusion-layout-column fusion_builder_column fusion-builder-column-6 fusion_builder_column_1_3 1_3 fusion-flex-column fusion-flex-align-self-center\" style=\"--awb-bg-size:cover;--awb-width-large:33.333333333333%;--awb-margin-top-large:0px;--awb-spacing-right-large:5.76%;--awb-margin-bottom-large:20px;--awb-spacing-left-large:5.76%;--awb-width-medium:100%;--awb-order-medium:0;--awb-spacing-right-medium:1.92%;--awb-spacing-left-medium:1.92%;--awb-width-small:100%;--awb-order-small:0;--awb-spacing-right-small:1.92%;--awb-spacing-left-small:1.92%;\"><div class=\"fusion-column-wrapper fusion-column-has-shadow fusion-flex-justify-content-center fusion-content-layout-column\"><div class=\"fusion-image-element \" style=\"text-align:center;--awb-caption-title-font-family:var(--h2_typography-font-family);--awb-caption-title-font-weight:var(--h2_typography-font-weight);--awb-caption-title-font-style:var(--h2_typography-font-style);--awb-caption-title-size:var(--h2_typography-font-size);--awb-caption-title-transform:var(--h2_typography-text-transform);--awb-caption-title-line-height:var(--h2_typography-line-height);--awb-caption-title-letter-spacing:var(--h2_typography-letter-spacing);\"><span class=\" fusion-imageframe imageframe-none imageframe-6 hover-type-zoomin\"><a class=\"fusion-no-lightbox\" href=\"https:\/\/skrina.si\/keramika-in-porcelan\/\" target=\"_self\" aria-label=\"Keramika-Zdenka-Kastelic-unikatna-keramika-slovenski-izdelki\"><img loading=\"lazy\" decoding=\"async\" width=\"300\" height=\"300\" src=\"https:\/\/skrina.si\/wp-content\/uploads\/2022\/05\/Keramika-Zdenka-Kastelic-unikatna-keramika-slovenski-izdelki.jpg\" alt class=\"img-responsive wp-image-10562\" srcset=\"https:\/\/skrina.si\/wp-content\/uploads\/2022\/05\/Keramika-Zdenka-Kastelic-unikatna-keramika-slovenski-izdelki-200x200.jpg 200w, https:\/\/skrina.si\/wp-content\/uploads\/2022\/05\/Keramika-Zdenka-Kastelic-unikatna-keramika-slovenski-izdelki.jpg 300w\" sizes=\"(max-width: 1024px) 100vw, (max-width: 640px) 100vw, 300px\" \/><\/a><\/span><\/div><div class=\"fusion-text fusion-text-6\" style=\"--awb-content-alignment:center;--awb-text-transform:none;--awb-margin-left:-140px;\"><h3 style=\"text-align: center;\"><a href=\"https:\/\/skrina.si\/en\/ceramics-and-porcelain\/\"><span class=\"Y2IQFc\" lang=\"en\">Ceramics and porcelain<\/span><\/a><\/h3>\n<\/div><\/div><\/div><\/div><\/div><\/p>\n","protected":false},"excerpt":{"rendered":"","protected":false},"author":2,"featured_media":0,"parent":0,"menu_order":0,"comment_status":"closed","ping_status":"closed","template":"","meta":{"_monsterinsights_skip_tracking":false,"_monsterinsights_sitenote_active":false,"_monsterinsights_sitenote_note":"","_monsterinsights_sitenote_category":0,"footnotes":""},"aioseo_notices":[],"yoast_head":"<!-- This site is optimized with the Yoast SEO plugin v22.1 - https:\/\/yoast.com\/wordpress\/plugins\/seo\/ -->\n<title>Other products - Etnogalerija Skrina<\/title>\n<meta name=\"description\" content=\"Etnogalerija SKRINA v starem mestnem jedru v Ljubljani, \u017ee od leta 1989 \u00bbbrska\u00ab po babi\u010dini skrinji in i\u0161\u010de v njej skrite, pozabljene zaklade.\" \/>\n<meta name=\"robots\" content=\"index, follow, max-snippet:-1, max-image-preview:large, max-video-preview:-1\" \/>\n<link rel=\"canonical\" href=\"https:\/\/skrina.si\/en\/other-products\/\" \/>\n<meta property=\"og:locale\" content=\"en_GB\" \/>\n<meta property=\"og:locale:alternate\" content=\"sl_SI\" \/>\n<meta property=\"og:type\" content=\"article\" \/>\n<meta property=\"og:title\" content=\"Other products\" \/>\n<meta property=\"og:description\" content=\"Etnogalerija SKRINA v starem mestnem jedru v Ljubljani, \u017ee od leta 1989 \u00bbbrska\u00ab po babi\u010dini skrinji in i\u0161\u010de v njej skrite, pozabljene zaklade.\" \/>\n<meta property=\"og:url\" content=\"https:\/\/skrina.si\/en\/other-products\/\" \/>\n<meta property=\"og:site_name\" content=\"Etnogalerija Skrina\" \/>\n<meta property=\"article:modified_time\" content=\"2024-06-06T15:57:47+00:00\" \/>\n<meta name=\"twitter:card\" content=\"summary_large_image\" \/>\n<meta name=\"twitter:label1\" content=\"Estimated reading time\" \/>\n\t<meta name=\"twitter:data1\" content=\"2 minutes\" \/>\n<script type=\"application\/ld+json\" class=\"yoast-schema-graph\">{\"@context\":\"https:\/\/schema.org\",\"@graph\":[{\"@type\":\"WebPage\",\"@id\":\"https:\/\/skrina.si\/en\/other-products\/\",\"url\":\"https:\/\/skrina.si\/en\/other-products\/\",\"name\":\"[:en]Other products[:sl]Other products[:] - Etnogalerija Skrina\",\"isPartOf\":{\"@id\":\"https:\/\/skrina.si\/en\/#website\"},\"datePublished\":\"2021-02-19T15:19:46+00:00\",\"dateModified\":\"2024-06-06T15:57:47+00:00\",\"description\":\"Etnogalerija SKRINA v starem mestnem jedru v Ljubljani, \u017ee od leta 1989 \u00bbbrska\u00ab po babi\u010dini skrinji in i\u0161\u010de v njej skrite, pozabljene zaklade.\",\"breadcrumb\":{\"@id\":\"https:\/\/skrina.si\/en\/other-products\/#breadcrumb\"},\"inLanguage\":\"en-GB\",\"potentialAction\":[{\"@type\":\"ReadAction\",\"target\":[\"https:\/\/skrina.si\/en\/other-products\/\"]}]},{\"@type\":\"BreadcrumbList\",\"@id\":\"https:\/\/skrina.si\/en\/other-products\/#breadcrumb\",\"itemListElement\":[{\"@type\":\"ListItem\",\"position\":1,\"name\":\"Home\",\"item\":\"https:\/\/skrina.si\/en\/\"},{\"@type\":\"ListItem\",\"position\":2,\"name\":\"Other products\"}]},{\"@type\":\"WebSite\",\"@id\":\"https:\/\/skrina.si\/en\/#website\",\"url\":\"https:\/\/skrina.si\/en\/\",\"name\":\"Etnogalerija Skrina\",\"description\":\"Tradicija s posluhom\",\"potentialAction\":[{\"@type\":\"SearchAction\",\"target\":{\"@type\":\"EntryPoint\",\"urlTemplate\":\"https:\/\/skrina.si\/en\/?s={search_term_string}\"},\"query-input\":\"required name=search_term_string\"}],\"inLanguage\":\"en-GB\"}]}<\/script>\n<!-- \/ Yoast SEO plugin. -->","yoast_head_json":{"title":"Other products - Etnogalerija Skrina","description":"Etnogalerija SKRINA v starem mestnem jedru v Ljubljani, \u017ee od leta 1989 \u00bbbrska\u00ab po babi\u010dini skrinji in i\u0161\u010de v njej skrite, pozabljene zaklade.","robots":{"index":"index","follow":"follow","max-snippet":"max-snippet:-1","max-image-preview":"max-image-preview:large","max-video-preview":"max-video-preview:-1"},"canonical":"https:\/\/skrina.si\/en\/other-products\/","og_locale":"en_GB","og_type":"article","og_title":"[:en]Other products[:sl]Other products[:] - Etnogalerija Skrina","og_description":"Etnogalerija SKRINA v starem mestnem jedru v Ljubljani, \u017ee od leta 1989 \u00bbbrska\u00ab po babi\u010dini skrinji in i\u0161\u010de v njej skrite, pozabljene zaklade.","og_url":"https:\/\/skrina.si\/en\/other-products\/","og_site_name":"Etnogalerija Skrina","article_modified_time":"2024-06-06T15:57:47+00:00","twitter_card":"summary_large_image","twitter_misc":{"Estimated reading time":"2 minutes"},"schema":{"@context":"https:\/\/schema.org","@graph":[{"@type":"WebPage","@id":"https:\/\/skrina.si\/en\/other-products\/","url":"https:\/\/skrina.si\/en\/other-products\/","name":"[:en]Other products[:sl]Other products[:] - Etnogalerija Skrina","isPartOf":{"@id":"https:\/\/skrina.si\/en\/#website"},"datePublished":"2021-02-19T15:19:46+00:00","dateModified":"2024-06-06T15:57:47+00:00","description":"Etnogalerija SKRINA v starem mestnem jedru v Ljubljani, \u017ee od leta 1989 \u00bbbrska\u00ab po babi\u010dini skrinji in i\u0161\u010de v njej skrite, pozabljene zaklade.","breadcrumb":{"@id":"https:\/\/skrina.si\/en\/other-products\/#breadcrumb"},"inLanguage":"en-GB","potentialAction":[{"@type":"ReadAction","target":["https:\/\/skrina.si\/en\/other-products\/"]}]},{"@type":"BreadcrumbList","@id":"https:\/\/skrina.si\/en\/other-products\/#breadcrumb","itemListElement":[{"@type":"ListItem","position":1,"name":"Home","item":"https:\/\/skrina.si\/en\/"},{"@type":"ListItem","position":2,"name":"Other products"}]},{"@type":"WebSite","@id":"https:\/\/skrina.si\/en\/#website","url":"https:\/\/skrina.si\/en\/","name":"Etnogalerija Skrina","description":"Tradicija s posluhom","potentialAction":[{"@type":"SearchAction","target":{"@type":"EntryPoint","urlTemplate":"https:\/\/skrina.si\/en\/?s={search_term_string}"},"query-input":"required name=search_term_string"}],"inLanguage":"en-GB"}]}},"_links":{"self":[{"href":"https:\/\/skrina.si\/en\/wp-json\/wp\/v2\/pages\/12742"}],"collection":[{"href":"https:\/\/skrina.si\/en\/wp-json\/wp\/v2\/pages"}],"about":[{"href":"https:\/\/skrina.si\/en\/wp-json\/wp\/v2\/types\/page"}],"author":[{"embeddable":true,"href":"https:\/\/skrina.si\/en\/wp-json\/wp\/v2\/users\/2"}],"replies":[{"embeddable":true,"href":"https:\/\/skrina.si\/en\/wp-json\/wp\/v2\/comments?post=12742"}],"version-history":[{"count":5,"href":"https:\/\/skrina.si\/en\/wp-json\/wp\/v2\/pages\/12742\/revisions"}],"predecessor-version":[{"id":16662,"href":"https:\/\/skrina.si\/en\/wp-json\/wp\/v2\/pages\/12742\/revisions\/16662"}],"wp:attachment":[{"href":"https:\/\/skrina.si\/en\/wp-json\/wp\/v2\/media?parent=12742"}],"curies":[{"name":"wp","href":"https:\/\/api.w.org\/{rel}","templated":true}]}}