{"id":12736,"date":"2021-09-08T14:10:32","date_gmt":"2021-09-08T14:10:32","guid":{"rendered":"https:\/\/skrina.si\/?page_id=12736"},"modified":"2024-09-21T17:30:00","modified_gmt":"2024-09-21T15:30:00","slug":"traditional-products","status":"publish","type":"page","link":"https:\/\/skrina.si\/en\/traditional-products\/","title":{"rendered":"Traditional products"},"content":{"rendered":"<p><div class=\"fusion-fullwidth fullwidth-box fusion-builder-row-1 fusion-flex-container nonhundred-percent-fullwidth non-hundred-percent-height-scrolling\" style=\"--awb-border-radius-top-left:0px;--awb-border-radius-top-right:0px;--awb-border-radius-bottom-right:0px;--awb-border-radius-bottom-left:0px;--awb-flex-wrap:wrap;\" ><div class=\"fusion-builder-row fusion-row fusion-flex-align-items-flex-start fusion-flex-content-wrap\" style=\"max-width:1560px;margin-left: calc(-4% \/ 2 );margin-right: calc(-4% \/ 2 );\"><div class=\"fusion-layout-column fusion_builder_column fusion-builder-column-0 fusion_builder_column_1_1 1_1 fusion-flex-column\" style=\"--awb-bg-size:cover;--awb-width-large:100%;--awb-margin-top-large:0px;--awb-spacing-right-large:1.92%;--awb-margin-bottom-large:20px;--awb-spacing-left-large:1.92%;--awb-width-medium:100%;--awb-order-medium:0;--awb-spacing-right-medium:1.92%;--awb-spacing-left-medium:1.92%;--awb-width-small:100%;--awb-order-small:0;--awb-spacing-right-small:1.92%;--awb-spacing-left-small:1.92%;\"><div class=\"fusion-column-wrapper fusion-column-has-shadow fusion-flex-justify-content-flex-start fusion-content-layout-column\"><div class=\"fusion-title title fusion-title-1 fusion-sep-none fusion-title-center fusion-title-text fusion-title-size-two\"><h2 class=\"fusion-title-heading title-heading-center\" style=\"margin:0;\"><h5 style=\"text-align: center;\">TRADITIONAL PRODUCTS<\/h5><\/h2><\/div><\/div><\/div><\/div><\/div><div class=\"fusion-fullwidth fullwidth-box fusion-builder-row-2 fusion-flex-container has-pattern-background has-mask-background nonhundred-percent-fullwidth non-hundred-percent-height-scrolling\" style=\"--awb-border-radius-top-left:0px;--awb-border-radius-top-right:0px;--awb-border-radius-bottom-right:0px;--awb-border-radius-bottom-left:0px;--awb-flex-wrap:wrap;\" ><div class=\"fusion-builder-row fusion-row fusion-flex-align-items-flex-start fusion-flex-content-wrap\" style=\"max-width:1560px;margin-left: calc(-4% \/ 2 );margin-right: calc(-4% \/ 2 );\"><div class=\"fusion-layout-column fusion_builder_column fusion-builder-column-1 fusion_builder_column_1_4 1_4 fusion-flex-column fusion-flex-align-self-center\" style=\"--awb-bg-size:cover;--awb-width-large:25%;--awb-margin-top-large:0px;--awb-spacing-right-large:7.68%;--awb-margin-bottom-large:20px;--awb-spacing-left-large:7.68%;--awb-width-medium:100%;--awb-order-medium:0;--awb-spacing-right-medium:1.92%;--awb-spacing-left-medium:1.92%;--awb-width-small:100%;--awb-order-small:0;--awb-spacing-right-small:1.92%;--awb-spacing-left-small:1.92%;\"><div class=\"fusion-column-wrapper fusion-column-has-shadow fusion-flex-justify-content-center fusion-content-layout-column\"><div class=\"fusion-image-element \" style=\"text-align:center;--awb-caption-title-font-family:var(--h2_typography-font-family);--awb-caption-title-font-weight:var(--h2_typography-font-weight);--awb-caption-title-font-style:var(--h2_typography-font-style);--awb-caption-title-size:var(--h2_typography-font-size);--awb-caption-title-transform:var(--h2_typography-text-transform);--awb-caption-title-line-height:var(--h2_typography-line-height);--awb-caption-title-letter-spacing:var(--h2_typography-letter-spacing);\"><span class=\" fusion-imageframe imageframe-none imageframe-1 hover-type-zoomin\"><a class=\"fusion-no-lightbox\" href=\"\/en\/lace\/\" target=\"_self\" aria-label=\"idrijska-\u010dipka-slovenska-tradicija-etno-galerija-skrina\"><img loading=\"lazy\" decoding=\"async\" width=\"301\" height=\"301\" alt=\"idrijska \u010dipka slovenska tradicija etno galerija skrina\" src=\"https:\/\/skrina.si\/wp-content\/uploads\/2022\/05\/idrijska-cipka-slovenska-tradicija-etno-galerija-skrina.jpg\" class=\"img-responsive wp-image-10025\" srcset=\"https:\/\/skrina.si\/wp-content\/uploads\/2022\/05\/idrijska-cipka-slovenska-tradicija-etno-galerija-skrina-200x200.jpg 200w, https:\/\/skrina.si\/wp-content\/uploads\/2022\/05\/idrijska-cipka-slovenska-tradicija-etno-galerija-skrina.jpg 301w\" sizes=\"(max-width: 1024px) 100vw, (max-width: 640px) 100vw, 301px\" \/><\/a><\/span><\/div><div class=\"fusion-text fusion-text-1\" style=\"--awb-content-alignment:center;--awb-text-transform:none;\"><h3 style=\"text-align: center;\"><a href=\"\/en\/lace\/\">Lace<\/a><\/h3>\n<\/div><\/div><\/div><div class=\"fusion-layout-column fusion_builder_column fusion-builder-column-2 fusion_builder_column_1_4 1_4 fusion-flex-column\" style=\"--awb-bg-size:cover;--awb-width-large:25%;--awb-margin-top-large:0px;--awb-spacing-right-large:7.68%;--awb-margin-bottom-large:20px;--awb-spacing-left-large:7.68%;--awb-width-medium:100%;--awb-order-medium:0;--awb-spacing-right-medium:1.92%;--awb-spacing-left-medium:1.92%;--awb-width-small:100%;--awb-order-small:0;--awb-spacing-right-small:1.92%;--awb-spacing-left-small:1.92%;\"><div class=\"fusion-column-wrapper fusion-column-has-shadow fusion-flex-justify-content-flex-start fusion-content-layout-column\"><div class=\"fusion-image-element \" style=\"text-align:center;--awb-caption-title-font-family:var(--h2_typography-font-family);--awb-caption-title-font-weight:var(--h2_typography-font-weight);--awb-caption-title-font-style:var(--h2_typography-font-style);--awb-caption-title-size:var(--h2_typography-font-size);--awb-caption-title-transform:var(--h2_typography-text-transform);--awb-caption-title-line-height:var(--h2_typography-line-height);--awb-caption-title-letter-spacing:var(--h2_typography-letter-spacing);\"><span class=\" fusion-imageframe imageframe-none imageframe-2 hover-type-zoomin\"><a class=\"fusion-no-lightbox\" href=\"\/en\/gorjuske-taps\/\" target=\"_self\" aria-label=\"gorju\u0161ke-pipe-slovenski-tradicionalni-izdelki-etno\"><img loading=\"lazy\" decoding=\"async\" width=\"300\" height=\"300\" alt=\"gorju\u0161ke pipe slovenski tradicionalni izdelki etno\" src=\"https:\/\/skrina.si\/wp-content\/uploads\/2022\/05\/gorjuske-pipe-slovenski-tradicionalni-izdelki-etno-300x300.jpg\" class=\"img-responsive wp-image-10026\" srcset=\"https:\/\/skrina.si\/wp-content\/uploads\/2022\/05\/gorjuske-pipe-slovenski-tradicionalni-izdelki-etno-200x201.jpg 200w, https:\/\/skrina.si\/wp-content\/uploads\/2022\/05\/gorjuske-pipe-slovenski-tradicionalni-izdelki-etno.jpg 301w\" sizes=\"(max-width: 1024px) 100vw, (max-width: 640px) 100vw, 300px\" \/><\/a><\/span><\/div><div class=\"fusion-text fusion-text-2\" style=\"--awb-content-alignment:center;--awb-text-transform:none;\"><h3 style=\"text-align: center;\"><a title=\"Gorju\u0161ke pipe\" href=\"\/en\/gorjuske-taps\/\">Gorju\u0161e pipes<\/a><\/h3>\n<\/div><\/div><\/div><div class=\"fusion-layout-column fusion_builder_column fusion-builder-column-3 fusion_builder_column_1_4 1_4 fusion-flex-column\" style=\"--awb-bg-size:cover;--awb-width-large:25%;--awb-margin-top-large:0px;--awb-spacing-right-large:7.68%;--awb-margin-bottom-large:20px;--awb-spacing-left-large:7.68%;--awb-width-medium:100%;--awb-order-medium:0;--awb-spacing-right-medium:1.92%;--awb-spacing-left-medium:1.92%;--awb-width-small:100%;--awb-order-small:0;--awb-spacing-right-small:1.92%;--awb-spacing-left-small:1.92%;\"><div class=\"fusion-column-wrapper fusion-column-has-shadow fusion-flex-justify-content-flex-start fusion-content-layout-column\"><div class=\"fusion-image-element \" style=\"text-align:center;--awb-caption-title-font-family:var(--h2_typography-font-family);--awb-caption-title-font-weight:var(--h2_typography-font-weight);--awb-caption-title-font-style:var(--h2_typography-font-style);--awb-caption-title-size:var(--h2_typography-font-size);--awb-caption-title-transform:var(--h2_typography-text-transform);--awb-caption-title-line-height:var(--h2_typography-line-height);--awb-caption-title-letter-spacing:var(--h2_typography-letter-spacing);\"><span class=\" fusion-imageframe imageframe-none imageframe-3 hover-type-zoomin\"><a class=\"fusion-no-lightbox\" href=\"\/en\/lect-2\/\" target=\"_self\" aria-label=\"lect-srce-slovenski-tradicionalni-izdelki-etno-galerija-skrina\"><img loading=\"lazy\" decoding=\"async\" width=\"300\" height=\"300\" alt=\"lect srce slovenski tradicionalni izdelki etno galerija skrina\" src=\"https:\/\/skrina.si\/wp-content\/uploads\/2022\/05\/lect-srce-slovenski-tradicionalni-izdelki-etno-galerija-skrina-300x300.jpg\" class=\"img-responsive wp-image-10027\" srcset=\"https:\/\/skrina.si\/wp-content\/uploads\/2022\/05\/lect-srce-slovenski-tradicionalni-izdelki-etno-galerija-skrina-200x200.jpg 200w, https:\/\/skrina.si\/wp-content\/uploads\/2022\/05\/lect-srce-slovenski-tradicionalni-izdelki-etno-galerija-skrina.jpg 300w\" sizes=\"(max-width: 1024px) 100vw, (max-width: 640px) 100vw, 300px\" \/><\/a><\/span><\/div><div class=\"fusion-text fusion-text-3\" style=\"--awb-content-alignment:center;--awb-text-transform:none;\"><h3 style=\"text-align: center;\"><a title=\"Lect\" href=\"\/en\/lect-2\/\">Lect<\/a><\/h3>\n<\/div><\/div><\/div><div class=\"fusion-layout-column fusion_builder_column fusion-builder-column-4 fusion_builder_column_1_4 1_4 fusion-flex-column\" style=\"--awb-bg-size:cover;--awb-width-large:25%;--awb-margin-top-large:0px;--awb-spacing-right-large:7.68%;--awb-margin-bottom-large:20px;--awb-spacing-left-large:7.68%;--awb-width-medium:100%;--awb-order-medium:0;--awb-spacing-right-medium:1.92%;--awb-spacing-left-medium:1.92%;--awb-width-small:100%;--awb-order-small:0;--awb-spacing-right-small:1.92%;--awb-spacing-left-small:1.92%;\"><div class=\"fusion-column-wrapper fusion-column-has-shadow fusion-flex-justify-content-flex-start fusion-content-layout-column\"><div class=\"fusion-image-element \" style=\"text-align:center;--awb-caption-title-font-family:var(--h2_typography-font-family);--awb-caption-title-font-weight:var(--h2_typography-font-weight);--awb-caption-title-font-style:var(--h2_typography-font-style);--awb-caption-title-size:var(--h2_typography-font-size);--awb-caption-title-transform:var(--h2_typography-text-transform);--awb-caption-title-line-height:var(--h2_typography-line-height);--awb-caption-title-letter-spacing:var(--h2_typography-letter-spacing);\"><span class=\" fusion-imageframe imageframe-none imageframe-4 hover-type-zoomin\"><a class=\"fusion-no-lightbox\" href=\"\/en\/panjske-koncnice-2\/\" target=\"_self\" aria-label=\"panjska-kon\u010dnica-poslikava-les-slovenska-tradicija\"><img loading=\"lazy\" decoding=\"async\" width=\"300\" height=\"300\" alt=\"panjska kon\u010dnica poslikava les slovenska tradicija\" src=\"https:\/\/skrina.si\/wp-content\/uploads\/2022\/05\/panjska-koncnica-poslikava-les-slovenska-tradicija-300x300.jpg\" class=\"img-responsive wp-image-10028\" srcset=\"https:\/\/skrina.si\/wp-content\/uploads\/2022\/05\/panjska-koncnica-poslikava-les-slovenska-tradicija-200x200.jpg 200w, https:\/\/skrina.si\/wp-content\/uploads\/2022\/05\/panjska-koncnica-poslikava-les-slovenska-tradicija.jpg 300w\" sizes=\"(max-width: 1024px) 100vw, (max-width: 640px) 100vw, 300px\" \/><\/a><\/span><\/div><div class=\"fusion-text fusion-text-4\" style=\"--awb-content-alignment:left;--awb-text-transform:none;\"><h3 style=\"text-align: center;\"><a href=\"\/en\/panjske-koncnice-2\/\">Beehive panels<\/a><\/h3>\n<\/div><\/div><\/div><\/div><\/div><div class=\"fusion-fullwidth fullwidth-box fusion-builder-row-3 fusion-flex-container has-pattern-background has-mask-background nonhundred-percent-fullwidth non-hundred-percent-height-scrolling\" style=\"--awb-border-radius-top-left:0px;--awb-border-radius-top-right:0px;--awb-border-radius-bottom-right:0px;--awb-border-radius-bottom-left:0px;--awb-flex-wrap:wrap;\" ><div class=\"fusion-builder-row fusion-row fusion-flex-align-items-flex-start fusion-flex-justify-content-center fusion-flex-content-wrap\" style=\"max-width:1560px;margin-left: calc(-4% \/ 2 );margin-right: calc(-4% \/ 2 );\"><div class=\"fusion-layout-column fusion_builder_column fusion-builder-column-5 fusion_builder_column_1_4 1_4 fusion-flex-column fusion-flex-align-self-center\" style=\"--awb-bg-size:cover;--awb-width-large:25%;--awb-margin-top-large:0px;--awb-spacing-right-large:7.68%;--awb-margin-bottom-large:20px;--awb-spacing-left-large:7.68%;--awb-width-medium:100%;--awb-order-medium:0;--awb-spacing-right-medium:1.92%;--awb-spacing-left-medium:1.92%;--awb-width-small:100%;--awb-order-small:0;--awb-spacing-right-small:1.92%;--awb-spacing-left-small:1.92%;\"><div class=\"fusion-column-wrapper fusion-column-has-shadow fusion-flex-justify-content-center fusion-content-layout-column\"><div class=\"fusion-image-element \" style=\"text-align:center;--awb-caption-title-font-family:var(--h2_typography-font-family);--awb-caption-title-font-weight:var(--h2_typography-font-weight);--awb-caption-title-font-style:var(--h2_typography-font-style);--awb-caption-title-size:var(--h2_typography-font-size);--awb-caption-title-transform:var(--h2_typography-text-transform);--awb-caption-title-line-height:var(--h2_typography-line-height);--awb-caption-title-letter-spacing:var(--h2_typography-letter-spacing);\"><span class=\" fusion-imageframe imageframe-none imageframe-5 hover-type-zoomin\"><a class=\"fusion-no-lightbox\" href=\"\/en\/holy-spirit\/\" target=\"_self\" aria-label=\"Sveti-duhec-Ozebek-slovenski-leseni-izdelki-pti\u010dek-etno\"><img loading=\"lazy\" decoding=\"async\" width=\"300\" height=\"300\" alt=\"Sveti duhec Ozebek slovenski leseni izdelki pti\u010dek etno\" src=\"https:\/\/skrina.si\/wp-content\/uploads\/2022\/05\/Sveti-duhec-Ozebek-slovenski-leseni-izdelki-pticek-etno-1.jpg\" class=\"img-responsive wp-image-10030\" srcset=\"https:\/\/skrina.si\/wp-content\/uploads\/2022\/05\/Sveti-duhec-Ozebek-slovenski-leseni-izdelki-pticek-etno-1-200x200.jpg 200w, https:\/\/skrina.si\/wp-content\/uploads\/2022\/05\/Sveti-duhec-Ozebek-slovenski-leseni-izdelki-pticek-etno-1.jpg 300w\" sizes=\"(max-width: 1024px) 100vw, (max-width: 640px) 100vw, 300px\" \/><\/a><\/span><\/div><div class=\"fusion-text fusion-text-5\" style=\"--awb-content-alignment:center;--awb-text-transform:none;\"><h3 style=\"text-align: center;\"><a href=\"\/en\/holy-spirit\/\">Holy spirit<\/a><\/h3>\n<\/div><\/div><\/div><div class=\"fusion-layout-column fusion_builder_column fusion-builder-column-6 fusion_builder_column_1_4 1_4 fusion-flex-column fusion-flex-align-self-center fusion-no-small-visibility fusion-no-medium-visibility\" style=\"--awb-bg-size:cover;--awb-width-large:25%;--awb-margin-top-large:0px;--awb-spacing-right-large:7.68%;--awb-margin-bottom-large:20px;--awb-spacing-left-large:7.68%;--awb-width-medium:100%;--awb-order-medium:0;--awb-spacing-right-medium:1.92%;--awb-spacing-left-medium:1.92%;--awb-width-small:100%;--awb-order-small:0;--awb-spacing-right-small:1.92%;--awb-spacing-left-small:1.92%;\"><div class=\"fusion-column-wrapper fusion-column-has-shadow fusion-flex-justify-content-center fusion-content-layout-row\"><div class=\"fusion-image-element \" style=\"--awb-caption-title-font-family:var(--h2_typography-font-family);--awb-caption-title-font-weight:var(--h2_typography-font-weight);--awb-caption-title-font-style:var(--h2_typography-font-style);--awb-caption-title-size:var(--h2_typography-font-size);--awb-caption-title-transform:var(--h2_typography-text-transform);--awb-caption-title-line-height:var(--h2_typography-line-height);--awb-caption-title-letter-spacing:var(--h2_typography-letter-spacing);\"><span class=\" fusion-imageframe imageframe-none imageframe-6 hover-type-zoomin\"><a class=\"fusion-no-lightbox\" href=\"https:\/\/skrina.si\/en\/belokranjske-pisanice-2\/\" target=\"_self\" aria-label=\"Belokranjske-pisanice-velikonocni-pirhi-tradicija-Velika-noc\"><img loading=\"lazy\" decoding=\"async\" width=\"300\" height=\"300\" alt=\"Belokranjske pisanice velikono\u010dni pirhi tradicija Velika no\u010d Nada Cvitkovi\u010d Adle\u0161i\u010di\" src=\"https:\/\/skrina.si\/wp-content\/uploads\/2022\/05\/Belokranjske-pisanice-velikonocni-pirhi-tradicija-Velika-noc-300x300.jpg\" class=\"img-responsive wp-image-10031\" srcset=\"https:\/\/skrina.si\/wp-content\/uploads\/2022\/05\/Belokranjske-pisanice-velikonocni-pirhi-tradicija-Velika-noc-200x200.jpg 200w, https:\/\/skrina.si\/wp-content\/uploads\/2022\/05\/Belokranjske-pisanice-velikonocni-pirhi-tradicija-Velika-noc.jpg 300w\" sizes=\"(max-width: 1024px) 100vw, (max-width: 640px) 100vw, 300px\" \/><\/a><\/span><\/div><div class=\"fusion-text fusion-text-6\" style=\"--awb-content-alignment:center;--awb-text-transform:none;\"><h3 style=\"text-align: center;\"><span class=\"Y2IQFc\" lang=\"en\"><a href=\"https:\/\/skrina.si\/en\/belokranjske-pisanice-2\/\">Easter eggs<\/a><\/span><\/h3>\n<\/div><\/div><\/div><div class=\"fusion-layout-column fusion_builder_column fusion-builder-column-7 fusion_builder_column_1_4 1_4 fusion-flex-column fusion-flex-align-self-center\" style=\"--awb-bg-size:cover;--awb-width-large:25%;--awb-margin-top-large:0px;--awb-spacing-right-large:7.68%;--awb-margin-bottom-large:20px;--awb-spacing-left-large:7.68%;--awb-width-medium:100%;--awb-order-medium:0;--awb-spacing-right-medium:1.92%;--awb-spacing-left-medium:1.92%;--awb-width-small:100%;--awb-order-small:0;--awb-spacing-right-small:1.92%;--awb-spacing-left-small:1.92%;\"><div class=\"fusion-column-wrapper fusion-column-has-shadow fusion-flex-justify-content-center fusion-content-layout-column\"><div class=\"fusion-image-element \" style=\"text-align:center;--awb-caption-title-font-family:var(--h2_typography-font-family);--awb-caption-title-font-weight:var(--h2_typography-font-weight);--awb-caption-title-font-style:var(--h2_typography-font-style);--awb-caption-title-size:var(--h2_typography-font-size);--awb-caption-title-transform:var(--h2_typography-text-transform);--awb-caption-title-line-height:var(--h2_typography-line-height);--awb-caption-title-letter-spacing:var(--h2_typography-letter-spacing);\"><span class=\" fusion-imageframe imageframe-none imageframe-7 hover-type-zoomin\"><a class=\"fusion-no-lightbox\" href=\"\/en\/chests\/\" target=\"_self\" aria-label=\"lesena-skrinja-poslikava-na-lesu-tradicionalni-slovenski-izdelki-etno\"><img loading=\"lazy\" decoding=\"async\" width=\"300\" height=\"300\" alt=\"lesena skrinja poslikava na lesu tradicionalni slovenski izdelki etno\" src=\"https:\/\/skrina.si\/wp-content\/uploads\/2022\/05\/lesena-skrinja-poslikava-na-lesu-tradicionalni-slovenski-izdelki-etno.jpg\" class=\"img-responsive wp-image-10032\" srcset=\"https:\/\/skrina.si\/wp-content\/uploads\/2022\/05\/lesena-skrinja-poslikava-na-lesu-tradicionalni-slovenski-izdelki-etno-200x200.jpg 200w, https:\/\/skrina.si\/wp-content\/uploads\/2022\/05\/lesena-skrinja-poslikava-na-lesu-tradicionalni-slovenski-izdelki-etno.jpg 300w\" sizes=\"(max-width: 1024px) 100vw, (max-width: 640px) 100vw, 300px\" \/><\/a><\/span><\/div><div class=\"fusion-text fusion-text-7\" style=\"--awb-content-alignment:center;--awb-text-transform:none;--awb-margin-left:0px;\"><h3 style=\"text-align: center;\"><a href=\"\/en\/chests\/\">Chests<\/a><\/h3>\n<\/div><\/div><\/div><div class=\"fusion-layout-column fusion_builder_column fusion-builder-column-8 fusion_builder_column_1_4 1_4 fusion-flex-column\" style=\"--awb-bg-size:cover;--awb-width-large:25%;--awb-margin-top-large:0px;--awb-spacing-right-large:7.68%;--awb-margin-bottom-large:20px;--awb-spacing-left-large:7.68%;--awb-width-medium:100%;--awb-order-medium:0;--awb-spacing-right-medium:1.92%;--awb-spacing-left-medium:1.92%;--awb-width-small:100%;--awb-order-small:0;--awb-spacing-right-small:1.92%;--awb-spacing-left-small:1.92%;\"><div class=\"fusion-column-wrapper fusion-column-has-shadow fusion-flex-justify-content-flex-start fusion-content-layout-column\"><div class=\"fusion-image-element \" style=\"text-align:center;--awb-caption-title-font-family:var(--h2_typography-font-family);--awb-caption-title-font-weight:var(--h2_typography-font-weight);--awb-caption-title-font-style:var(--h2_typography-font-style);--awb-caption-title-size:var(--h2_typography-font-size);--awb-caption-title-transform:var(--h2_typography-text-transform);--awb-caption-title-line-height:var(--h2_typography-line-height);--awb-caption-title-letter-spacing:var(--h2_typography-letter-spacing);\"><span class=\" fusion-imageframe imageframe-none imageframe-8 hover-type-zoomin\"><a class=\"fusion-no-lightbox\" href=\"\/en\/paintings-from-the-chest\/\" target=\"_self\" aria-label=\"Poslikava-na-lesu-tradicionalni-etno-vzorci-slovenski-izdelek\"><img loading=\"lazy\" decoding=\"async\" width=\"300\" height=\"303\" alt=\"Poslikava na lesu tradicionalni etno vzorci slovenski izdelek\" src=\"https:\/\/skrina.si\/wp-content\/uploads\/2022\/05\/Poslikava-na-lesu-tradicionalni-etno-vzorci-slovenski-izdelek.jpg\" class=\"img-responsive wp-image-10100\" srcset=\"https:\/\/skrina.si\/wp-content\/uploads\/2022\/05\/Poslikava-na-lesu-tradicionalni-etno-vzorci-slovenski-izdelek-200x202.jpg 200w, https:\/\/skrina.si\/wp-content\/uploads\/2022\/05\/Poslikava-na-lesu-tradicionalni-etno-vzorci-slovenski-izdelek.jpg 300w\" sizes=\"(max-width: 1024px) 100vw, (max-width: 640px) 100vw, 300px\" \/><\/a><\/span><\/div><div class=\"fusion-text fusion-text-8\" style=\"--awb-content-alignment:left;--awb-text-transform:none;\"><h3 style=\"text-align: center;\"><a href=\"\/en\/paintings-from-the-chest\/\">Paintings from the chests<\/a><\/h3>\n<div class=\"fusion-separator fusion-full-width-sep\"><\/div>\n<\/div><\/div><\/div><\/div><\/div><\/p>\n","protected":false},"excerpt":{"rendered":"","protected":false},"author":2,"featured_media":0,"parent":0,"menu_order":0,"comment_status":"closed","ping_status":"closed","template":"","meta":{"_monsterinsights_skip_tracking":false,"_monsterinsights_sitenote_active":false,"_monsterinsights_sitenote_note":"","_monsterinsights_sitenote_category":0,"footnotes":""},"aioseo_notices":[],"yoast_head":"<!-- This site is optimized with the Yoast SEO plugin v22.1 - https:\/\/yoast.com\/wordpress\/plugins\/seo\/ -->\n<title>Traditional products - Etnogalerija Skrina<\/title>\n<meta name=\"robots\" content=\"index, follow, max-snippet:-1, max-image-preview:large, max-video-preview:-1\" \/>\n<link rel=\"canonical\" href=\"https:\/\/skrina.si\/en\/traditional-products\/\" \/>\n<meta property=\"og:locale\" content=\"en_GB\" \/>\n<meta property=\"og:locale:alternate\" content=\"sl_SI\" \/>\n<meta property=\"og:type\" content=\"article\" \/>\n<meta property=\"og:title\" content=\"Traditional products\" \/>\n<meta property=\"og:url\" content=\"https:\/\/skrina.si\/en\/traditional-products\/\" \/>\n<meta property=\"og:site_name\" content=\"Etnogalerija Skrina\" \/>\n<meta property=\"article:modified_time\" content=\"2024-09-21T15:30:00+00:00\" \/>\n<meta name=\"twitter:card\" content=\"summary_large_image\" \/>\n<script type=\"application\/ld+json\" class=\"yoast-schema-graph\">{\"@context\":\"https:\/\/schema.org\",\"@graph\":[{\"@type\":\"WebPage\",\"@id\":\"https:\/\/skrina.si\/en\/traditional-products\/\",\"url\":\"https:\/\/skrina.si\/en\/traditional-products\/\",\"name\":\"[:en]Traditional products[:sl]Traditional products[:] - Etnogalerija Skrina\",\"isPartOf\":{\"@id\":\"https:\/\/skrina.si\/en\/#website\"},\"datePublished\":\"2021-09-08T14:10:32+00:00\",\"dateModified\":\"2024-09-21T15:30:00+00:00\",\"breadcrumb\":{\"@id\":\"https:\/\/skrina.si\/en\/traditional-products\/#breadcrumb\"},\"inLanguage\":\"en-GB\",\"potentialAction\":[{\"@type\":\"ReadAction\",\"target\":[\"https:\/\/skrina.si\/en\/traditional-products\/\"]}]},{\"@type\":\"BreadcrumbList\",\"@id\":\"https:\/\/skrina.si\/en\/traditional-products\/#breadcrumb\",\"itemListElement\":[{\"@type\":\"ListItem\",\"position\":1,\"name\":\"Home\",\"item\":\"https:\/\/skrina.si\/en\/\"},{\"@type\":\"ListItem\",\"position\":2,\"name\":\"Traditional products\"}]},{\"@type\":\"WebSite\",\"@id\":\"https:\/\/skrina.si\/en\/#website\",\"url\":\"https:\/\/skrina.si\/en\/\",\"name\":\"Etnogalerija Skrina\",\"description\":\"Tradicija s posluhom\",\"potentialAction\":[{\"@type\":\"SearchAction\",\"target\":{\"@type\":\"EntryPoint\",\"urlTemplate\":\"https:\/\/skrina.si\/en\/?s={search_term_string}\"},\"query-input\":\"required name=search_term_string\"}],\"inLanguage\":\"en-GB\"}]}<\/script>\n<!-- \/ Yoast SEO plugin. -->","yoast_head_json":{"title":"Traditional products - Etnogalerija Skrina","robots":{"index":"index","follow":"follow","max-snippet":"max-snippet:-1","max-image-preview":"max-image-preview:large","max-video-preview":"max-video-preview:-1"},"canonical":"https:\/\/skrina.si\/en\/traditional-products\/","og_locale":"en_GB","og_type":"article","og_title":"[:en]Traditional products[:sl]Traditional products[:] - Etnogalerija Skrina","og_url":"https:\/\/skrina.si\/en\/traditional-products\/","og_site_name":"Etnogalerija Skrina","article_modified_time":"2024-09-21T15:30:00+00:00","twitter_card":"summary_large_image","schema":{"@context":"https:\/\/schema.org","@graph":[{"@type":"WebPage","@id":"https:\/\/skrina.si\/en\/traditional-products\/","url":"https:\/\/skrina.si\/en\/traditional-products\/","name":"[:en]Traditional products[:sl]Traditional products[:] - Etnogalerija Skrina","isPartOf":{"@id":"https:\/\/skrina.si\/en\/#website"},"datePublished":"2021-09-08T14:10:32+00:00","dateModified":"2024-09-21T15:30:00+00:00","breadcrumb":{"@id":"https:\/\/skrina.si\/en\/traditional-products\/#breadcrumb"},"inLanguage":"en-GB","potentialAction":[{"@type":"ReadAction","target":["https:\/\/skrina.si\/en\/traditional-products\/"]}]},{"@type":"BreadcrumbList","@id":"https:\/\/skrina.si\/en\/traditional-products\/#breadcrumb","itemListElement":[{"@type":"ListItem","position":1,"name":"Home","item":"https:\/\/skrina.si\/en\/"},{"@type":"ListItem","position":2,"name":"Traditional products"}]},{"@type":"WebSite","@id":"https:\/\/skrina.si\/en\/#website","url":"https:\/\/skrina.si\/en\/","name":"Etnogalerija Skrina","description":"Tradicija s posluhom","potentialAction":[{"@type":"SearchAction","target":{"@type":"EntryPoint","urlTemplate":"https:\/\/skrina.si\/en\/?s={search_term_string}"},"query-input":"required name=search_term_string"}],"inLanguage":"en-GB"}]}},"_links":{"self":[{"href":"https:\/\/skrina.si\/en\/wp-json\/wp\/v2\/pages\/12736"}],"collection":[{"href":"https:\/\/skrina.si\/en\/wp-json\/wp\/v2\/pages"}],"about":[{"href":"https:\/\/skrina.si\/en\/wp-json\/wp\/v2\/types\/page"}],"author":[{"embeddable":true,"href":"https:\/\/skrina.si\/en\/wp-json\/wp\/v2\/users\/2"}],"replies":[{"embeddable":true,"href":"https:\/\/skrina.si\/en\/wp-json\/wp\/v2\/comments?post=12736"}],"version-history":[{"count":7,"href":"https:\/\/skrina.si\/en\/wp-json\/wp\/v2\/pages\/12736\/revisions"}],"predecessor-version":[{"id":17160,"href":"https:\/\/skrina.si\/en\/wp-json\/wp\/v2\/pages\/12736\/revisions\/17160"}],"wp:attachment":[{"href":"https:\/\/skrina.si\/en\/wp-json\/wp\/v2\/media?parent=12736"}],"curies":[{"name":"wp","href":"https:\/\/api.w.org\/{rel}","templated":true}]}}